{"id":693889,"date":"2025-08-27T14:17:32","date_gmt":"2025-08-27T11:17:32","guid":{"rendered":"https:\/\/roveyayinevi.com.tr\/index.php\/urun\/16-yuzyilda-istanbul\/"},"modified":"2026-04-16T02:03:49","modified_gmt":"2026-04-15T23:03:49","slug":"16-yuzyilda-istanbul","status":"publish","type":"product","link":"https:\/\/roveyayinevi.com.tr\/index.php\/urun\/16-yuzyilda-istanbul\/","title":{"rendered":"16. Y\u00fczy\u0131lda \u0130stanbul"},"content":{"rendered":"<p>Metin And, \u0130stanbul&#8217;a hayran bir \u0130stanbullu. Gen\u00e7 ya\u015fta ayr\u0131l\u0131p k\u0131sa s\u00fcreli ziyaretler i\u00e7in gelip gitti\u011fi bu kente onu en parlak y\u00fczy\u0131l\u0131ndaki haliyle anlatarak borcunu \u00f6demi\u015f. 16. Y\u00fczy\u0131lda \u0130stanbul, b\u00fcy\u00fck \u00f6l\u00e7\u00fcde bilgilendirici, e\u011flendirici ve d\u00fcnden bug\u00fcne kar\u015f\u0131la\u015ft\u0131rma yapmaya elveri\u015fli resim okuma larla donat\u0131lm\u0131\u015f bir kitap. Asl\u0131nda yabanc\u0131lar\u0131n kalem ve f\u0131r\u00e7as\u0131yla \u00e7izilmi\u015f b\u00fcy\u00fck bir \u0130stanbul Panoramas\u0131. Bu panoramaya bak\u0131nca \u0130stanbul&#8217;u Kent &#8211; Saray &#8211; G\u00fcnl\u00fck Ya\u015fam gibi kesitlere b\u00f6l\u00fcnm\u00fc\u015f olarak g\u00f6r\u00fcyorsunuz. Her b\u00f6l\u00fcm kendi karakterine uygun resimlerle, resimlerde g\u00f6r\u00fclenlere ili\u015fkin a\u00e7\u0131klamalarla ele al\u0131nm\u0131\u015f ve \u0130stanbul yemye\u015fil, huzur i\u00e7inde, toplumsal ya\u015fam\u0131 uyumlu bir kent olarak yans\u0131t\u0131lm\u0131\u015f. 16. Y\u00fczy\u0131lda \u0130stanbul, bu b\u00fcy\u00fck kenti tan\u0131maya, sevmeye yard\u0131mc\u0131 olarak, merak etti\u011fimiz bir\u00e7ok soruyu cevapland\u0131racak, ad\u0131 var kendisi yok ya da ancak izleri kalm\u0131\u015f Bizans ve Osmanl\u0131 an\u0131tlar\u0131n\u0131 eski \u00e7izimleriyle tan\u0131mam\u0131z\u0131 sa\u011flayacak, bug\u00fcne kalanlar\u0131n ise eskiden nas\u0131l oldu\u011funu g\u00f6sterecek bir klavuz, bir el kitab\u0131 asl\u0131nda&#8230; \ufffc<\/p>\n","protected":false},"excerpt":{"rendered":"<p>Metin And, \u0130stanbul&#8217;a hayran bir \u0130stanbullu. Gen\u00e7 ya\u015fta ayr\u0131l\u0131p k\u0131sa s\u00fcreli ziyaretler i\u00e7in gelip gitti\u011fi bu kente onu en parlak y\u00fczy\u0131l\u0131ndaki haliyle anlatarak borcunu \u00f6demi\u015f. 16.<span class=\"excerpt-hellip\"> [\u2026]<\/span><\/p>\n","protected":false},"featured_media":0,"template":"","meta":{"_monsterinsights_skip_tracking":false,"_monsterinsights_sitenote_active":false,"_monsterinsights_sitenote_note":"","_monsterinsights_sitenote_category":0},"product_brand":[],"product_cat":[16169,12408],"product_tag":[],"class_list":{"0":"post-693889","1":"product","2":"type-product","3":"status-publish","5":"product_cat-geleneksel-sanatlar","6":"product_cat-sanat","7":"pa_cilt-ciltsiz","8":"pa_tur-kitap","9":"pa_yayinevi-yapi-kredi-yayinlari","10":"pa_yazar-metin-and","12":"first","13":"instock","14":"sale","15":"shipping-taxable","16":"purchasable","17":"product-type-simple"},"_links":{"self":[{"href":"https:\/\/roveyayinevi.com.tr\/index.php\/wp-json\/wp\/v2\/product\/693889","targetHints":{"allow":["GET"]}}],"collection":[{"href":"https:\/\/roveyayinevi.com.tr\/index.php\/wp-json\/wp\/v2\/product"}],"about":[{"href":"https:\/\/roveyayinevi.com.tr\/index.php\/wp-json\/wp\/v2\/types\/product"}],"wp:attachment":[{"href":"https:\/\/roveyayinevi.com.tr\/index.php\/wp-json\/wp\/v2\/media?parent=693889"}],"wp:term":[{"taxonomy":"product_brand","embeddable":true,"href":"https:\/\/roveyayinevi.com.tr\/index.php\/wp-json\/wp\/v2\/product_brand?post=693889"},{"taxonomy":"product_cat","embeddable":true,"href":"https:\/\/roveyayinevi.com.tr\/index.php\/wp-json\/wp\/v2\/product_cat?post=693889"},{"taxonomy":"product_tag","embeddable":true,"href":"https:\/\/roveyayinevi.com.tr\/index.php\/wp-json\/wp\/v2\/product_tag?post=693889"}],"curies":[{"name":"wp","href":"https:\/\/api.w.org\/{rel}","templated":true}]}}