{"id":693886,"date":"2025-08-27T14:17:32","date_gmt":"2025-08-27T11:17:32","guid":{"rendered":"https:\/\/roveyayinevi.com.tr\/index.php\/urun\/hz-ebubekir-r-a\/"},"modified":"2026-04-16T02:03:49","modified_gmt":"2026-04-15T23:03:49","slug":"hz-ebubekir-r-a","status":"publish","type":"product","link":"https:\/\/roveyayinevi.com.tr\/index.php\/urun\/hz-ebubekir-r-a\/","title":{"rendered":"Hz. Ebubekir (R.A.)"},"content":{"rendered":"<p>\ufffcSiyer \u00f6d\u00fcll\u00fc yazar\u0131m\u0131z Salih Suru\u00e7, her evde, her g\u00f6n\u00fclde yer bulan Allah&#8217;\u0131n El\u00e7isi Hz. Muhammed&#8217;in Hayat\u0131 kitab\u0131ndan sonra, Asr\u0131 Saadetin g\u00f6zbebe\u011fi Hz. Ebubekir S\u0131ddik&#8217;\u0131n da hayat\u0131n\u0131 okuyucuyla bulu\u015fturuyor. Fazilet, g\u00fczellik ve hay\u0131rla ge\u00e7en bu imrenilecek hayat hik\u00e2yesini, onunla ya\u015f\u0131yor gibi okuyacaks\u0131n\u0131z.<\/p>\n","protected":false},"excerpt":{"rendered":"<p>\ufffcSiyer \u00f6d\u00fcll\u00fc yazar\u0131m\u0131z Salih Suru\u00e7, her evde, her g\u00f6n\u00fclde yer bulan Allah&#8217;\u0131n El\u00e7isi Hz. Muhammed&#8217;in Hayat\u0131 kitab\u0131ndan sonra, Asr\u0131 Saadetin g\u00f6zbebe\u011fi Hz. Ebubekir S\u0131ddik&#8217;\u0131n da hayat\u0131n\u0131<span class=\"excerpt-hellip\"> [\u2026]<\/span><\/p>\n","protected":false},"featured_media":0,"template":"","meta":{"_monsterinsights_skip_tracking":false,"_monsterinsights_sitenote_active":false,"_monsterinsights_sitenote_note":"","_monsterinsights_sitenote_category":0},"product_brand":[],"product_cat":[12718,12719,18109],"product_tag":[],"class_list":{"0":"post-693886","1":"product","2":"type-product","3":"status-publish","5":"product_cat-din","6":"product_cat-islam","7":"product_cat-islam-tarihi","8":"pa_cilt-ciltsiz","9":"pa_tur-kitap","10":"pa_yayinevi-timas-yayinlari","11":"pa_yazar-salih-suruc","13":"first","14":"instock","15":"sale","16":"shipping-taxable","17":"purchasable","18":"product-type-simple"},"_links":{"self":[{"href":"https:\/\/roveyayinevi.com.tr\/index.php\/wp-json\/wp\/v2\/product\/693886","targetHints":{"allow":["GET"]}}],"collection":[{"href":"https:\/\/roveyayinevi.com.tr\/index.php\/wp-json\/wp\/v2\/product"}],"about":[{"href":"https:\/\/roveyayinevi.com.tr\/index.php\/wp-json\/wp\/v2\/types\/product"}],"wp:attachment":[{"href":"https:\/\/roveyayinevi.com.tr\/index.php\/wp-json\/wp\/v2\/media?parent=693886"}],"wp:term":[{"taxonomy":"product_brand","embeddable":true,"href":"https:\/\/roveyayinevi.com.tr\/index.php\/wp-json\/wp\/v2\/product_brand?post=693886"},{"taxonomy":"product_cat","embeddable":true,"href":"https:\/\/roveyayinevi.com.tr\/index.php\/wp-json\/wp\/v2\/product_cat?post=693886"},{"taxonomy":"product_tag","embeddable":true,"href":"https:\/\/roveyayinevi.com.tr\/index.php\/wp-json\/wp\/v2\/product_tag?post=693886"}],"curies":[{"name":"wp","href":"https:\/\/api.w.org\/{rel}","templated":true}]}}