{"id":693885,"date":"2025-08-27T14:17:32","date_gmt":"2025-08-27T11:17:32","guid":{"rendered":"https:\/\/roveyayinevi.com.tr\/index.php\/urun\/rus-ve-ingilizlere-karsi-bir-osmanli-zabiti\/"},"modified":"2026-04-16T02:03:49","modified_gmt":"2026-04-15T23:03:49","slug":"rus-ve-ingilizlere-karsi-bir-osmanli-zabiti","status":"publish","type":"product","link":"https:\/\/roveyayinevi.com.tr\/index.php\/urun\/rus-ve-ingilizlere-karsi-bir-osmanli-zabiti\/","title":{"rendered":"Rus ve \u0130ngilizlere Kar\u015f\u0131 Bir Osmanl\u0131 Zabiti"},"content":{"rendered":"<p>Birinci D\u00fcnya Sava\u015f\u0131\u2018n\u0131n, hakk\u0131nda en az bilgiye sahip oldu\u011fumuz cephelerinden biri olan Irak Cephesi\u2018nde yaz\u0131lan M\u00fcl\u00e2z\u0131m-\u0131 s\u00e2ni Serezli Mehmed Rag\u0131b Efendi\u2018nin g\u00fcnl\u00fc\u011f\u00fc 93 y\u0131l sonra g\u00fcn y\u00fcz\u00fcne \u00e7\u0131k\u0131yor. Serezli Mehmed Rag\u0131b Efendi, \u0130stanbul Polis Te\u015fkil\u00e2t\u0131\u2018nda \u00e7al\u0131\u015f\u0131rken sava\u015f patlak veriyor ve kendisi vatan\u00ee g\u00f6revini yapmak \u00fczere \u00fcste\u011fmen olarak Irak Cephesi\u2018ne gidiyor. \u00d6nce \u0130ran s\u0131n\u0131r\u0131ndaki S\u00fcleymaniye\u2018de Ruslara kar\u015f\u0131 ve daha sonra Ruslar\u0131n geri \u00e7ekilmesiyle \u0130ngilizlerle sava\u015fan Serezli Mehmed Rag\u0131b Efendi, g\u00fcnl\u00fc\u011f\u00fcnde Irak Cephesi\u2018nde Birinci D\u00fcnya Sava\u015f\u0131\u2018n\u0131n nas\u0131l ge\u00e7ti\u011fine dair bir\u00e7ok bilinmeyen bilgiyi sunuyor. <\/p>\n","protected":false},"excerpt":{"rendered":"<p>Birinci D\u00fcnya Sava\u015f\u0131\u2018n\u0131n, hakk\u0131nda en az bilgiye sahip oldu\u011fumuz cephelerinden biri olan Irak Cephesi\u2018nde yaz\u0131lan M\u00fcl\u00e2z\u0131m-\u0131 s\u00e2ni Serezli Mehmed Rag\u0131b Efendi\u2018nin g\u00fcnl\u00fc\u011f\u00fc 93 y\u0131l sonra g\u00fcn<span class=\"excerpt-hellip\"> [\u2026]<\/span><\/p>\n","protected":false},"featured_media":0,"template":"","meta":{"_monsterinsights_skip_tracking":false,"_monsterinsights_sitenote_active":false,"_monsterinsights_sitenote_note":"","_monsterinsights_sitenote_category":0},"product_brand":[],"product_cat":[12291,12745],"product_tag":[],"class_list":{"0":"post-693885","1":"product","2":"type-product","3":"status-publish","5":"product_cat-edebiyat","6":"product_cat-tarihi-roman","7":"pa_tur-kitap","8":"pa_yayinevi-timas-yayinlari","9":"pa_yazar-serezli-mehmed-ragib","11":"first","12":"instock","13":"sale","14":"shipping-taxable","15":"purchasable","16":"product-type-simple"},"_links":{"self":[{"href":"https:\/\/roveyayinevi.com.tr\/index.php\/wp-json\/wp\/v2\/product\/693885","targetHints":{"allow":["GET"]}}],"collection":[{"href":"https:\/\/roveyayinevi.com.tr\/index.php\/wp-json\/wp\/v2\/product"}],"about":[{"href":"https:\/\/roveyayinevi.com.tr\/index.php\/wp-json\/wp\/v2\/types\/product"}],"wp:attachment":[{"href":"https:\/\/roveyayinevi.com.tr\/index.php\/wp-json\/wp\/v2\/media?parent=693885"}],"wp:term":[{"taxonomy":"product_brand","embeddable":true,"href":"https:\/\/roveyayinevi.com.tr\/index.php\/wp-json\/wp\/v2\/product_brand?post=693885"},{"taxonomy":"product_cat","embeddable":true,"href":"https:\/\/roveyayinevi.com.tr\/index.php\/wp-json\/wp\/v2\/product_cat?post=693885"},{"taxonomy":"product_tag","embeddable":true,"href":"https:\/\/roveyayinevi.com.tr\/index.php\/wp-json\/wp\/v2\/product_tag?post=693885"}],"curies":[{"name":"wp","href":"https:\/\/api.w.org\/{rel}","templated":true}]}}