{"id":693883,"date":"2025-08-27T14:17:31","date_gmt":"2025-08-27T11:17:31","guid":{"rendered":"https:\/\/roveyayinevi.com.tr\/index.php\/urun\/para-mara-makara\/"},"modified":"2026-04-16T02:03:49","modified_gmt":"2026-04-15T23:03:49","slug":"para-mara-makara","status":"publish","type":"product","link":"https:\/\/roveyayinevi.com.tr\/index.php\/urun\/para-mara-makara\/","title":{"rendered":"Para-Mara Makara"},"content":{"rendered":"<p>Napolyon bo\u015funa &#8220;Para, Para, Para!&#8221; dememi\u015f! Hemen her i\u015fin ba\u015f\u0131 para!  Karn\u0131m\u0131z\u0131 doyurmak i\u00e7in ald\u0131\u011f\u0131m\u0131z yiyecekler, i\u00e7ecekler\u2026 Geceleri uyudu\u011fumuz s\u0131cac\u0131k evimiz\u2026  Otob\u00fcse, vapura, trene binmek\u2026  En sevdi\u011fimiz kitaplar, dergiler\u2026 Ailece sinemaya ya da tiyatroya gitmenin keyfi\u2026 Hayatta kalmak i\u00e7in ihtiyac\u0131m\u0131z olan temiz su bile parayla! \u00d6yle ise paran\u0131n k\u0131ymetini bilmek gerek\u2026 Paray\u0131 do\u011fru y\u00f6netmek i\u00e7i ise \u00f6nce ekonomi kavram\u0131n\u0131n tarihini, ard\u0131ndan aile ekonomisinden ba\u015flayarak bankalar, \u015firketler ve devletlerin de d\u00e2hil oldu\u011fu ekonomik hayat\u0131n s\u0131rlar\u0131n\u0131 \u00f6\u011frenmek gerek\u2026 Merak etmeyin bunun i\u00e7in uzuuuun ve s\u0131k\u0131c\u0131 ara\u015ft\u0131rmalar yapman\u0131za gerek yok! Mazlum Ak\u0131n sizler i\u00e7in paran\u0131n kitab\u0131n\u0131 yazd\u0131\u2026 Size de e\u011flenceli bir dil ve birbirinden komik karikat\u00fcrler e\u015fli\u011finde kitab\u0131 keyifle okumak kald\u0131. Peki, bu kitapta neler mi var? Neler yok ki! &#8211; \u0130nsanlar\u0131n para icat edilmeden \u00f6nce mal de\u011fi\u015f toku\u015fuyla ba\u015flayan ilk al\u0131\u015fveri\u015flerinden itibaren ekonominin ve paran\u0131n tarihi, &#8211; Ge\u00e7mi\u015fteki devletlerin paralara verdikleri bayku\u015f, kaplumba\u011fa gibi ilgin\u00e7 isimler, &#8211; B\u00fct\u00e7enin ne oldu\u011fu, nas\u0131l tasarruf yap\u0131laca\u011f\u0131, &#8211; Bir \u00fclke ekonomisinin nas\u0131l i\u015fledi\u011fi, &#8211; Havalar\u0131ndan ge\u00e7ilmeyen bankalarda hangi i\u015flemlerin yap\u0131ld\u0131\u011f\u0131, &#8211; Haberlerde duydu\u011fumuzda hi\u00e7bir \u015fey anlamad\u0131\u011f\u0131m\u0131z ekonomik terimlerin ne anlama geldi\u011fi\u2026 Ayr\u0131ca, ileride para kazanmak i\u00e7in se\u00e7ece\u011finiz mesleklerden hangisinin size uygun oldu\u011funu \u00f6\u011frenebilece\u011finiz bir test ve kendi b\u00fct\u00e7enizi y\u00f6netece\u011finiz gelir-gider tablosu da sizleri bekliyor\u2026<\/p>\n","protected":false},"excerpt":{"rendered":"<p>Napolyon bo\u015funa &#8220;Para, Para, Para!&#8221; dememi\u015f! Hemen her i\u015fin ba\u015f\u0131 para! Karn\u0131m\u0131z\u0131 doyurmak i\u00e7in ald\u0131\u011f\u0131m\u0131z yiyecekler, i\u00e7ecekler\u2026 Geceleri uyudu\u011fumuz s\u0131cac\u0131k evimiz\u2026 Otob\u00fcse, vapura, trene binmek\u2026 En<span class=\"excerpt-hellip\"> [\u2026]<\/span><\/p>\n","protected":false},"featured_media":0,"template":"","meta":{"_monsterinsights_skip_tracking":false,"_monsterinsights_sitenote_active":false,"_monsterinsights_sitenote_note":"","_monsterinsights_sitenote_category":0},"product_brand":[],"product_cat":[12477,12364],"product_tag":[],"class_list":{"0":"post-693883","1":"product","2":"type-product","3":"status-publish","5":"product_cat-eglence-mizah","6":"product_cat-genel-konular","7":"pa_cilt-ciltsiz","8":"pa_tur-kitap","9":"pa_yayinevi-timas-yayinlari","10":"pa_yazar-mazlum-akin","12":"first","13":"instock","14":"sale","15":"shipping-taxable","16":"purchasable","17":"product-type-simple"},"_links":{"self":[{"href":"https:\/\/roveyayinevi.com.tr\/index.php\/wp-json\/wp\/v2\/product\/693883","targetHints":{"allow":["GET"]}}],"collection":[{"href":"https:\/\/roveyayinevi.com.tr\/index.php\/wp-json\/wp\/v2\/product"}],"about":[{"href":"https:\/\/roveyayinevi.com.tr\/index.php\/wp-json\/wp\/v2\/types\/product"}],"wp:attachment":[{"href":"https:\/\/roveyayinevi.com.tr\/index.php\/wp-json\/wp\/v2\/media?parent=693883"}],"wp:term":[{"taxonomy":"product_brand","embeddable":true,"href":"https:\/\/roveyayinevi.com.tr\/index.php\/wp-json\/wp\/v2\/product_brand?post=693883"},{"taxonomy":"product_cat","embeddable":true,"href":"https:\/\/roveyayinevi.com.tr\/index.php\/wp-json\/wp\/v2\/product_cat?post=693883"},{"taxonomy":"product_tag","embeddable":true,"href":"https:\/\/roveyayinevi.com.tr\/index.php\/wp-json\/wp\/v2\/product_tag?post=693883"}],"curies":[{"name":"wp","href":"https:\/\/api.w.org\/{rel}","templated":true}]}}