{"id":693880,"date":"2025-08-27T14:17:30","date_gmt":"2025-08-27T11:17:30","guid":{"rendered":"https:\/\/roveyayinevi.com.tr\/index.php\/urun\/aysegul-36-kucuk-anne\/"},"modified":"2026-04-16T02:03:49","modified_gmt":"2026-04-15T23:03:49","slug":"aysegul-36-kucuk-anne","status":"publish","type":"product","link":"https:\/\/roveyayinevi.com.tr\/index.php\/urun\/aysegul-36-kucuk-anne\/","title":{"rendered":"Ay\u015feg\u00fcl 36 &#8211; K\u00fc\u00e7\u00fck Anne"},"content":{"rendered":"<p>Ay\u015feg\u00fcl 1.Karde\u015fimi \u00c7ok Seviyorum 2.Ya\u015fas\u0131n Okul A\u00e7\u0131l\u0131yor! 3.Amerika&#8217;ya Vapurla Yolculuk 4.Ev \u0130\u015flerini Karde\u015fler Yap\u0131yor 5.Arkada\u015flar\u0131yla Parkta 6.Do\u011fum G\u00fcn\u00fcn\u00fc Kutluyor 7.Bisiklete Binmeyi \u00d6\u011freniyor 8.Yemek Yap\u0131yor 9.Y\u00fczme \u00f6\u011freniyor 10.Anneler G\u00fcn\u00fc \u00c7i\u00e7e\u011fi 11.Okulda Bir G\u00fcn 12.Do\u011fum G\u00fcn\u00fc Bebe\u011fi 13.Y\u0131lba\u015f\u0131 S\u00fcrprizi 14.K\u00fc\u00e7\u00fck A\u015f\u00e7\u0131lar 15.Ak\u0131ll\u0131 K\u00f6pek 16.Do\u011fay\u0131 Koruyor 17.Tiyatro Oyuncusu 18.Harikalar Sirki 19.K\u0131yafet Balosuna Haz\u0131rlan\u0131yor 20.Lunaparkta E\u011feniyor 21.Hayvanat Bah\u00e7esinde 22.Gizemli Prensle 23.Hasta Yata\u011f\u0131nda 24.U\u00e7a\u011fa Biniyor 25.Bah\u00e7esini S\u00fcsl\u00fcyor 26.Kamp Yar\u0131yor 27.Ormanda 28.\u015eehre Ta\u015f\u0131n\u0131yor 29.Al\u0131\u015fveri\u015f Yap\u0131yor 30.Bebek Bak\u0131yor 32.Bale Yap\u0131yor 33.Ata Biniyor 34.M\u00fczikle Tan\u0131\u015f\u0131yor 35.Denizin Tad\u0131n\u0131 \u00c7\u0131kar\u0131yor 36.K\u00fc\u00e7\u00fckAnne Ay\u015feg\u00fcl arkada\u015flar\u0131yla 1.Yollara D\u00fc\u015f\u00fcyor 2.K\u0131rlara Gidiyor 3.1&#8217;den 12&#8217;ye Saymay\u0131 \u00d6\u011freniyor 4.Saatleri \u00d6\u011freniyor Ay\u015feg\u00fcl alb\u00fcmleri 1.E\u011fleniyor 2.Arkada\u015f\u0131m\u0131z 3.Do\u011fada 4.Yorucu Bir G\u00fcn <\/p>\n","protected":false},"excerpt":{"rendered":"<p>Ay\u015feg\u00fcl 1.Karde\u015fimi \u00c7ok Seviyorum 2.Ya\u015fas\u0131n Okul A\u00e7\u0131l\u0131yor! 3.Amerika&#8217;ya Vapurla Yolculuk 4.Ev \u0130\u015flerini Karde\u015fler Yap\u0131yor 5.Arkada\u015flar\u0131yla Parkta 6.Do\u011fum G\u00fcn\u00fcn\u00fc Kutluyor 7.Bisiklete Binmeyi \u00d6\u011freniyor 8.Yemek Yap\u0131yor 9.Y\u00fczme \u00f6\u011freniyor<span class=\"excerpt-hellip\"> [\u2026]<\/span><\/p>\n","protected":false},"featured_media":0,"template":"","meta":{"_monsterinsights_skip_tracking":false,"_monsterinsights_sitenote_active":false,"_monsterinsights_sitenote_note":"","_monsterinsights_sitenote_category":0},"product_brand":[],"product_cat":[12274,12284],"product_tag":[],"class_list":{"0":"post-693880","1":"product","2":"type-product","3":"status-publish","5":"product_cat-cocuk-ve-genclik-kitaplari","6":"product_cat-hikayeler","7":"pa_cilt-ciltsiz","8":"pa_tur-kitap","9":"pa_yayinevi-yapi-kredi-yayinlari","10":"pa_yazar-gilbert-delahaye","12":"first","13":"instock","14":"sale","15":"shipping-taxable","16":"purchasable","17":"product-type-simple"},"_links":{"self":[{"href":"https:\/\/roveyayinevi.com.tr\/index.php\/wp-json\/wp\/v2\/product\/693880","targetHints":{"allow":["GET"]}}],"collection":[{"href":"https:\/\/roveyayinevi.com.tr\/index.php\/wp-json\/wp\/v2\/product"}],"about":[{"href":"https:\/\/roveyayinevi.com.tr\/index.php\/wp-json\/wp\/v2\/types\/product"}],"wp:attachment":[{"href":"https:\/\/roveyayinevi.com.tr\/index.php\/wp-json\/wp\/v2\/media?parent=693880"}],"wp:term":[{"taxonomy":"product_brand","embeddable":true,"href":"https:\/\/roveyayinevi.com.tr\/index.php\/wp-json\/wp\/v2\/product_brand?post=693880"},{"taxonomy":"product_cat","embeddable":true,"href":"https:\/\/roveyayinevi.com.tr\/index.php\/wp-json\/wp\/v2\/product_cat?post=693880"},{"taxonomy":"product_tag","embeddable":true,"href":"https:\/\/roveyayinevi.com.tr\/index.php\/wp-json\/wp\/v2\/product_tag?post=693880"}],"curies":[{"name":"wp","href":"https:\/\/api.w.org\/{rel}","templated":true}]}}