{"id":693878,"date":"2025-08-27T14:17:30","date_gmt":"2025-08-27T11:17:30","guid":{"rendered":"https:\/\/roveyayinevi.com.tr\/index.php\/urun\/avunamayanlar\/"},"modified":"2026-04-16T02:03:49","modified_gmt":"2026-04-15T23:03:49","slug":"avunamayanlar","status":"publish","type":"product","link":"https:\/\/roveyayinevi.com.tr\/index.php\/urun\/avunamayanlar\/","title":{"rendered":"Avunamayanlar"},"content":{"rendered":"<p>D\u00fcnyaca \u00fcnl\u00fc piyanist Ryder, \u00f6nemli bir konser vermek i\u00e7in isimsiz bir Avrupa \u015fehrine gelir. Birka\u00e7 g\u00fcn sonra sahneye \u00e7\u0131kaca\u011f\u0131n\u0131 bilse de, bundan ba\u015fka hi\u00e7bir \u015fey hat\u0131rlayamaz; kar\u015f\u0131la\u015ft\u0131\u011f\u0131 herkesin ni\u00e7in ondan bir \u015feyler istedi\u011fini, \u00e7ok uzak olmas\u0131 gereken yerlere nas\u0131l hemen ula\u015f\u0131verdi\u011fini, saatler s\u00fcrmesi gereken bir sohbeti \u00fc\u00e7 dakikal\u0131k asans\u00f6r yolculu\u011funa nas\u0131l s\u0131\u011fd\u0131rd\u0131\u011f\u0131n\u0131 anlayamaz. Kendini olaylara ve \u00e7evresindeki insanlara teslim eden belleksiz piyanist, ge\u00e7mi\u015fin ve gelece\u011fin k\u0131r\u0131lgan bir \u015fimdiki anda \u00e7ak\u0131\u015ft\u0131\u011f\u0131 s\u00fcrreal bir d\u00fcnyaya savrulur. \u00c7ok ge\u00e7meden, yakla\u015fan konser gecesinin hayat\u0131n\u0131n en \u00f6nemli performans\u0131 oldu\u011funu fark edecektir. \u0130\u015flevini yitirmi\u015f toplumsal d\u00fczenin bireyler \u00fczerindeki yaralay\u0131c\u0131 bask\u0131s\u0131n\u0131 hemen her eserinde zarafetle ilan eden Kazuo Ishiguro, Avunamayanlar&#8217;da hayat\u0131 kontrolden \u00e7\u0131kan bir adam\u0131n \u00e7ok boyutlu hik\u00e2yesini anlat\u0131yor. \ufffcTan\u0131t\u0131m Metni<\/p>\n","protected":false},"excerpt":{"rendered":"<p>D\u00fcnyaca \u00fcnl\u00fc piyanist Ryder, \u00f6nemli bir konser vermek i\u00e7in isimsiz bir Avrupa \u015fehrine gelir. Birka\u00e7 g\u00fcn sonra sahneye \u00e7\u0131kaca\u011f\u0131n\u0131 bilse de, bundan ba\u015fka hi\u00e7bir \u015fey hat\u0131rlayamaz;<span class=\"excerpt-hellip\"> [\u2026]<\/span><\/p>\n","protected":false},"featured_media":0,"template":"","meta":{"_monsterinsights_skip_tracking":false,"_monsterinsights_sitenote_active":false,"_monsterinsights_sitenote_note":"","_monsterinsights_sitenote_category":0},"product_brand":[],"product_cat":[12291,12711],"product_tag":[],"class_list":{"0":"post-693878","1":"product","2":"type-product","3":"status-publish","5":"product_cat-edebiyat","6":"product_cat-roman-oyku","7":"pa_cilt-ciltsiz","8":"pa_tur-kitap","9":"pa_yayinevi-yapi-kredi-yayinlari","10":"pa_yazar-kazuo-ishiguro","12":"first","13":"instock","14":"sale","15":"shipping-taxable","16":"purchasable","17":"product-type-simple"},"_links":{"self":[{"href":"https:\/\/roveyayinevi.com.tr\/index.php\/wp-json\/wp\/v2\/product\/693878","targetHints":{"allow":["GET"]}}],"collection":[{"href":"https:\/\/roveyayinevi.com.tr\/index.php\/wp-json\/wp\/v2\/product"}],"about":[{"href":"https:\/\/roveyayinevi.com.tr\/index.php\/wp-json\/wp\/v2\/types\/product"}],"wp:attachment":[{"href":"https:\/\/roveyayinevi.com.tr\/index.php\/wp-json\/wp\/v2\/media?parent=693878"}],"wp:term":[{"taxonomy":"product_brand","embeddable":true,"href":"https:\/\/roveyayinevi.com.tr\/index.php\/wp-json\/wp\/v2\/product_brand?post=693878"},{"taxonomy":"product_cat","embeddable":true,"href":"https:\/\/roveyayinevi.com.tr\/index.php\/wp-json\/wp\/v2\/product_cat?post=693878"},{"taxonomy":"product_tag","embeddable":true,"href":"https:\/\/roveyayinevi.com.tr\/index.php\/wp-json\/wp\/v2\/product_tag?post=693878"}],"curies":[{"name":"wp","href":"https:\/\/api.w.org\/{rel}","templated":true}]}}