{"id":693876,"date":"2025-08-27T14:17:30","date_gmt":"2025-08-27T11:17:30","guid":{"rendered":"https:\/\/roveyayinevi.com.tr\/index.php\/urun\/denemeler-4\/"},"modified":"2026-04-16T02:03:48","modified_gmt":"2026-04-15T23:03:48","slug":"denemeler-4","status":"publish","type":"product","link":"https:\/\/roveyayinevi.com.tr\/index.php\/urun\/denemeler-4\/","title":{"rendered":"Denemeler"},"content":{"rendered":"<p>Sir Francis Bacon (1561-1626), zenginlik ile yoksulluk, \u00fcn ile d\u00fc\u015f\u00fc\u015f, tutarl\u0131l\u0131k ile tutars\u0131zl\u0131k, ak\u0131l ile bo\u015f inan\u00e7 aras\u0131nda dalgalanan bir \u00e7a\u011fda ya\u015fad\u0131. Bacon&#8217;un yetenekleri, ilgilerindeki evrensellik, ara\u015ft\u0131r\u0131c\u0131l\u0131k \u00e7a\u011f\u0131n\u0131n pek az ki\u015fisnde vard\u0131r. Ge\u00e7mi\u015f gelenekleri ve y\u00f6ntemleri tan\u0131r, \u00e7o\u011funu benimser ama bununla kalmaz, o geleneklerle y\u00f6ntemlerin hepsini umulmad\u0131k yeni g\u00f6zlemlerle, k\u00f6kten de\u011fi\u015fikliklerle a\u015fmas\u0131n\u0131 bilir. Bacon, Denemeler inde, de\u011fi\u015fik alanlardan edindi\u011fi g\u00f6zlemler ve deneylere dayanarak kurdu\u011fu bilgelik ile deneme nin isim babas\u0131 Montaigne&#8217;den ayr\u0131l\u0131r. O, Montaigne gibi kendi benli\u011fini anlatmaz, ya\u015fama uygulanabilecek bir bilgelik ortaya koyar. Bunu yaparken yaratt\u0131\u011f\u0131 zengin imgelerle bir dil ustas\u0131 oldu\u011funu da kan\u0131tlar. Baronlu\u011fu ve Vikontlu\u011fu unutulsa da, Bacon&#8217;\u0131n yazarl\u0131\u011f\u0131 d\u00f6rt y\u00fcz y\u0131ld\u0131r hala taze. <\/p>\n","protected":false},"excerpt":{"rendered":"<p>Sir Francis Bacon (1561-1626), zenginlik ile yoksulluk, \u00fcn ile d\u00fc\u015f\u00fc\u015f, tutarl\u0131l\u0131k ile tutars\u0131zl\u0131k, ak\u0131l ile bo\u015f inan\u00e7 aras\u0131nda dalgalanan bir \u00e7a\u011fda ya\u015fad\u0131. Bacon&#8217;un yetenekleri, ilgilerindeki evrensellik,<span class=\"excerpt-hellip\"> [\u2026]<\/span><\/p>\n","protected":false},"featured_media":0,"template":"","meta":{"_monsterinsights_skip_tracking":false,"_monsterinsights_sitenote_active":false,"_monsterinsights_sitenote_note":"","_monsterinsights_sitenote_category":0},"product_brand":[],"product_cat":[12364],"product_tag":[],"class_list":{"0":"post-693876","1":"product","2":"type-product","3":"status-publish","5":"product_cat-genel-konular","6":"pa_cilt-ciltsiz","7":"pa_tur-kitap","8":"pa_yayinevi-yapi-kredi-yayinlari","9":"pa_yazar-francis-bacon","11":"first","12":"instock","13":"sale","14":"shipping-taxable","15":"purchasable","16":"product-type-simple"},"_links":{"self":[{"href":"https:\/\/roveyayinevi.com.tr\/index.php\/wp-json\/wp\/v2\/product\/693876","targetHints":{"allow":["GET"]}}],"collection":[{"href":"https:\/\/roveyayinevi.com.tr\/index.php\/wp-json\/wp\/v2\/product"}],"about":[{"href":"https:\/\/roveyayinevi.com.tr\/index.php\/wp-json\/wp\/v2\/types\/product"}],"wp:attachment":[{"href":"https:\/\/roveyayinevi.com.tr\/index.php\/wp-json\/wp\/v2\/media?parent=693876"}],"wp:term":[{"taxonomy":"product_brand","embeddable":true,"href":"https:\/\/roveyayinevi.com.tr\/index.php\/wp-json\/wp\/v2\/product_brand?post=693876"},{"taxonomy":"product_cat","embeddable":true,"href":"https:\/\/roveyayinevi.com.tr\/index.php\/wp-json\/wp\/v2\/product_cat?post=693876"},{"taxonomy":"product_tag","embeddable":true,"href":"https:\/\/roveyayinevi.com.tr\/index.php\/wp-json\/wp\/v2\/product_tag?post=693876"}],"curies":[{"name":"wp","href":"https:\/\/api.w.org\/{rel}","templated":true}]}}