{"id":693874,"date":"2025-08-27T14:17:29","date_gmt":"2025-08-27T11:17:29","guid":{"rendered":"https:\/\/roveyayinevi.com.tr\/index.php\/urun\/demirciler-carsisi-cinayeti-akcasazin-agalari-1\/"},"modified":"2026-04-16T02:03:48","modified_gmt":"2026-04-15T23:03:48","slug":"demirciler-carsisi-cinayeti-akcasazin-agalari-1","status":"publish","type":"product","link":"https:\/\/roveyayinevi.com.tr\/index.php\/urun\/demirciler-carsisi-cinayeti-akcasazin-agalari-1\/","title":{"rendered":"Demirciler \u00c7ar\u015f\u0131s\u0131 Cinayeti -Ak\u00e7asaz\u0131n A\u011falar\u0131 1"},"content":{"rendered":"<p>Ak\u00e7asaz\u0131n A\u011falar\u0131 tarihle, zamanla, d\u00fczenle hesapla\u015fman\u0131n hikayesidir. A\u011falar \u00e7\u00f6kerken yan\u0131 ba\u015flar\u0131nda yeni bir tarih yaz\u0131l\u0131r, de\u011fi\u015fim ka\u00e7\u0131n\u0131lmazd\u0131r. G\u00fc\u00e7l\u00fcler d\u00f6v\u00fc\u015f\u00fcrken do\u011fa da ses verir. Demirciler \u00c7ar\u015f\u0131s\u0131 Cinayeti birbirini yok etmek i\u00e7in t\u00fcm h\u00fcnerlerini, olanaklar\u0131n\u0131, g\u00fc\u00e7lerini, bundan da \u00f6te ak\u0131llar\u0131n\u0131, nefretlerini ve kinlerini kullanan iki derebeyinin ayaklar\u0131 alt\u0131nda ezilen topra\u011f\u0131n, topra\u011f\u0131n insanlar\u0131n\u0131n ve ye\u015fertti\u011fi do\u011fan\u0131n b\u00fcy\u00fck efsanesidir. Lanet, \u00e7\u0131kt\u0131\u011f\u0131 ba\u011fr\u0131 vuracakt\u0131r. Ya\u015far Kemal sadece Mitterrand&#8217;\u0131n kalbindeki sevgili halk ozan\u0131 de\u011fil. Ya\u015far Kemal edebiyat\u0131n bir devi. Andre Clavel, Nouvelles Litt\u00e9aires, (Fransa) Demirciler \u00c7ar\u015f\u0131s\u0131 Cinayeti birbirlerini yok etme amac\u0131yla t\u00fcm h\u00fcnerlerini kullanan iki kar\u015f\u0131t grup aras\u0131nda kalan \u00fclkenin kaderi \u00fczerine dev lanet okumay\u0131 konu ediyor. Alain Bosquet, (Fransa) Eski rapsodilerin epik esinini, g\u00fcc\u00fcn\u00fc, do\u011fa a\u015fk\u0131n\u0131n usta bir lirizmiyle i\u00e7 i\u00e7e sokarak, Ya\u015far kemal, bize b\u00fcy\u00fcleyici ki\u015filikler \u00e7iziyor ve bizi kap\u0131p g\u00f6t\u00fcren bu destandan ayr\u0131lmak \u00e7ok g\u00fc\u00e7 oluyor. Bulletin Critique du Livre Fran\u00e7ais, (Fransa) Dramatik devinim \u00f6ylesine canl\u0131 bir \u015felikde anlat\u0131lm\u0131\u015f ki, insan Toroslar\u0131n eteklerinde kimi zaman bir kovboy filmi kimi zaman da bir Shakespeare trajedisi izledi\u011fi kan\u0131s\u0131na kap\u0131l\u0131yor. Christian Guidicelli, Guide Lire, (Fransa) <\/p>\n","protected":false},"excerpt":{"rendered":"<p>Ak\u00e7asaz\u0131n A\u011falar\u0131 tarihle, zamanla, d\u00fczenle hesapla\u015fman\u0131n hikayesidir. A\u011falar \u00e7\u00f6kerken yan\u0131 ba\u015flar\u0131nda yeni bir tarih yaz\u0131l\u0131r, de\u011fi\u015fim ka\u00e7\u0131n\u0131lmazd\u0131r. G\u00fc\u00e7l\u00fcler d\u00f6v\u00fc\u015f\u00fcrken do\u011fa da ses verir. Demirciler \u00c7ar\u015f\u0131s\u0131 Cinayeti<span class=\"excerpt-hellip\"> [\u2026]<\/span><\/p>\n","protected":false},"featured_media":0,"template":"","meta":{"_monsterinsights_skip_tracking":false,"_monsterinsights_sitenote_active":false,"_monsterinsights_sitenote_note":"","_monsterinsights_sitenote_category":0},"product_brand":[],"product_cat":[12291,12292],"product_tag":[],"class_list":{"0":"post-693874","1":"product","2":"type-product","3":"status-publish","5":"product_cat-edebiyat","6":"product_cat-turk-edebiyati","7":"pa_cilt-ciltsiz","8":"pa_tur-kitap","9":"pa_yayinevi-yapi-kredi-yayinlari","10":"pa_yazar-yasar-kemal","12":"first","13":"instock","14":"sale","15":"shipping-taxable","16":"purchasable","17":"product-type-simple"},"_links":{"self":[{"href":"https:\/\/roveyayinevi.com.tr\/index.php\/wp-json\/wp\/v2\/product\/693874","targetHints":{"allow":["GET"]}}],"collection":[{"href":"https:\/\/roveyayinevi.com.tr\/index.php\/wp-json\/wp\/v2\/product"}],"about":[{"href":"https:\/\/roveyayinevi.com.tr\/index.php\/wp-json\/wp\/v2\/types\/product"}],"wp:attachment":[{"href":"https:\/\/roveyayinevi.com.tr\/index.php\/wp-json\/wp\/v2\/media?parent=693874"}],"wp:term":[{"taxonomy":"product_brand","embeddable":true,"href":"https:\/\/roveyayinevi.com.tr\/index.php\/wp-json\/wp\/v2\/product_brand?post=693874"},{"taxonomy":"product_cat","embeddable":true,"href":"https:\/\/roveyayinevi.com.tr\/index.php\/wp-json\/wp\/v2\/product_cat?post=693874"},{"taxonomy":"product_tag","embeddable":true,"href":"https:\/\/roveyayinevi.com.tr\/index.php\/wp-json\/wp\/v2\/product_tag?post=693874"}],"curies":[{"name":"wp","href":"https:\/\/api.w.org\/{rel}","templated":true}]}}