{"id":693869,"date":"2025-08-27T14:17:28","date_gmt":"2025-08-27T11:17:28","guid":{"rendered":"https:\/\/roveyayinevi.com.tr\/index.php\/urun\/atina-anlasmasi\/"},"modified":"2026-04-16T02:03:48","modified_gmt":"2026-04-15T23:03:48","slug":"atina-anlasmasi","status":"publish","type":"product","link":"https:\/\/roveyayinevi.com.tr\/index.php\/urun\/atina-anlasmasi\/","title":{"rendered":"Atina Anla\u015fmas\u0131"},"content":{"rendered":"<p>Atina Anla\u015fmas\u0131, modern mimarl\u0131k ve \u015fehircili\u011fin kutsal kitab\u0131, anayasas\u0131.A\u00e7\u0131klamalar\u0131yla birlikte 95 \u015fehircilik yasas\u0131ndan olu\u015fuyor. Konaklama, bo\u015f zaman, i\u015f, dola\u015f\u0131m, tarihsel miras gibi konularda g\u00f6zlemler, \u00f6neriler, ilkeler ve yasalardan olu\u015fan Anla\u015fma, Avrupa ve ABD\u2019nin 33 \u015fehrinde yap\u0131lan ara\u015ft\u0131rmalar\u0131n ortaya koydu\u011fu olumsuz tablonun etkisiyle, k\u00f6t\u00fc gidi\u015fata dur demek amac\u0131yla haz\u0131rlanm\u0131\u015ft\u0131. Bug\u00fcn, arkeolojik bir kaz\u0131da bulunmu\u015f, \u00e7ok eski zamanlara, ba\u015fka uygarl\u0131klara ait tarihsel bir metin olarak g\u00f6r\u00fcn\u00fcyor ne yaz\u0131k ki. Modernizmin ve Atina\u2019n\u0131n anla\u015fmas\u0131 \u00e7oktan feshedilmi\u015f durumda.Atina Anla\u015fmas\u0131\u2019nda \u00e7izilen \u00fctopik, modern \u015fehir, \u015fu an ya\u015fad\u0131\u011f\u0131m\u0131z \u015fehrin i\u00e7inde bir yerlerde gizli yine de. Le Corbusier\u2019nin metni, modern \u015fehrin ortaya \u00e7\u0131k\u0131\u015f ser\u00fcveninin, nerede hata yap\u0131ld\u0131\u011f\u0131n\u0131n anla\u015f\u0131lmas\u0131, i\u00e7inde ya\u015fad\u0131\u011f\u0131m\u0131z \u00e7evrenin, mahallenin, semtin bile\u015fenlerinin ve birbirleriyle ili\u015fkilerinin son derece kesin \u00e7izgiler arac\u0131l\u0131\u011f\u0131yla g\u00f6r\u00fclebilmesi ve bu kay\u0131p \u015fehrin bir an i\u00e7in bile olsa g\u00f6r\u00fcn\u00fcr k\u0131l\u0131nmas\u0131 a\u00e7\u0131s\u0131ndan h\u00e2l\u00e2 ge\u00e7erlili\u011fini koruyor. <\/p>\n","protected":false},"excerpt":{"rendered":"<p>Atina Anla\u015fmas\u0131, modern mimarl\u0131k ve \u015fehircili\u011fin kutsal kitab\u0131, anayasas\u0131.A\u00e7\u0131klamalar\u0131yla birlikte 95 \u015fehircilik yasas\u0131ndan olu\u015fuyor. Konaklama, bo\u015f zaman, i\u015f, dola\u015f\u0131m, tarihsel miras gibi konularda g\u00f6zlemler, \u00f6neriler, ilkeler<span class=\"excerpt-hellip\"> [\u2026]<\/span><\/p>\n","protected":false},"featured_media":0,"template":"","meta":{"_monsterinsights_skip_tracking":false,"_monsterinsights_sitenote_active":false,"_monsterinsights_sitenote_note":"","_monsterinsights_sitenote_category":0},"product_brand":[],"product_cat":[12312,12304],"product_tag":[],"class_list":{"0":"post-693869","1":"product","2":"type-product","3":"status-publish","5":"product_cat-diger","6":"product_cat-tarih","7":"pa_cilt-ciltsiz","8":"pa_tur-kitap","9":"pa_yayinevi-yapi-kredi-yayinlari","10":"pa_yazar-le-corbusier","12":"first","13":"instock","14":"sale","15":"shipping-taxable","16":"purchasable","17":"product-type-simple"},"_links":{"self":[{"href":"https:\/\/roveyayinevi.com.tr\/index.php\/wp-json\/wp\/v2\/product\/693869","targetHints":{"allow":["GET"]}}],"collection":[{"href":"https:\/\/roveyayinevi.com.tr\/index.php\/wp-json\/wp\/v2\/product"}],"about":[{"href":"https:\/\/roveyayinevi.com.tr\/index.php\/wp-json\/wp\/v2\/types\/product"}],"wp:attachment":[{"href":"https:\/\/roveyayinevi.com.tr\/index.php\/wp-json\/wp\/v2\/media?parent=693869"}],"wp:term":[{"taxonomy":"product_brand","embeddable":true,"href":"https:\/\/roveyayinevi.com.tr\/index.php\/wp-json\/wp\/v2\/product_brand?post=693869"},{"taxonomy":"product_cat","embeddable":true,"href":"https:\/\/roveyayinevi.com.tr\/index.php\/wp-json\/wp\/v2\/product_cat?post=693869"},{"taxonomy":"product_tag","embeddable":true,"href":"https:\/\/roveyayinevi.com.tr\/index.php\/wp-json\/wp\/v2\/product_tag?post=693869"}],"curies":[{"name":"wp","href":"https:\/\/api.w.org\/{rel}","templated":true}]}}