{"id":693868,"date":"2025-08-27T14:17:28","date_gmt":"2025-08-27T11:17:28","guid":{"rendered":"https:\/\/roveyayinevi.com.tr\/index.php\/urun\/ataturkten-hatiralar\/"},"modified":"2026-04-16T02:03:48","modified_gmt":"2026-04-15T23:03:48","slug":"ataturkten-hatiralar","status":"publish","type":"product","link":"https:\/\/roveyayinevi.com.tr\/index.php\/urun\/ataturkten-hatiralar\/","title":{"rendered":"Atat\u00fcrk\u2019ten Hat\u0131ralar"},"content":{"rendered":"<p>Uzun y\u0131llar devletin en \u00fcst kademesinde \u00d6zel Kalem M\u00fcd\u00fcrl\u00fc\u011f\u00fc yapan Hasan R\u0131za Soyak, an\u0131lar\u0131n\u0131 Atat\u00fcrk\u2019ten Hat\u0131ralar adl\u0131 kitapta toplad\u0131. Kitap; Atat\u00fcrk\u2019\u00fcn g\u00fcnl\u00fck ya\u015fam\u0131na dair g\u00fcn \u0131\u015f\u0131\u011f\u0131na \u00e7\u0131kmam\u0131\u015f pek \u00e7ok ayr\u0131nt\u0131y\u0131, ayr\u0131ca Cumhuriyet\u2019in ilan\u0131, \u0130zmir Suikasti, Hatay Meselesi gibi pek \u00e7ok konuda ayr\u0131nt\u0131l\u0131 bilgileri i\u00e7eriyor. Atat\u00fcrk hakk\u0131nda bug\u00fcne kadar yap\u0131lm\u0131\u015f pek \u00e7ok ara\u015ft\u0131rmada kaynak olarak kullan\u0131labilecek bu de\u011ferli kitap, birinci elden tan\u0131kl\u0131klarla bir d\u00f6neme \u0131\u015f\u0131k tutuyor. \ufffcTan\u0131t\u0131m Metni<\/p>\n","protected":false},"excerpt":{"rendered":"<p>Uzun y\u0131llar devletin en \u00fcst kademesinde \u00d6zel Kalem M\u00fcd\u00fcrl\u00fc\u011f\u00fc yapan Hasan R\u0131za Soyak, an\u0131lar\u0131n\u0131 Atat\u00fcrk\u2019ten Hat\u0131ralar adl\u0131 kitapta toplad\u0131. Kitap; Atat\u00fcrk\u2019\u00fcn g\u00fcnl\u00fck ya\u015fam\u0131na dair g\u00fcn \u0131\u015f\u0131\u011f\u0131na<span class=\"excerpt-hellip\"> [\u2026]<\/span><\/p>\n","protected":false},"featured_media":0,"template":"","meta":{"_monsterinsights_skip_tracking":false,"_monsterinsights_sitenote_active":false,"_monsterinsights_sitenote_note":"","_monsterinsights_sitenote_category":0},"product_brand":[],"product_cat":[12312,12304],"product_tag":[],"class_list":{"0":"post-693868","1":"product","2":"type-product","3":"status-publish","5":"product_cat-diger","6":"product_cat-tarih","7":"pa_cilt-ciltsiz","8":"pa_tur-kitap","9":"pa_yayinevi-yapi-kredi-yayinlari","10":"pa_yazar-hasan-riza-soyak","12":"first","13":"instock","14":"sale","15":"shipping-taxable","16":"purchasable","17":"product-type-simple"},"_links":{"self":[{"href":"https:\/\/roveyayinevi.com.tr\/index.php\/wp-json\/wp\/v2\/product\/693868","targetHints":{"allow":["GET"]}}],"collection":[{"href":"https:\/\/roveyayinevi.com.tr\/index.php\/wp-json\/wp\/v2\/product"}],"about":[{"href":"https:\/\/roveyayinevi.com.tr\/index.php\/wp-json\/wp\/v2\/types\/product"}],"wp:attachment":[{"href":"https:\/\/roveyayinevi.com.tr\/index.php\/wp-json\/wp\/v2\/media?parent=693868"}],"wp:term":[{"taxonomy":"product_brand","embeddable":true,"href":"https:\/\/roveyayinevi.com.tr\/index.php\/wp-json\/wp\/v2\/product_brand?post=693868"},{"taxonomy":"product_cat","embeddable":true,"href":"https:\/\/roveyayinevi.com.tr\/index.php\/wp-json\/wp\/v2\/product_cat?post=693868"},{"taxonomy":"product_tag","embeddable":true,"href":"https:\/\/roveyayinevi.com.tr\/index.php\/wp-json\/wp\/v2\/product_tag?post=693868"}],"curies":[{"name":"wp","href":"https:\/\/api.w.org\/{rel}","templated":true}]}}