{"id":693867,"date":"2025-08-27T14:17:28","date_gmt":"2025-08-27T11:17:28","guid":{"rendered":"https:\/\/roveyayinevi.com.tr\/index.php\/urun\/denemeci\/"},"modified":"2026-04-16T02:03:48","modified_gmt":"2026-04-15T23:03:48","slug":"denemeci","status":"publish","type":"product","link":"https:\/\/roveyayinevi.com.tr\/index.php\/urun\/denemeci\/","title":{"rendered":"Denemeci"},"content":{"rendered":"<p>\u015e\u00f6yle bir ya\u015fama-gidi\u015fi benim gidi\u015fim:kimseler ay\u0131rd\u0131na varmasa da, ben kendim bile ay\u0131rd\u0131na varmadan, ku\u015f gibiyim yazarl\u0131\u011f\u0131mla, u\u00e7arcas\u0131na&#8230;<\/p>\n","protected":false},"excerpt":{"rendered":"<p>\u015e\u00f6yle bir ya\u015fama-gidi\u015fi benim gidi\u015fim:kimseler ay\u0131rd\u0131na varmasa da, ben kendim bile ay\u0131rd\u0131na varmadan, ku\u015f gibiyim yazarl\u0131\u011f\u0131mla, u\u00e7arcas\u0131na&#8230;<\/p>\n","protected":false},"featured_media":0,"template":"","meta":{"_monsterinsights_skip_tracking":false,"_monsterinsights_sitenote_active":false,"_monsterinsights_sitenote_note":"","_monsterinsights_sitenote_category":0},"product_brand":[],"product_cat":[12777,12291],"product_tag":[],"class_list":{"0":"post-693867","1":"product","2":"type-product","3":"status-publish","5":"product_cat-deneme","6":"product_cat-edebiyat","7":"pa_cilt-ciltsiz","8":"pa_tur-kitap","9":"pa_yayinevi-yapi-kredi-yayinlari","10":"pa_yazar-nermi-uygur","12":"first","13":"instock","14":"sale","15":"shipping-taxable","16":"purchasable","17":"product-type-simple"},"_links":{"self":[{"href":"https:\/\/roveyayinevi.com.tr\/index.php\/wp-json\/wp\/v2\/product\/693867","targetHints":{"allow":["GET"]}}],"collection":[{"href":"https:\/\/roveyayinevi.com.tr\/index.php\/wp-json\/wp\/v2\/product"}],"about":[{"href":"https:\/\/roveyayinevi.com.tr\/index.php\/wp-json\/wp\/v2\/types\/product"}],"wp:attachment":[{"href":"https:\/\/roveyayinevi.com.tr\/index.php\/wp-json\/wp\/v2\/media?parent=693867"}],"wp:term":[{"taxonomy":"product_brand","embeddable":true,"href":"https:\/\/roveyayinevi.com.tr\/index.php\/wp-json\/wp\/v2\/product_brand?post=693867"},{"taxonomy":"product_cat","embeddable":true,"href":"https:\/\/roveyayinevi.com.tr\/index.php\/wp-json\/wp\/v2\/product_cat?post=693867"},{"taxonomy":"product_tag","embeddable":true,"href":"https:\/\/roveyayinevi.com.tr\/index.php\/wp-json\/wp\/v2\/product_tag?post=693867"}],"curies":[{"name":"wp","href":"https:\/\/api.w.org\/{rel}","templated":true}]}}