{"id":693866,"date":"2025-08-27T14:17:27","date_gmt":"2025-08-27T11:17:27","guid":{"rendered":"https:\/\/roveyayinevi.com.tr\/index.php\/urun\/asya-mektuplari-gezi-izlenim-elestiri\/"},"modified":"2026-04-16T02:03:48","modified_gmt":"2026-04-15T23:03:48","slug":"asya-mektuplari-gezi-izlenim-elestiri","status":"publish","type":"product","link":"https:\/\/roveyayinevi.com.tr\/index.php\/urun\/asya-mektuplari-gezi-izlenim-elestiri\/","title":{"rendered":"Asya Mektuplar\u0131 &#8211; Gezi, \u0130zlenim, Ele\u015ftiri"},"content":{"rendered":"<p>Prof. Niyazi Berkes\u2019in bir bilim adam\u0131 titizli\u011fiyle kaleme ald\u0131\u011f\u0131 mektuplar\u0131ndan Asya ger\u00e7e\u011fini izliyoruz. Asya toplumlar\u0131n\u0131n emperyalist ku\u015fatma alt\u0131nda i\u00e7ine d\u00fc\u015f\u00fcr\u00fcld\u00fckleri durum film \u015feridi gibi g\u00f6zlerimizin \u00f6n\u00fcnden ge\u00e7erken, biz o filmde g\u00fcn\u00fcm\u00fcz T\u00fcrkiye ger\u00e7e\u011fini de buluyoruz bir bak\u0131ma. <\/p>\n","protected":false},"excerpt":{"rendered":"<p>Prof. Niyazi Berkes\u2019in bir bilim adam\u0131 titizli\u011fiyle kaleme ald\u0131\u011f\u0131 mektuplar\u0131ndan Asya ger\u00e7e\u011fini izliyoruz. Asya toplumlar\u0131n\u0131n emperyalist ku\u015fatma alt\u0131nda i\u00e7ine d\u00fc\u015f\u00fcr\u00fcld\u00fckleri durum film \u015feridi gibi g\u00f6zlerimizin \u00f6n\u00fcnden<span class=\"excerpt-hellip\"> [\u2026]<\/span><\/p>\n","protected":false},"featured_media":0,"template":"","meta":{"_monsterinsights_skip_tracking":false,"_monsterinsights_sitenote_active":false,"_monsterinsights_sitenote_note":"","_monsterinsights_sitenote_category":0},"product_brand":[],"product_cat":[13055,13054],"product_tag":[],"class_list":{"0":"post-693866","1":"product","2":"type-product","3":"status-publish","5":"product_cat-gezi-rehberi","6":"product_cat-gezi-ve-rehber-kitaplari","7":"pa_cilt-ciltsiz","8":"pa_tur-kitap","9":"pa_yayinevi-yapi-kredi-yayinlari","10":"pa_yazar-niyazi-berkes","12":"first","13":"instock","14":"sale","15":"shipping-taxable","16":"purchasable","17":"product-type-simple"},"_links":{"self":[{"href":"https:\/\/roveyayinevi.com.tr\/index.php\/wp-json\/wp\/v2\/product\/693866","targetHints":{"allow":["GET"]}}],"collection":[{"href":"https:\/\/roveyayinevi.com.tr\/index.php\/wp-json\/wp\/v2\/product"}],"about":[{"href":"https:\/\/roveyayinevi.com.tr\/index.php\/wp-json\/wp\/v2\/types\/product"}],"wp:attachment":[{"href":"https:\/\/roveyayinevi.com.tr\/index.php\/wp-json\/wp\/v2\/media?parent=693866"}],"wp:term":[{"taxonomy":"product_brand","embeddable":true,"href":"https:\/\/roveyayinevi.com.tr\/index.php\/wp-json\/wp\/v2\/product_brand?post=693866"},{"taxonomy":"product_cat","embeddable":true,"href":"https:\/\/roveyayinevi.com.tr\/index.php\/wp-json\/wp\/v2\/product_cat?post=693866"},{"taxonomy":"product_tag","embeddable":true,"href":"https:\/\/roveyayinevi.com.tr\/index.php\/wp-json\/wp\/v2\/product_tag?post=693866"}],"curies":[{"name":"wp","href":"https:\/\/api.w.org\/{rel}","templated":true}]}}