{"id":693865,"date":"2025-08-27T14:17:27","date_gmt":"2025-08-27T11:17:27","guid":{"rendered":"https:\/\/roveyayinevi.com.tr\/index.php\/urun\/ascibasi\/"},"modified":"2026-04-16T02:03:48","modified_gmt":"2026-04-15T23:03:48","slug":"ascibasi","status":"publish","type":"product","link":"https:\/\/roveyayinevi.com.tr\/index.php\/urun\/ascibasi\/","title":{"rendered":"A\u015f\u00e7\u0131ba\u015f\u0131"},"content":{"rendered":"<p>M\u00fclaz\u0131m Mahmud Nedim Efendi\u2019nin e\u011flenceli \u00fcslubuyla A\u015f\u00e7\u0131ba\u015f\u0131\u2019nda alt\u00fcst b\u00f6re\u011finden peynirli katmere, ek\u015fili lo\u011fusa \u00e7orbas\u0131ndan \u201conbilet\u201de, asideden kapuskaya, zeytinya\u011fl\u0131 enginardan deniz kestanesi salatas\u0131na, ho\u015fmerimden delio\u011flan sar\u0131\u011f\u0131na kimi art\u0131k unutulmu\u015f 315 yeme\u011fin birbirinden ilgin\u00e7 tarifi yer al\u0131yor.\u0130stanbul, Anadolu, Rumeli ve Ege Adalar\u0131\u2019ndan ancak pi\u015firme, haz\u0131rlama zevk ve deneyimine sahip, a\u011fz\u0131n\u0131n tad\u0131n\u0131 bilen birinin anlatabilece\u011fi \u00e7ok ilgin\u00e7 tarifler, 120 y\u0131l \u00f6ncesinin tatl\u0131 diliyle eski tatlar. <\/p>\n","protected":false},"excerpt":{"rendered":"<p>M\u00fclaz\u0131m Mahmud Nedim Efendi\u2019nin e\u011flenceli \u00fcslubuyla A\u015f\u00e7\u0131ba\u015f\u0131\u2019nda alt\u00fcst b\u00f6re\u011finden peynirli katmere, ek\u015fili lo\u011fusa \u00e7orbas\u0131ndan \u201conbilet\u201de, asideden kapuskaya, zeytinya\u011fl\u0131 enginardan deniz kestanesi salatas\u0131na, ho\u015fmerimden delio\u011flan sar\u0131\u011f\u0131na kimi<span class=\"excerpt-hellip\"> [\u2026]<\/span><\/p>\n","protected":false},"featured_media":0,"template":"","meta":{"_monsterinsights_skip_tracking":false,"_monsterinsights_sitenote_active":false,"_monsterinsights_sitenote_note":"","_monsterinsights_sitenote_category":0},"product_brand":[],"product_cat":[12457],"product_tag":[],"class_list":{"0":"post-693865","1":"product","2":"type-product","3":"status-publish","5":"product_cat-yemek-kitaplari","6":"pa_cilt-ciltsiz","7":"pa_tur-kitap","8":"pa_yayinevi-yapi-kredi-yayinlari","9":"pa_yazar-mahmud-nedim-bin-tosun","11":"first","12":"instock","13":"sale","14":"shipping-taxable","15":"purchasable","16":"product-type-simple"},"_links":{"self":[{"href":"https:\/\/roveyayinevi.com.tr\/index.php\/wp-json\/wp\/v2\/product\/693865","targetHints":{"allow":["GET"]}}],"collection":[{"href":"https:\/\/roveyayinevi.com.tr\/index.php\/wp-json\/wp\/v2\/product"}],"about":[{"href":"https:\/\/roveyayinevi.com.tr\/index.php\/wp-json\/wp\/v2\/types\/product"}],"wp:attachment":[{"href":"https:\/\/roveyayinevi.com.tr\/index.php\/wp-json\/wp\/v2\/media?parent=693865"}],"wp:term":[{"taxonomy":"product_brand","embeddable":true,"href":"https:\/\/roveyayinevi.com.tr\/index.php\/wp-json\/wp\/v2\/product_brand?post=693865"},{"taxonomy":"product_cat","embeddable":true,"href":"https:\/\/roveyayinevi.com.tr\/index.php\/wp-json\/wp\/v2\/product_cat?post=693865"},{"taxonomy":"product_tag","embeddable":true,"href":"https:\/\/roveyayinevi.com.tr\/index.php\/wp-json\/wp\/v2\/product_tag?post=693865"}],"curies":[{"name":"wp","href":"https:\/\/api.w.org\/{rel}","templated":true}]}}