{"id":693863,"date":"2025-08-27T14:17:27","date_gmt":"2025-08-27T11:17:27","guid":{"rendered":"https:\/\/roveyayinevi.com.tr\/index.php\/urun\/degisen-dunya-degisen-dil\/"},"modified":"2026-04-16T02:03:48","modified_gmt":"2026-04-15T23:03:48","slug":"degisen-dunya-degisen-dil","status":"publish","type":"product","link":"https:\/\/roveyayinevi.com.tr\/index.php\/urun\/degisen-dunya-degisen-dil\/","title":{"rendered":"De\u011fi\u015fen D\u00fcnya De\u011fi\u015fen Dil"},"content":{"rendered":"<p>Macit G\u00f6kberk&#8217;in felsefe anlay\u0131\u015f\u0131 i\u00e7inde dil konusu \u00e7ok \u00f6zel bir yere sahiptir. D\u00fc\u015f\u00fcncenin \u00fcretilmesinde ba\u015fl\u0131ca kaynakt\u0131r \u00e7\u00fcnk\u00fc dil. 1954-60 ve 1969-76 y\u0131llar\u0131 aras\u0131nda TDK ba\u015fkanl\u0131\u011f\u0131 da yapm\u0131\u015f olan G\u00f6kberk, T\u00fcrk\u00e7e felsefe terimlerinin kurulmas\u0131, kavramlar\u0131n s\u0131n\u0131fland\u0131r\u0131lmas\u0131 yolunda \u00e7ok \u00f6nemli u\u011fra\u015f vermi\u015f de\u011ferli bri felsefe adam\u0131d\u0131r. Prof. Macit G\u00f6kberk De\u011fi\u015fen D\u00fcnya De\u011fi\u015fen Dil adl\u0131 bu \u00e7al\u0131\u015fmas\u0131nda, d\u00fcnyan\u0131n de\u011fi\u015fmesiyle dilin de\u011fi\u015fmesi aras\u0131ndaki zorunlu ba\u011flant\u0131ya dikkat \u00e7ekerek, ileriye d\u00f6n\u00fck, t\u00fcm insanl\u0131\u011fa a\u00e7\u0131lan bir tarih ile k\u00fclt\u00fcr sorunlar\u0131n\u0131n nas\u0131l kavranabilece\u011fine \u0131\u015f\u0131k tutuyor. &#8230; <\/p>\n","protected":false},"excerpt":{"rendered":"<p>Macit G\u00f6kberk&#8217;in felsefe anlay\u0131\u015f\u0131 i\u00e7inde dil konusu \u00e7ok \u00f6zel bir yere sahiptir. D\u00fc\u015f\u00fcncenin \u00fcretilmesinde ba\u015fl\u0131ca kaynakt\u0131r \u00e7\u00fcnk\u00fc dil. 1954-60 ve 1969-76 y\u0131llar\u0131 aras\u0131nda TDK ba\u015fkanl\u0131\u011f\u0131 da<span class=\"excerpt-hellip\"> [\u2026]<\/span><\/p>\n","protected":false},"featured_media":0,"template":"","meta":{"_monsterinsights_skip_tracking":false,"_monsterinsights_sitenote_active":false,"_monsterinsights_sitenote_note":"","_monsterinsights_sitenote_category":0},"product_brand":[],"product_cat":[13072,12291],"product_tag":[],"class_list":{"0":"post-693863","1":"product","2":"type-product","3":"status-publish","5":"product_cat-arastirma-inceleme-referans","6":"product_cat-edebiyat","7":"pa_cilt-ciltsiz","8":"pa_tur-kitap","9":"pa_yayinevi-yapi-kredi-yayinlari","10":"pa_yazar-macit-gokberk","12":"first","13":"instock","14":"sale","15":"shipping-taxable","16":"purchasable","17":"product-type-simple"},"_links":{"self":[{"href":"https:\/\/roveyayinevi.com.tr\/index.php\/wp-json\/wp\/v2\/product\/693863","targetHints":{"allow":["GET"]}}],"collection":[{"href":"https:\/\/roveyayinevi.com.tr\/index.php\/wp-json\/wp\/v2\/product"}],"about":[{"href":"https:\/\/roveyayinevi.com.tr\/index.php\/wp-json\/wp\/v2\/types\/product"}],"wp:attachment":[{"href":"https:\/\/roveyayinevi.com.tr\/index.php\/wp-json\/wp\/v2\/media?parent=693863"}],"wp:term":[{"taxonomy":"product_brand","embeddable":true,"href":"https:\/\/roveyayinevi.com.tr\/index.php\/wp-json\/wp\/v2\/product_brand?post=693863"},{"taxonomy":"product_cat","embeddable":true,"href":"https:\/\/roveyayinevi.com.tr\/index.php\/wp-json\/wp\/v2\/product_cat?post=693863"},{"taxonomy":"product_tag","embeddable":true,"href":"https:\/\/roveyayinevi.com.tr\/index.php\/wp-json\/wp\/v2\/product_tag?post=693863"}],"curies":[{"name":"wp","href":"https:\/\/api.w.org\/{rel}","templated":true}]}}