{"id":693862,"date":"2025-08-27T14:17:26","date_gmt":"2025-08-27T11:17:26","guid":{"rendered":"https:\/\/roveyayinevi.com.tr\/index.php\/urun\/defne-agaci-ve-orman-kardesligi\/"},"modified":"2026-04-16T02:03:48","modified_gmt":"2026-04-15T23:03:48","slug":"defne-agaci-ve-orman-kardesligi","status":"publish","type":"product","link":"https:\/\/roveyayinevi.com.tr\/index.php\/urun\/defne-agaci-ve-orman-kardesligi\/","title":{"rendered":"Defne A\u011fac\u0131 ve Orman Karde\u015fli\u011fi"},"content":{"rendered":"<p>S\u00f6z dinlemeyen b\u00fcy\u00fckler her yerde var! S\u00f6z dinlemedikleri gibi \u00e7evrelerine zarar veriyorlar&#8230; Onlardan korunmak i\u00e7in y\u00fcksek karl\u0131 da\u011flar\u0131n ard\u0131na s\u0131\u011f\u0131nan hayvanlar\u0131 ve a\u011fa\u00e7lar\u0131 bile rahats\u0131z ediyorlar. Havay\u0131, suyu kirletiyorlar.\ufffcTan\u0131t\u0131m Metni<\/p>\n","protected":false},"excerpt":{"rendered":"<p>S\u00f6z dinlemeyen b\u00fcy\u00fckler her yerde var! S\u00f6z dinlemedikleri gibi \u00e7evrelerine zarar veriyorlar&#8230; Onlardan korunmak i\u00e7in y\u00fcksek karl\u0131 da\u011flar\u0131n ard\u0131na s\u0131\u011f\u0131nan hayvanlar\u0131 ve a\u011fa\u00e7lar\u0131 bile rahats\u0131z ediyorlar.<span class=\"excerpt-hellip\"> [\u2026]<\/span><\/p>\n","protected":false},"featured_media":0,"template":"","meta":{"_monsterinsights_skip_tracking":false,"_monsterinsights_sitenote_active":false,"_monsterinsights_sitenote_note":"","_monsterinsights_sitenote_category":0},"product_brand":[],"product_cat":[12274,12523],"product_tag":[],"class_list":{"0":"post-693862","1":"product","2":"type-product","3":"status-publish","5":"product_cat-cocuk-ve-genclik-kitaplari","6":"product_cat-masallar","7":"pa_cilt-ciltsiz","8":"pa_tur-kitap","9":"pa_yayinevi-yapi-kredi-yayinlari","10":"pa_yazar-omer-faruk","12":"first","13":"instock","14":"sale","15":"shipping-taxable","16":"purchasable","17":"product-type-simple"},"_links":{"self":[{"href":"https:\/\/roveyayinevi.com.tr\/index.php\/wp-json\/wp\/v2\/product\/693862","targetHints":{"allow":["GET"]}}],"collection":[{"href":"https:\/\/roveyayinevi.com.tr\/index.php\/wp-json\/wp\/v2\/product"}],"about":[{"href":"https:\/\/roveyayinevi.com.tr\/index.php\/wp-json\/wp\/v2\/types\/product"}],"wp:attachment":[{"href":"https:\/\/roveyayinevi.com.tr\/index.php\/wp-json\/wp\/v2\/media?parent=693862"}],"wp:term":[{"taxonomy":"product_brand","embeddable":true,"href":"https:\/\/roveyayinevi.com.tr\/index.php\/wp-json\/wp\/v2\/product_brand?post=693862"},{"taxonomy":"product_cat","embeddable":true,"href":"https:\/\/roveyayinevi.com.tr\/index.php\/wp-json\/wp\/v2\/product_cat?post=693862"},{"taxonomy":"product_tag","embeddable":true,"href":"https:\/\/roveyayinevi.com.tr\/index.php\/wp-json\/wp\/v2\/product_tag?post=693862"}],"curies":[{"name":"wp","href":"https:\/\/api.w.org\/{rel}","templated":true}]}}