{"id":693861,"date":"2025-08-27T14:17:26","date_gmt":"2025-08-27T11:17:26","guid":{"rendered":"https:\/\/roveyayinevi.com.tr\/index.php\/urun\/dayanacak-bir-bacak\/"},"modified":"2026-04-07T02:08:03","modified_gmt":"2026-04-06T23:08:03","slug":"dayanacak-bir-bacak","status":"publish","type":"product","link":"https:\/\/roveyayinevi.com.tr\/index.php\/urun\/dayanacak-bir-bacak\/","title":{"rendered":"Dayanacak Bir Bacak"},"content":{"rendered":"<p>Kar\u0131s\u0131n\u0131 \u015eapka Sanan Adam kitab\u0131yla b\u00fcy\u00fck ilgi ve ilgin\u00e7 n\u00f6rolojik vakalar\u0131 insanc\u0131 bir bak\u0131\u015f a\u00e7\u0131s\u0131yla anlatan Dr. Oliver Sacks, Dayanacak Bir Bacak&#8217;ta bu kez hasta koltu\u011funa kendisi uzan\u0131yor. Norve\u00e7&#8217;te \u0131ss\u0131z bir da\u011fda bir bo\u011fayla kar\u015f\u0131la\u015fmas\u0131, baca\u011f\u0131n\u0131n sakatlanmas\u0131na neden oluyor. Ge\u00e7irdi\u011fi rutin olmas\u0131 beklenen operasyondan uyand\u0131\u011f\u0131nda baca\u011f\u0131n\u0131n v\u00fccudunun bir par\u00e7as\u0131 olmad\u0131\u011f\u0131n hissetmesiyle \u015fa\u015f\u0131rt\u0131c\u0131 bir t\u0131p yolcu\u011funu ba\u015flat\u0131yor. Hastane ya\u015fam\u0131n\u0131, doktor-hasta ili\u015fkilerini ve hastan\u0131n bedenine yabanc\u0131la\u015fmas\u0131n\u0131 bir t\u0131p adama g\u00f6z\u00fcyle anlat\u0131yor Sacks. Hastal\u0131k ve iyile\u015fme d\u00f6nemine dair bu deneyimler, hasta olma haline dair s\u00fcr\u00fckleyici bir s\u00fcr\u00fckleyici bir anlat\u0131 olman\u0131n yan\u0131 s\u0131ra, kimli\u011fin bedensel temelleri \u00fczerine ayd\u0131nlat\u0131c\u0131 bir inceleme sunuyor. \ufffcTan\u0131t\u0131m Metni<\/p>\n","protected":false},"excerpt":{"rendered":"<p>Kar\u0131s\u0131n\u0131 \u015eapka Sanan Adam kitab\u0131yla b\u00fcy\u00fck ilgi ve ilgin\u00e7 n\u00f6rolojik vakalar\u0131 insanc\u0131 bir bak\u0131\u015f a\u00e7\u0131s\u0131yla anlatan Dr. Oliver Sacks, Dayanacak Bir Bacak&#8217;ta bu kez hasta koltu\u011funa<span class=\"excerpt-hellip\"> [\u2026]<\/span><\/p>\n","protected":false},"featured_media":0,"template":"","meta":{"_monsterinsights_skip_tracking":false,"_monsterinsights_sitenote_active":false,"_monsterinsights_sitenote_note":"","_monsterinsights_sitenote_category":0},"product_brand":[],"product_cat":[12291,12711],"product_tag":[],"class_list":{"0":"post-693861","1":"product","2":"type-product","3":"status-publish","5":"product_cat-edebiyat","6":"product_cat-roman-oyku","7":"pa_cilt-ciltsiz","8":"pa_tur-kitap","9":"pa_yayinevi-yapi-kredi-yayinlari","10":"pa_yazar-oliver-sacks","12":"first","13":"instock","14":"sale","15":"shipping-taxable","16":"purchasable","17":"product-type-simple"},"_links":{"self":[{"href":"https:\/\/roveyayinevi.com.tr\/index.php\/wp-json\/wp\/v2\/product\/693861","targetHints":{"allow":["GET"]}}],"collection":[{"href":"https:\/\/roveyayinevi.com.tr\/index.php\/wp-json\/wp\/v2\/product"}],"about":[{"href":"https:\/\/roveyayinevi.com.tr\/index.php\/wp-json\/wp\/v2\/types\/product"}],"wp:attachment":[{"href":"https:\/\/roveyayinevi.com.tr\/index.php\/wp-json\/wp\/v2\/media?parent=693861"}],"wp:term":[{"taxonomy":"product_brand","embeddable":true,"href":"https:\/\/roveyayinevi.com.tr\/index.php\/wp-json\/wp\/v2\/product_brand?post=693861"},{"taxonomy":"product_cat","embeddable":true,"href":"https:\/\/roveyayinevi.com.tr\/index.php\/wp-json\/wp\/v2\/product_cat?post=693861"},{"taxonomy":"product_tag","embeddable":true,"href":"https:\/\/roveyayinevi.com.tr\/index.php\/wp-json\/wp\/v2\/product_tag?post=693861"}],"curies":[{"name":"wp","href":"https:\/\/api.w.org\/{rel}","templated":true}]}}