{"id":693859,"date":"2025-08-27T14:17:26","date_gmt":"2025-08-27T11:17:26","guid":{"rendered":"https:\/\/roveyayinevi.com.tr\/index.php\/urun\/daha-iyi-bir-dunya-arayisi-son-otuz-yilin-makaleleri-ve-bildirileri\/"},"modified":"2026-04-16T02:03:48","modified_gmt":"2026-04-15T23:03:48","slug":"daha-iyi-bir-dunya-arayisi-son-otuz-yilin-makaleleri-ve-bildirileri","status":"publish","type":"product","link":"https:\/\/roveyayinevi.com.tr\/index.php\/urun\/daha-iyi-bir-dunya-arayisi-son-otuz-yilin-makaleleri-ve-bildirileri\/","title":{"rendered":"Daha \u0130yi Bir D\u00fcnya Aray\u0131\u015f\u0131 Son Otuz Y\u0131l\u0131n Makaleleri ve Bildirileri"},"content":{"rendered":"<p>Bizlerin \u015fans\u0131zl\u0131\u011f\u0131, zekam\u0131z\u0131n, etki bilincimizden daha h\u0131zl\u0131 geli\u015fmesidir. \u0130\u015fte bu \u00fcst\u00fcn zekam\u0131z sayesinde, atom bombalar\u0131n\u0131 ve hidrojen bombalar\u0131n\u0131 yapabilmi\u015fiz. Fakat her \u015feyi yok eden sava\u015ftan bizleri koruyabilecek bir d\u00fcnya devleti kurabilmek i\u00e7in, yeterli etik olgunlu\u011fa ula\u015famam\u0131\u015f\u0131z. \ufffcTan\u0131t\u0131m Metni<\/p>\n","protected":false},"excerpt":{"rendered":"<p>Bizlerin \u015fans\u0131zl\u0131\u011f\u0131, zekam\u0131z\u0131n, etki bilincimizden daha h\u0131zl\u0131 geli\u015fmesidir. \u0130\u015fte bu \u00fcst\u00fcn zekam\u0131z sayesinde, atom bombalar\u0131n\u0131 ve hidrojen bombalar\u0131n\u0131 yapabilmi\u015fiz. Fakat her \u015feyi yok eden sava\u015ftan bizleri<span class=\"excerpt-hellip\"> [\u2026]<\/span><\/p>\n","protected":false},"featured_media":0,"template":"","meta":{"_monsterinsights_skip_tracking":false,"_monsterinsights_sitenote_active":false,"_monsterinsights_sitenote_note":"","_monsterinsights_sitenote_category":0},"product_brand":[],"product_cat":[12389,12388],"product_tag":[],"class_list":{"0":"post-693859","1":"product","2":"type-product","3":"status-publish","5":"product_cat-diger-felsefe","6":"product_cat-felsefe","7":"pa_cilt-ciltsiz","8":"pa_tur-kitap","9":"pa_yayinevi-yapi-kredi-yayinlari","10":"pa_yazar-karl-r-popper","12":"first","13":"instock","14":"sale","15":"shipping-taxable","16":"purchasable","17":"product-type-simple"},"_links":{"self":[{"href":"https:\/\/roveyayinevi.com.tr\/index.php\/wp-json\/wp\/v2\/product\/693859","targetHints":{"allow":["GET"]}}],"collection":[{"href":"https:\/\/roveyayinevi.com.tr\/index.php\/wp-json\/wp\/v2\/product"}],"about":[{"href":"https:\/\/roveyayinevi.com.tr\/index.php\/wp-json\/wp\/v2\/types\/product"}],"wp:attachment":[{"href":"https:\/\/roveyayinevi.com.tr\/index.php\/wp-json\/wp\/v2\/media?parent=693859"}],"wp:term":[{"taxonomy":"product_brand","embeddable":true,"href":"https:\/\/roveyayinevi.com.tr\/index.php\/wp-json\/wp\/v2\/product_brand?post=693859"},{"taxonomy":"product_cat","embeddable":true,"href":"https:\/\/roveyayinevi.com.tr\/index.php\/wp-json\/wp\/v2\/product_cat?post=693859"},{"taxonomy":"product_tag","embeddable":true,"href":"https:\/\/roveyayinevi.com.tr\/index.php\/wp-json\/wp\/v2\/product_tag?post=693859"}],"curies":[{"name":"wp","href":"https:\/\/api.w.org\/{rel}","templated":true}]}}