{"id":693858,"date":"2025-08-27T14:17:26","date_gmt":"2025-08-27T11:17:26","guid":{"rendered":"https:\/\/roveyayinevi.com.tr\/index.php\/urun\/dag-uykusu\/"},"modified":"2026-02-03T02:05:46","modified_gmt":"2026-02-02T23:05:46","slug":"dag-uykusu","status":"publish","type":"product","link":"https:\/\/roveyayinevi.com.tr\/index.php\/urun\/dag-uykusu\/","title":{"rendered":"Da\u011f Uykusu"},"content":{"rendered":"<p>Sen bir s\u00f6zc\u00fck sayma beni betiklerinden \u00c7eker giderim b\u00fct\u00fcn t\u00fcmcelerden B\u00fct\u00fcn dizelerden Bo\u015flu\u011fum kal\u0131r G\u00f6klerden bin kat iri \ufffcTan\u0131t\u0131m Metni<\/p>\n","protected":false},"excerpt":{"rendered":"<p>Sen bir s\u00f6zc\u00fck sayma beni betiklerinden \u00c7eker giderim b\u00fct\u00fcn t\u00fcmcelerden B\u00fct\u00fcn dizelerden Bo\u015flu\u011fum kal\u0131r G\u00f6klerden bin kat iri \ufffcTan\u0131t\u0131m Metni<\/p>\n","protected":false},"featured_media":0,"template":"","meta":{"_monsterinsights_skip_tracking":false,"_monsterinsights_sitenote_active":false,"_monsterinsights_sitenote_note":"","_monsterinsights_sitenote_category":0},"product_brand":[],"product_cat":[12291,12509],"product_tag":[],"class_list":{"0":"post-693858","1":"product","2":"type-product","3":"status-publish","5":"product_cat-edebiyat","6":"product_cat-siir","7":"pa_cilt-ciltsiz","8":"pa_tur-kitap","9":"pa_yayinevi-yapi-kredi-yayinlari","10":"pa_yazar-fazil-husnu-daglarca","12":"first","13":"instock","14":"sale","15":"shipping-taxable","16":"purchasable","17":"product-type-simple"},"_links":{"self":[{"href":"https:\/\/roveyayinevi.com.tr\/index.php\/wp-json\/wp\/v2\/product\/693858","targetHints":{"allow":["GET"]}}],"collection":[{"href":"https:\/\/roveyayinevi.com.tr\/index.php\/wp-json\/wp\/v2\/product"}],"about":[{"href":"https:\/\/roveyayinevi.com.tr\/index.php\/wp-json\/wp\/v2\/types\/product"}],"wp:attachment":[{"href":"https:\/\/roveyayinevi.com.tr\/index.php\/wp-json\/wp\/v2\/media?parent=693858"}],"wp:term":[{"taxonomy":"product_brand","embeddable":true,"href":"https:\/\/roveyayinevi.com.tr\/index.php\/wp-json\/wp\/v2\/product_brand?post=693858"},{"taxonomy":"product_cat","embeddable":true,"href":"https:\/\/roveyayinevi.com.tr\/index.php\/wp-json\/wp\/v2\/product_cat?post=693858"},{"taxonomy":"product_tag","embeddable":true,"href":"https:\/\/roveyayinevi.com.tr\/index.php\/wp-json\/wp\/v2\/product_tag?post=693858"}],"curies":[{"name":"wp","href":"https:\/\/api.w.org\/{rel}","templated":true}]}}