{"id":693856,"date":"2025-08-27T14:17:25","date_gmt":"2025-08-27T11:17:25","guid":{"rendered":"https:\/\/roveyayinevi.com.tr\/index.php\/urun\/bogurtlen-cini-ve-sari-gaga\/"},"modified":"2026-04-16T02:03:48","modified_gmt":"2026-04-15T23:03:48","slug":"bogurtlen-cini-ve-sari-gaga","status":"publish","type":"product","link":"https:\/\/roveyayinevi.com.tr\/index.php\/urun\/bogurtlen-cini-ve-sari-gaga\/","title":{"rendered":"B\u00f6\u011f\u00fcrtlen Cini ve Sar\u0131 Gaga"},"content":{"rendered":"<p>Sar\u0131 gagal\u0131 k\u00fc\u00e7\u00fck ku\u015f g\u00f6\u00e7 zaman\u0131n\u0131 ka\u00e7\u0131rm\u0131\u015ft\u0131. Yapraklar\u0131n\u0131 d\u00f6kmeyen ya\u015fl\u0131 a\u011fa\u00e7 ve B\u00f6\u011f\u00fcrtlen Cini, yaln\u0131z kalan Sar\u0131 Gaga&#8217;y\u0131 korumak i\u00e7in kollar\u0131 s\u0131vad\u0131lar. Dostluk ve dayan\u0131\u015fman\u0131n en g\u00fczel \u00f6yk\u00fclerinden biri&#8230;<\/p>\n","protected":false},"excerpt":{"rendered":"<p>Sar\u0131 gagal\u0131 k\u00fc\u00e7\u00fck ku\u015f g\u00f6\u00e7 zaman\u0131n\u0131 ka\u00e7\u0131rm\u0131\u015ft\u0131. Yapraklar\u0131n\u0131 d\u00f6kmeyen ya\u015fl\u0131 a\u011fa\u00e7 ve B\u00f6\u011f\u00fcrtlen Cini, yaln\u0131z kalan Sar\u0131 Gaga&#8217;y\u0131 korumak i\u00e7in kollar\u0131 s\u0131vad\u0131lar. Dostluk ve dayan\u0131\u015fman\u0131n en<span class=\"excerpt-hellip\"> [\u2026]<\/span><\/p>\n","protected":false},"featured_media":0,"template":"","meta":{"_monsterinsights_skip_tracking":false,"_monsterinsights_sitenote_active":false,"_monsterinsights_sitenote_note":"","_monsterinsights_sitenote_category":0},"product_brand":[],"product_cat":[12274,12518],"product_tag":[],"class_list":{"0":"post-693856","1":"product","2":"type-product","3":"status-publish","5":"product_cat-cocuk-ve-genclik-kitaplari","6":"product_cat-okul-oncesi-kitaplar","7":"pa_cilt-ciltsiz","8":"pa_tur-kitap","9":"pa_yayinevi-yapi-kredi-yayinlari","10":"pa_yazar-feridun-oral","12":"first","13":"instock","14":"sale","15":"shipping-taxable","16":"purchasable","17":"product-type-simple"},"_links":{"self":[{"href":"https:\/\/roveyayinevi.com.tr\/index.php\/wp-json\/wp\/v2\/product\/693856","targetHints":{"allow":["GET"]}}],"collection":[{"href":"https:\/\/roveyayinevi.com.tr\/index.php\/wp-json\/wp\/v2\/product"}],"about":[{"href":"https:\/\/roveyayinevi.com.tr\/index.php\/wp-json\/wp\/v2\/types\/product"}],"wp:attachment":[{"href":"https:\/\/roveyayinevi.com.tr\/index.php\/wp-json\/wp\/v2\/media?parent=693856"}],"wp:term":[{"taxonomy":"product_brand","embeddable":true,"href":"https:\/\/roveyayinevi.com.tr\/index.php\/wp-json\/wp\/v2\/product_brand?post=693856"},{"taxonomy":"product_cat","embeddable":true,"href":"https:\/\/roveyayinevi.com.tr\/index.php\/wp-json\/wp\/v2\/product_cat?post=693856"},{"taxonomy":"product_tag","embeddable":true,"href":"https:\/\/roveyayinevi.com.tr\/index.php\/wp-json\/wp\/v2\/product_tag?post=693856"}],"curies":[{"name":"wp","href":"https:\/\/api.w.org\/{rel}","templated":true}]}}