{"id":693854,"date":"2025-08-27T14:17:25","date_gmt":"2025-08-27T11:17:25","guid":{"rendered":"https:\/\/roveyayinevi.com.tr\/index.php\/urun\/bizans-yeni-roma-imparatorlugu\/"},"modified":"2026-04-16T02:03:48","modified_gmt":"2026-04-15T23:03:48","slug":"bizans-yeni-roma-imparatorlugu","status":"publish","type":"product","link":"https:\/\/roveyayinevi.com.tr\/index.php\/urun\/bizans-yeni-roma-imparatorlugu\/","title":{"rendered":"Bizans Yeni Roma \u0130mparatorlu\u011fu"},"content":{"rendered":"<p>De\u011fi\u015fik bir Bizans kitab\u0131. Alan\u0131n yetikin uzman\u0131 Cyril Mango bu kez Bizans&#8217;\u0131 i\u00e7 dinamikleriyle ele al\u0131yor. Eski d\u00fcnyan\u0131n bu son b\u00fcy\u00fck imparatorlu\u011funu \u00e7ok kavimlili\u011fi, ekonomik i\u015fleyi\u015fi, toplumsal \u00f6zellikleri, siyasal ya\u015fam\u0131, H\u0131ristiyanl\u0131\u011f\u0131n getirdi\u011fi yeni dinsel yap\u0131s\u0131, manast\u0131rlar\u0131 ve e\u011fitim d\u00fczeni ile \u00f6zl\u00fc bi\u00e7imde irdeliyor. Yazar ikinci k\u0131s\u0131mda Bizans&#8217;\u0131n d\u00fcnyay\u0131 kavrama d\u00fc\u015f\u00fcncesi \u00fcst\u00fcnde duruyor. Bu alanda Hristiyanl\u0131\u011f\u0131n getirdi\u011fi a\u00e7\u0131klamalar\u0131n nas\u0131l bir evrim ge\u00e7irdi\u011fini, ne gibi \u00e7at\u0131\u015fmalara yol a\u00e7t\u0131\u011f\u0131n\u0131 anlat\u0131yor. \u00dc\u00e7\u00fcnc\u00fc ve son k\u0131s\u0131mda ise Bizans&#8217;\u0131n d\u00fcnya k\u00fclt\u00fcr miras\u0131na katk\u0131s\u0131n\u0131, edebiyat ile sanat mimari ana ba\u015fl\u0131klar\u0131yla ele al\u0131yor. Bin y\u0131ll\u0131k bir imparatorlu\u011fun toplumsal, ekonomik, sanatsal ve be\u015feri \u00f6zelliklerini b\u00fct\u00fcnc\u00fcl bir yakla\u015f\u0131mla kavramak i\u00e7in Cyril Mango bize sa\u011flam ve kolay anla\u015f\u0131l\u0131r bir metin sunuyor. \ufffcTan\u0131t\u0131m Metni<\/p>\n","protected":false},"excerpt":{"rendered":"<p>De\u011fi\u015fik bir Bizans kitab\u0131. Alan\u0131n yetikin uzman\u0131 Cyril Mango bu kez Bizans&#8217;\u0131 i\u00e7 dinamikleriyle ele al\u0131yor. Eski d\u00fcnyan\u0131n bu son b\u00fcy\u00fck imparatorlu\u011funu \u00e7ok kavimlili\u011fi, ekonomik i\u015fleyi\u015fi,<span class=\"excerpt-hellip\"> [\u2026]<\/span><\/p>\n","protected":false},"featured_media":0,"template":"","meta":{"_monsterinsights_skip_tracking":false,"_monsterinsights_sitenote_active":false,"_monsterinsights_sitenote_note":"","_monsterinsights_sitenote_category":0},"product_brand":[],"product_cat":[12305,12304],"product_tag":[],"class_list":{"0":"post-693854","1":"product","2":"type-product","3":"status-publish","5":"product_cat-dunya-tarihi","6":"product_cat-tarih","7":"pa_cilt-ciltsiz","8":"pa_tur-kitap","9":"pa_yayinevi-yapi-kredi-yayinlari","10":"pa_yazar-cyril-mango","12":"first","13":"instock","14":"sale","15":"shipping-taxable","16":"purchasable","17":"product-type-simple"},"_links":{"self":[{"href":"https:\/\/roveyayinevi.com.tr\/index.php\/wp-json\/wp\/v2\/product\/693854","targetHints":{"allow":["GET"]}}],"collection":[{"href":"https:\/\/roveyayinevi.com.tr\/index.php\/wp-json\/wp\/v2\/product"}],"about":[{"href":"https:\/\/roveyayinevi.com.tr\/index.php\/wp-json\/wp\/v2\/types\/product"}],"wp:attachment":[{"href":"https:\/\/roveyayinevi.com.tr\/index.php\/wp-json\/wp\/v2\/media?parent=693854"}],"wp:term":[{"taxonomy":"product_brand","embeddable":true,"href":"https:\/\/roveyayinevi.com.tr\/index.php\/wp-json\/wp\/v2\/product_brand?post=693854"},{"taxonomy":"product_cat","embeddable":true,"href":"https:\/\/roveyayinevi.com.tr\/index.php\/wp-json\/wp\/v2\/product_cat?post=693854"},{"taxonomy":"product_tag","embeddable":true,"href":"https:\/\/roveyayinevi.com.tr\/index.php\/wp-json\/wp\/v2\/product_tag?post=693854"}],"curies":[{"name":"wp","href":"https:\/\/api.w.org\/{rel}","templated":true}]}}