{"id":693853,"date":"2025-08-27T14:17:24","date_gmt":"2025-08-27T11:17:24","guid":{"rendered":"https:\/\/roveyayinevi.com.tr\/index.php\/urun\/cokkulturculuk-taninma-politikasi\/"},"modified":"2026-04-16T02:03:48","modified_gmt":"2026-04-15T23:03:48","slug":"cokkulturculuk-taninma-politikasi","status":"publish","type":"product","link":"https:\/\/roveyayinevi.com.tr\/index.php\/urun\/cokkulturculuk-taninma-politikasi\/","title":{"rendered":"\u00c7okk\u00fclt\u00fcrc\u00fcl\u00fck Tan\u0131nma Politikas\u0131"},"content":{"rendered":"<p>\u00c7okk\u00fclt\u00fcrc\u00fcl\u00fck &#8211; Tan\u0131nma Politikas\u0131, d\u00fcnya ve T\u00fcrkiye g\u00fcndeminin \u00e7ok \u00f6nemli bir maddesini, kuramsal ve eylemsel temellere oturtarak tart\u0131\u015fmaya a\u00e7\u0131yor.Liberal demokratik y\u00f6netimler, bir toplum i\u00e7indeki farkl\u0131 k\u00fclt\u00fcrel gelenekleri ve onlar\u0131n de\u011ferlerini tan\u0131mal\u0131 m\u0131? Bu tan\u0131nma, az\u0131nl\u0131k k\u00fclt\u00fcrlerine ayr\u0131cal\u0131klar getirmeli mi? Yoksa \u201ciyi olan kazans\u0131n\u201d diyen devlet, insan haklar\u0131n\u0131 koruma \u00e7izgisine \u00e7ekilmeli, \u00f6tesine kar\u0131\u015fmamal\u0131, k\u00fclt\u00fcrlerin ya\u015fam sava\u015f\u0131mlar\u0131nda tarafs\u0131z m\u0131 kalmal\u0131?Charles Taylor kendi makalesinde bu ve buna benzer sorular\u0131 soruyor, yan\u0131tlar ar\u0131yor; Appiah, Gutmann, Habermas, Rockefeller, Walzer ve Wolf ise, Taylor\u2019\u0131n makalesinden hareketle, e\u011fitim, feminizm, k\u00fclt\u00fcrel ayr\u0131mc\u0131l\u0131k, anayasal devlet ve etik sorunlar gibi ba\u011flamlarda, \u201ctan\u0131nma politikas\u0131\u201dn\u0131 irdeliyor. Levent K\u00f6ker, kitab\u0131n T\u00fcrk\u00e7e bask\u0131s\u0131na \u00f6ns\u00f6z yazd\u0131. <\/p>\n","protected":false},"excerpt":{"rendered":"<p>\u00c7okk\u00fclt\u00fcrc\u00fcl\u00fck &#8211; Tan\u0131nma Politikas\u0131, d\u00fcnya ve T\u00fcrkiye g\u00fcndeminin \u00e7ok \u00f6nemli bir maddesini, kuramsal ve eylemsel temellere oturtarak tart\u0131\u015fmaya a\u00e7\u0131yor.Liberal demokratik y\u00f6netimler, bir toplum i\u00e7indeki farkl\u0131 k\u00fclt\u00fcrel<span class=\"excerpt-hellip\"> [\u2026]<\/span><\/p>\n","protected":false},"featured_media":0,"template":"","meta":{"_monsterinsights_skip_tracking":false,"_monsterinsights_sitenote_active":false,"_monsterinsights_sitenote_note":"","_monsterinsights_sitenote_category":0},"product_brand":[],"product_cat":[13633,12324],"product_tag":[],"class_list":{"0":"post-693853","1":"product","2":"type-product","3":"status-publish","5":"product_cat-kultur-ve-bilim","6":"product_cat-sosyoloji","7":"pa_cilt-ciltsiz","8":"pa_tur-kitap","9":"pa_yayinevi-yapi-kredi-yayinlari","10":"pa_yazar-charles-taylor","12":"first","13":"instock","14":"sale","15":"shipping-taxable","16":"purchasable","17":"product-type-simple"},"_links":{"self":[{"href":"https:\/\/roveyayinevi.com.tr\/index.php\/wp-json\/wp\/v2\/product\/693853","targetHints":{"allow":["GET"]}}],"collection":[{"href":"https:\/\/roveyayinevi.com.tr\/index.php\/wp-json\/wp\/v2\/product"}],"about":[{"href":"https:\/\/roveyayinevi.com.tr\/index.php\/wp-json\/wp\/v2\/types\/product"}],"wp:attachment":[{"href":"https:\/\/roveyayinevi.com.tr\/index.php\/wp-json\/wp\/v2\/media?parent=693853"}],"wp:term":[{"taxonomy":"product_brand","embeddable":true,"href":"https:\/\/roveyayinevi.com.tr\/index.php\/wp-json\/wp\/v2\/product_brand?post=693853"},{"taxonomy":"product_cat","embeddable":true,"href":"https:\/\/roveyayinevi.com.tr\/index.php\/wp-json\/wp\/v2\/product_cat?post=693853"},{"taxonomy":"product_tag","embeddable":true,"href":"https:\/\/roveyayinevi.com.tr\/index.php\/wp-json\/wp\/v2\/product_tag?post=693853"}],"curies":[{"name":"wp","href":"https:\/\/api.w.org\/{rel}","templated":true}]}}