{"id":693852,"date":"2025-08-27T14:17:24","date_gmt":"2025-08-27T11:17:24","guid":{"rendered":"https:\/\/roveyayinevi.com.tr\/index.php\/urun\/cavdar-tarlasinda-cocuklar\/"},"modified":"2026-04-16T02:03:48","modified_gmt":"2026-04-15T23:03:48","slug":"cavdar-tarlasinda-cocuklar","status":"publish","type":"product","link":"https:\/\/roveyayinevi.com.tr\/index.php\/urun\/cavdar-tarlasinda-cocuklar\/","title":{"rendered":"\u00c7avdar Tarlas\u0131nda \u00c7ocuklar"},"content":{"rendered":"<p>Pek \u00e7ok insan\u0131n hakk\u0131nda konu\u015ftu\u011fum i\u00e7in \u00fczg\u00fcn\u00fcm. Bildi\u011fim tek \u015fey; size anlatt\u0131\u011f\u0131m herkesi biraz \u00f6zl\u00fcyorum. Bizim Stradlater&#8217;i ve Ackley&#8217;i bile s\u00f6zgelimi. San\u0131r\u0131m o lanet Maurice&#8217;i bile \u00f6zl\u00fcyorum. Sak\u0131n kimseye bir\u015fey anlatmay\u0131n. Herkesi \u00f6zlemeye ba\u015fl\u0131yorsunuz sonra. \u00c7avdar Tarlas\u0131nda \u00e7ocuklar, Salinger&#8217;in tek roman\u0131. Ergenlik \u00e7a\u011f\u0131n\u0131n i\u00e7inde, yeti\u015fkin d\u00fcnyan\u0131n d\u00fczenine kar\u015f\u0131 isyankar bir \u00e7ocu\u011fun, bir Noel \u00f6ncesi ba\u015f\u0131na gelenler&#8230; <\/p>\n","protected":false},"excerpt":{"rendered":"<p>Pek \u00e7ok insan\u0131n hakk\u0131nda konu\u015ftu\u011fum i\u00e7in \u00fczg\u00fcn\u00fcm. Bildi\u011fim tek \u015fey; size anlatt\u0131\u011f\u0131m herkesi biraz \u00f6zl\u00fcyorum. Bizim Stradlater&#8217;i ve Ackley&#8217;i bile s\u00f6zgelimi. San\u0131r\u0131m o lanet Maurice&#8217;i bile<span class=\"excerpt-hellip\"> [\u2026]<\/span><\/p>\n","protected":false},"featured_media":0,"template":"","meta":{"_monsterinsights_skip_tracking":false,"_monsterinsights_sitenote_active":false,"_monsterinsights_sitenote_note":"","_monsterinsights_sitenote_category":0},"product_brand":[],"product_cat":[12891,12291],"product_tag":[],"class_list":{"0":"post-693852","1":"product","2":"type-product","3":"status-publish","5":"product_cat-amerikan-edebiyati","6":"product_cat-edebiyat","7":"pa_cilt-ciltsiz","8":"pa_tur-kitap","9":"pa_yayinevi-yapi-kredi-yayinlari","10":"pa_yazar-jerome-david-salinger","12":"first","13":"instock","14":"sale","15":"shipping-taxable","16":"purchasable","17":"product-type-simple"},"_links":{"self":[{"href":"https:\/\/roveyayinevi.com.tr\/index.php\/wp-json\/wp\/v2\/product\/693852","targetHints":{"allow":["GET"]}}],"collection":[{"href":"https:\/\/roveyayinevi.com.tr\/index.php\/wp-json\/wp\/v2\/product"}],"about":[{"href":"https:\/\/roveyayinevi.com.tr\/index.php\/wp-json\/wp\/v2\/types\/product"}],"wp:attachment":[{"href":"https:\/\/roveyayinevi.com.tr\/index.php\/wp-json\/wp\/v2\/media?parent=693852"}],"wp:term":[{"taxonomy":"product_brand","embeddable":true,"href":"https:\/\/roveyayinevi.com.tr\/index.php\/wp-json\/wp\/v2\/product_brand?post=693852"},{"taxonomy":"product_cat","embeddable":true,"href":"https:\/\/roveyayinevi.com.tr\/index.php\/wp-json\/wp\/v2\/product_cat?post=693852"},{"taxonomy":"product_tag","embeddable":true,"href":"https:\/\/roveyayinevi.com.tr\/index.php\/wp-json\/wp\/v2\/product_tag?post=693852"}],"curies":[{"name":"wp","href":"https:\/\/api.w.org\/{rel}","templated":true}]}}