{"id":693850,"date":"2025-08-27T14:17:24","date_gmt":"2025-08-27T11:17:24","guid":{"rendered":"https:\/\/roveyayinevi.com.tr\/index.php\/urun\/cocuklugun-soguk-geceleri\/"},"modified":"2026-04-16T02:03:48","modified_gmt":"2026-04-15T23:03:48","slug":"cocuklugun-soguk-geceleri","status":"publish","type":"product","link":"https:\/\/roveyayinevi.com.tr\/index.php\/urun\/cocuklugun-soguk-geceleri\/","title":{"rendered":"\u00c7ocuklu\u011fun So\u011fuk Geceleri"},"content":{"rendered":"<p>Tezer \u00d6zl\u00fc&#8217;n\u00fcn bu ilk roman\u0131, ya\u015fam\u0131n yaln\u0131zca ba\u015flang\u0131c\u0131n\u0131 olu\u015fturmakla kalmayan, s\u00fcrekli d\u00f6n\u00fclen, belki de hi\u00e7 \u00e7\u0131k\u0131lamayan \u00e7ocuklu\u011fu yans\u0131t\u0131yor. Ye\u015fitkinlerin, t\u0131pk\u0131 \u00e7ocuklu\u011fa oldu\u011fu gibi, farkl\u0131l\u0131\u011fa da aman vermeyen d\u00fcnyas\u0131na kar\u015f\u0131, yazar, an\u0131lar\u0131n \u00e7\u0131plak ger\u00e7ekli\u011fine s\u0131\u011f\u0131n\u0131yor. Tezer \u00d6zl\u00fc, t\u00fcrk edebiyat\u0131n\u0131n nostaljik prensesi. \ufffcTan\u0131t\u0131m Metni<\/p>\n","protected":false},"excerpt":{"rendered":"<p>Tezer \u00d6zl\u00fc&#8217;n\u00fcn bu ilk roman\u0131, ya\u015fam\u0131n yaln\u0131zca ba\u015flang\u0131c\u0131n\u0131 olu\u015fturmakla kalmayan, s\u00fcrekli d\u00f6n\u00fclen, belki de hi\u00e7 \u00e7\u0131k\u0131lamayan \u00e7ocuklu\u011fu yans\u0131t\u0131yor. Ye\u015fitkinlerin, t\u0131pk\u0131 \u00e7ocuklu\u011fa oldu\u011fu gibi, farkl\u0131l\u0131\u011fa da aman<span class=\"excerpt-hellip\"> [\u2026]<\/span><\/p>\n","protected":false},"featured_media":0,"template":"","meta":{"_monsterinsights_skip_tracking":false,"_monsterinsights_sitenote_active":false,"_monsterinsights_sitenote_note":"","_monsterinsights_sitenote_category":0},"product_brand":[],"product_cat":[12291,12292],"product_tag":[],"class_list":{"0":"post-693850","1":"product","2":"type-product","3":"status-publish","5":"product_cat-edebiyat","6":"product_cat-turk-edebiyati","7":"pa_cilt-ciltsiz","8":"pa_tur-kitap","9":"pa_yayinevi-yapi-kredi-yayinlari","10":"pa_yazar-tezer-ozlu","12":"first","13":"instock","14":"sale","15":"shipping-taxable","16":"purchasable","17":"product-type-simple"},"_links":{"self":[{"href":"https:\/\/roveyayinevi.com.tr\/index.php\/wp-json\/wp\/v2\/product\/693850","targetHints":{"allow":["GET"]}}],"collection":[{"href":"https:\/\/roveyayinevi.com.tr\/index.php\/wp-json\/wp\/v2\/product"}],"about":[{"href":"https:\/\/roveyayinevi.com.tr\/index.php\/wp-json\/wp\/v2\/types\/product"}],"wp:attachment":[{"href":"https:\/\/roveyayinevi.com.tr\/index.php\/wp-json\/wp\/v2\/media?parent=693850"}],"wp:term":[{"taxonomy":"product_brand","embeddable":true,"href":"https:\/\/roveyayinevi.com.tr\/index.php\/wp-json\/wp\/v2\/product_brand?post=693850"},{"taxonomy":"product_cat","embeddable":true,"href":"https:\/\/roveyayinevi.com.tr\/index.php\/wp-json\/wp\/v2\/product_cat?post=693850"},{"taxonomy":"product_tag","embeddable":true,"href":"https:\/\/roveyayinevi.com.tr\/index.php\/wp-json\/wp\/v2\/product_tag?post=693850"}],"curies":[{"name":"wp","href":"https:\/\/api.w.org\/{rel}","templated":true}]}}