{"id":693848,"date":"2025-08-27T14:17:23","date_gmt":"2025-08-27T11:17:23","guid":{"rendered":"https:\/\/roveyayinevi.com.tr\/index.php\/urun\/cicek-senfonisi\/"},"modified":"2026-04-16T02:03:48","modified_gmt":"2026-04-15T23:03:48","slug":"cicek-senfonisi","status":"publish","type":"product","link":"https:\/\/roveyayinevi.com.tr\/index.php\/urun\/cicek-senfonisi\/","title":{"rendered":"\u00c7i\u00e7ek Senfonisi"},"content":{"rendered":"<p>\u00d6zdemir Asaf&#8217;\u0131n \u015fairdeki &#8216;ikinci ki\u015fi&#8217; problemini, ikinci ki\u015fi ile kendi aras\u0131ndaki ba\u011f\u0131nt\u0131lar\u0131 \u00e7e\u015fitli y\u00f6nlerden derinle\u015ftirdi\u011fi, ya\u015fay\u0131\u015f\u0131n\u0131 dolduran davran\u0131\u015flar\u0131 soyutla\u015ft\u0131rarak bir d\u00fc\u015f\u00fcnce plan\u0131na y\u00fckseltti\u011fi, bunu yaparken de, 1950 \u015fiirinin ortak bi\u00e7im anlay\u0131\u015f\u0131ndan ayr\u0131, \u00f6zel bir dil kulland\u0131\u011f\u0131 g\u00f6r\u00fcl\u00fcr; \u00e7eli\u015fmeli, oyunlu bir mant\u0131k d\u00fczeninde m\u0131sra say\u0131s\u0131n\u0131 \u00e7ok kere en aza indirdi\u011fi de olur. Beh\u00e7et Necatigil \u00d6zdemir Asaf 1950&#8217;lerde ki\u015fili\u011fini buldu\u011fu, \u015fiirinin \u00f6zelliklerini belirginle\u015ftirdi\u011fi zaman, b\u00fct\u00fcn ak\u0131mlar\u0131n d\u0131\u015f\u0131nda bir \u015fairdir. D\u00fc\u015f\u00fcnceleri, duygular\u0131 yo\u011funla\u015ft\u0131r\u0131p k\u0131sacak \u015fiirler yaz\u0131\u015f\u0131yla Uzak Do\u011fu \u00fclkelerinin bilge \u015fairlerine benziyordu. Bu \u00f6zelli\u011fiyle Garip ak\u0131m\u0131n\u0131n ilk g\u00fcnlerine de ba\u011flanabilirdi, ama o ak\u0131m i\u00e7inde fazla bir yer tutmayan bu anlay\u0131\u015f, \u00d6zdemir Asaf&#8217;ta d\u00fc\u015f\u00fcnceye iyice a\u011f\u0131rl\u0131k verilerek benimsenmi\u015f, \u00f6zenle i\u015flenmi\u015f, geli\u015ftirilmi\u015fti. \u015eiir d\u00fc\u015f\u00fcncelerin, duygular\u0131n yo\u011funla\u015ft\u0131r\u0131lmas\u0131nda aran\u0131yordu. Uzun \u015fiirlerde bile par\u00e7alar\u0131n bu anlay\u0131\u015f\u0131yla ele al\u0131nd\u0131\u011f\u0131 a\u00e7\u0131kt\u0131. Memet Fuat \u00c7i\u00e7ek Senfonisi &#8211; Toplu \u015eiirler \u00e7a\u011fda\u015f T\u00fcrk \u015fiirinin en \u00f6zg\u00fcn isimlerinden biri olan \u00d6zdemir Asaf&#8217;\u0131n sa\u011fl\u0131\u011f\u0131nda yay\u0131mlad\u0131\u011f\u0131 yedi \u015fiir kitab\u0131n\u0131 bir araya getiriyor: D\u00fcnya Ka\u00e7t\u0131 G\u00f6z\u00fcme, Sen Sen Sen, Bir Kap\u0131 \u00d6n\u00fcnde, Yumu\u015fakl\u0131klar De\u011fil, Nas\u0131ls\u0131n, \u00c7i\u00e7ekleri Yemeyin, Yaln\u0131zl\u0131k Payla\u015f\u0131lmaz. <\/p>\n","protected":false},"excerpt":{"rendered":"<p>\u00d6zdemir Asaf&#8217;\u0131n \u015fairdeki &#8216;ikinci ki\u015fi&#8217; problemini, ikinci ki\u015fi ile kendi aras\u0131ndaki ba\u011f\u0131nt\u0131lar\u0131 \u00e7e\u015fitli y\u00f6nlerden derinle\u015ftirdi\u011fi, ya\u015fay\u0131\u015f\u0131n\u0131 dolduran davran\u0131\u015flar\u0131 soyutla\u015ft\u0131rarak bir d\u00fc\u015f\u00fcnce plan\u0131na y\u00fckseltti\u011fi, bunu yaparken de,<span class=\"excerpt-hellip\"> [\u2026]<\/span><\/p>\n","protected":false},"featured_media":0,"template":"","meta":{"_monsterinsights_skip_tracking":false,"_monsterinsights_sitenote_active":false,"_monsterinsights_sitenote_note":"","_monsterinsights_sitenote_category":0},"product_brand":[],"product_cat":[12291,12292],"product_tag":[],"class_list":{"0":"post-693848","1":"product","2":"type-product","3":"status-publish","5":"product_cat-edebiyat","6":"product_cat-turk-edebiyati","7":"pa_cilt-ciltsiz","8":"pa_tur-kitap","9":"pa_yayinevi-yapi-kredi-yayinlari","10":"pa_yazar-ozdemir-asaf","12":"first","13":"instock","14":"sale","15":"shipping-taxable","16":"purchasable","17":"product-type-simple"},"_links":{"self":[{"href":"https:\/\/roveyayinevi.com.tr\/index.php\/wp-json\/wp\/v2\/product\/693848","targetHints":{"allow":["GET"]}}],"collection":[{"href":"https:\/\/roveyayinevi.com.tr\/index.php\/wp-json\/wp\/v2\/product"}],"about":[{"href":"https:\/\/roveyayinevi.com.tr\/index.php\/wp-json\/wp\/v2\/types\/product"}],"wp:attachment":[{"href":"https:\/\/roveyayinevi.com.tr\/index.php\/wp-json\/wp\/v2\/media?parent=693848"}],"wp:term":[{"taxonomy":"product_brand","embeddable":true,"href":"https:\/\/roveyayinevi.com.tr\/index.php\/wp-json\/wp\/v2\/product_brand?post=693848"},{"taxonomy":"product_cat","embeddable":true,"href":"https:\/\/roveyayinevi.com.tr\/index.php\/wp-json\/wp\/v2\/product_cat?post=693848"},{"taxonomy":"product_tag","embeddable":true,"href":"https:\/\/roveyayinevi.com.tr\/index.php\/wp-json\/wp\/v2\/product_tag?post=693848"}],"curies":[{"name":"wp","href":"https:\/\/api.w.org\/{rel}","templated":true}]}}