{"id":693847,"date":"2025-08-27T14:17:23","date_gmt":"2025-08-27T11:17:23","guid":{"rendered":"https:\/\/roveyayinevi.com.tr\/index.php\/urun\/cicek-acmis-genc-kizlarin-golgesinde\/"},"modified":"2026-04-16T02:03:48","modified_gmt":"2026-04-15T23:03:48","slug":"cicek-acmis-genc-kizlarin-golgesinde","status":"publish","type":"product","link":"https:\/\/roveyayinevi.com.tr\/index.php\/urun\/cicek-acmis-genc-kizlarin-golgesinde\/","title":{"rendered":"\u00c7i\u00e7ek A\u00e7m\u0131\u015f Gen\u00e7 K\u0131zlar\u0131n G\u00f6lgesinde"},"content":{"rendered":"<p>1919\u2019da Goncourt \u00d6d\u00fcl\u00fc alan \u00c7i\u00e7ek A\u00e7m\u0131\u015f Gen\u00e7K\u0131zlar\u0131n G\u00f6lgesinde, Proust\u2019un kendi ya\u015fam\u0131ndan, ge\u00e7mi\u015f zaman\u0131 belle\u011fin g\u00fcc\u00fcyle yeniden yarat\u0131\u015f\u0131n\u0131n \u00f6yk\u00fcs\u00fcnden bir kesit&#8230;       Kay\u0131p Zaman\u0131n \u0130zinde hem komik romand\u0131r hem trajik roman, hem ser\u00fcven roman\u0131d\u0131r hem \u015fiirsel roman, hem d\u00fc\u015flerin roman\u0131d\u0131r hem de imgeler roman\u0131&#8230;       \u201cSevdi\u011fimiz zaman, a\u015fk o kadar b\u00fcy\u00fckt\u00fcr ki bir b\u00fct\u00fcn olarak i\u00e7imize s\u0131\u011fmaz; sevdi\u011fimiz insana do\u011fru yay\u0131l\u0131r, onda kendisini durduran, ba\u015flang\u0131\u00e7 noktas\u0131na geri d\u00f6nmeye zorlayan bir y\u00fczey bulur; i\u015fte kar\u015f\u0131m\u0131zdakinin hisleri dedi\u011fimiz \u015fey, kendi sevgimizin \u00e7arp\u0131p geri d\u00f6n\u00fc\u015f\u00fcd\u00fcr; bizi gidi\u015ften daha fazla etkilemesinin, b\u00fcy\u00fclemesinin sebebiyse, kendimizden \u00e7\u0131kt\u0131\u011f\u0131n\u0131 fark etmeyi\u015fimizdir.\u201d <\/p>\n","protected":false},"excerpt":{"rendered":"<p>1919\u2019da Goncourt \u00d6d\u00fcl\u00fc alan \u00c7i\u00e7ek A\u00e7m\u0131\u015f Gen\u00e7K\u0131zlar\u0131n G\u00f6lgesinde, Proust\u2019un kendi ya\u015fam\u0131ndan, ge\u00e7mi\u015f zaman\u0131 belle\u011fin g\u00fcc\u00fcyle yeniden yarat\u0131\u015f\u0131n\u0131n \u00f6yk\u00fcs\u00fcnden bir kesit&#8230; Kay\u0131p Zaman\u0131n \u0130zinde hem komik romand\u0131r<span class=\"excerpt-hellip\"> [\u2026]<\/span><\/p>\n","protected":false},"featured_media":0,"template":"","meta":{"_monsterinsights_skip_tracking":false,"_monsterinsights_sitenote_active":false,"_monsterinsights_sitenote_note":"","_monsterinsights_sitenote_category":0},"product_brand":[],"product_cat":[12291,13376],"product_tag":[],"class_list":{"0":"post-693847","1":"product","2":"type-product","3":"status-publish","5":"product_cat-edebiyat","6":"product_cat-fransiz-edebiyati","7":"pa_cilt-ciltsiz","8":"pa_tur-kitap","9":"pa_yayinevi-yapi-kredi-yayinlari","10":"pa_yazar-marcel-proust","12":"first","13":"instock","14":"sale","15":"shipping-taxable","16":"purchasable","17":"product-type-simple"},"_links":{"self":[{"href":"https:\/\/roveyayinevi.com.tr\/index.php\/wp-json\/wp\/v2\/product\/693847","targetHints":{"allow":["GET"]}}],"collection":[{"href":"https:\/\/roveyayinevi.com.tr\/index.php\/wp-json\/wp\/v2\/product"}],"about":[{"href":"https:\/\/roveyayinevi.com.tr\/index.php\/wp-json\/wp\/v2\/types\/product"}],"wp:attachment":[{"href":"https:\/\/roveyayinevi.com.tr\/index.php\/wp-json\/wp\/v2\/media?parent=693847"}],"wp:term":[{"taxonomy":"product_brand","embeddable":true,"href":"https:\/\/roveyayinevi.com.tr\/index.php\/wp-json\/wp\/v2\/product_brand?post=693847"},{"taxonomy":"product_cat","embeddable":true,"href":"https:\/\/roveyayinevi.com.tr\/index.php\/wp-json\/wp\/v2\/product_cat?post=693847"},{"taxonomy":"product_tag","embeddable":true,"href":"https:\/\/roveyayinevi.com.tr\/index.php\/wp-json\/wp\/v2\/product_tag?post=693847"}],"curies":[{"name":"wp","href":"https:\/\/api.w.org\/{rel}","templated":true}]}}