{"id":693846,"date":"2025-08-27T14:17:23","date_gmt":"2025-08-27T11:17:23","guid":{"rendered":"https:\/\/roveyayinevi.com.tr\/index.php\/urun\/cincik\/"},"modified":"2026-04-16T02:03:48","modified_gmt":"2026-04-15T23:03:48","slug":"cincik","status":"publish","type":"product","link":"https:\/\/roveyayinevi.com.tr\/index.php\/urun\/cincik\/","title":{"rendered":"Cincik"},"content":{"rendered":"<p>Ozan de\u011fi\u015fik konular\u0131 i\u015flerken Cincik&#8217;te, insan\u0131 g\u00fcl\u00fcmsetir de. Usu g\u00fcld\u00fcrmede Hepimizin g\u00f6rd\u00fc\u011f\u00fc ya\u015fad\u0131\u011f\u0131 Ta gerilerde kalm\u0131\u015f an\u0131lar\u0131n\u0131 an\u0131msat\u0131r Cincik \u00f6yk\u00fcleriyle sunduklar\u0131m\u0131z <\/p>\n","protected":false},"excerpt":{"rendered":"<p>Ozan de\u011fi\u015fik konular\u0131 i\u015flerken Cincik&#8217;te, insan\u0131 g\u00fcl\u00fcmsetir de. Usu g\u00fcld\u00fcrmede Hepimizin g\u00f6rd\u00fc\u011f\u00fc ya\u015fad\u0131\u011f\u0131 Ta gerilerde kalm\u0131\u015f an\u0131lar\u0131n\u0131 an\u0131msat\u0131r Cincik \u00f6yk\u00fcleriyle sunduklar\u0131m\u0131z<\/p>\n","protected":false},"featured_media":0,"template":"","meta":{"_monsterinsights_skip_tracking":false,"_monsterinsights_sitenote_active":false,"_monsterinsights_sitenote_note":"","_monsterinsights_sitenote_category":0},"product_brand":[],"product_cat":[12274],"product_tag":[],"class_list":{"0":"post-693846","1":"product","2":"type-product","3":"status-publish","5":"product_cat-cocuk-ve-genclik-kitaplari","6":"pa_cilt-ciltsiz","7":"pa_tur-kitap","8":"pa_yayinevi-yapi-kredi-yayinlari","9":"pa_yazar-fazil-husnu-daglarca","11":"first","12":"instock","13":"sale","14":"shipping-taxable","15":"purchasable","16":"product-type-simple"},"_links":{"self":[{"href":"https:\/\/roveyayinevi.com.tr\/index.php\/wp-json\/wp\/v2\/product\/693846","targetHints":{"allow":["GET"]}}],"collection":[{"href":"https:\/\/roveyayinevi.com.tr\/index.php\/wp-json\/wp\/v2\/product"}],"about":[{"href":"https:\/\/roveyayinevi.com.tr\/index.php\/wp-json\/wp\/v2\/types\/product"}],"wp:attachment":[{"href":"https:\/\/roveyayinevi.com.tr\/index.php\/wp-json\/wp\/v2\/media?parent=693846"}],"wp:term":[{"taxonomy":"product_brand","embeddable":true,"href":"https:\/\/roveyayinevi.com.tr\/index.php\/wp-json\/wp\/v2\/product_brand?post=693846"},{"taxonomy":"product_cat","embeddable":true,"href":"https:\/\/roveyayinevi.com.tr\/index.php\/wp-json\/wp\/v2\/product_cat?post=693846"},{"taxonomy":"product_tag","embeddable":true,"href":"https:\/\/roveyayinevi.com.tr\/index.php\/wp-json\/wp\/v2\/product_tag?post=693846"}],"curies":[{"name":"wp","href":"https:\/\/api.w.org\/{rel}","templated":true}]}}