{"id":693845,"date":"2025-08-27T14:17:23","date_gmt":"2025-08-27T11:17:23","guid":{"rendered":"https:\/\/roveyayinevi.com.tr\/index.php\/urun\/ceviri-dillerin-dili\/"},"modified":"2026-04-16T02:03:48","modified_gmt":"2026-04-15T23:03:48","slug":"ceviri-dillerin-dili","status":"publish","type":"product","link":"https:\/\/roveyayinevi.com.tr\/index.php\/urun\/ceviri-dillerin-dili\/","title":{"rendered":"\u00c7eviri: Dillerin Dili"},"content":{"rendered":"<p>T\u00fcrkiye&#8217;de \u00e7eviribilimin kurucular\u0131ndan olan Prof. Dr. Ak\u015fit G\u00f6kt\u00fcrk&#8217;\u00fcn \u00c7eviri: Dillerin Dili adl\u0131 kitab\u0131, gerek \u00e7evirinin temel sorunlar\u0131na yakla\u015f\u0131m ba\u011flam\u0131nda sergiledi\u011fi y\u00f6ntemle, gerekse \u00e7evirinin ger\u00e7ek bir okuma eylemiyle ne denli i\u00e7i\u00e7e oldu\u011funu g\u00f6stermesiyle, alan\u0131nda bir ba\u015fyap\u0131t niteli\u011fi ta\u015f\u0131maktad\u0131r. \u00c7evirinin tarihi, \u00e7eviri t\u00fcrleri, kendine \u00f6zg\u00fc bir t\u00fcr olarak ve yarat\u0131c\u0131l\u0131k yan\u0131yla yaz\u0131n \u00e7evirisi, \u00e7eviri ele\u015ftirisi gibi konular\u0131 b\u00fct\u00fcn \u00f6nemli boyutlar\u0131yla irdeleyen \u00c7eviri: Dillerin Dili, uzmanlar\u0131n yan\u0131s\u0131ra, okuduklar\u0131n\u0131n niteli\u011fi \u00fczerine d\u00fc\u015f\u00fcnme gereksinimi duyan b\u00fct\u00fcn okurlar i\u00e7in de \u00e7ok \u00f6nemli bir bilgi kayna\u011f\u0131d\u0131r. \ufffc<\/p>\n","protected":false},"excerpt":{"rendered":"<p>T\u00fcrkiye&#8217;de \u00e7eviribilimin kurucular\u0131ndan olan Prof. Dr. Ak\u015fit G\u00f6kt\u00fcrk&#8217;\u00fcn \u00c7eviri: Dillerin Dili adl\u0131 kitab\u0131, gerek \u00e7evirinin temel sorunlar\u0131na yakla\u015f\u0131m ba\u011flam\u0131nda sergiledi\u011fi y\u00f6ntemle, gerekse \u00e7evirinin ger\u00e7ek bir okuma<span class=\"excerpt-hellip\"> [\u2026]<\/span><\/p>\n","protected":false},"featured_media":0,"template":"","meta":{"_monsterinsights_skip_tracking":false,"_monsterinsights_sitenote_active":false,"_monsterinsights_sitenote_note":"","_monsterinsights_sitenote_category":0},"product_brand":[],"product_cat":[12291,12610],"product_tag":[],"class_list":{"0":"post-693845","1":"product","2":"type-product","3":"status-publish","5":"product_cat-edebiyat","6":"product_cat-elestiri-inceleme-kuram","7":"pa_cilt-ciltsiz","8":"pa_tur-kitap","9":"pa_yayinevi-yapi-kredi-yayinlari","10":"pa_yazar-aksit-gokturk","12":"first","13":"instock","14":"sale","15":"shipping-taxable","16":"purchasable","17":"product-type-simple"},"_links":{"self":[{"href":"https:\/\/roveyayinevi.com.tr\/index.php\/wp-json\/wp\/v2\/product\/693845","targetHints":{"allow":["GET"]}}],"collection":[{"href":"https:\/\/roveyayinevi.com.tr\/index.php\/wp-json\/wp\/v2\/product"}],"about":[{"href":"https:\/\/roveyayinevi.com.tr\/index.php\/wp-json\/wp\/v2\/types\/product"}],"wp:attachment":[{"href":"https:\/\/roveyayinevi.com.tr\/index.php\/wp-json\/wp\/v2\/media?parent=693845"}],"wp:term":[{"taxonomy":"product_brand","embeddable":true,"href":"https:\/\/roveyayinevi.com.tr\/index.php\/wp-json\/wp\/v2\/product_brand?post=693845"},{"taxonomy":"product_cat","embeddable":true,"href":"https:\/\/roveyayinevi.com.tr\/index.php\/wp-json\/wp\/v2\/product_cat?post=693845"},{"taxonomy":"product_tag","embeddable":true,"href":"https:\/\/roveyayinevi.com.tr\/index.php\/wp-json\/wp\/v2\/product_tag?post=693845"}],"curies":[{"name":"wp","href":"https:\/\/api.w.org\/{rel}","templated":true}]}}