{"id":693843,"date":"2025-08-27T14:17:22","date_gmt":"2025-08-27T11:17:22","guid":{"rendered":"https:\/\/roveyayinevi.com.tr\/index.php\/urun\/bir-ada-hikayesi-4-ciplak-deniz-ciplak-ada\/"},"modified":"2026-04-16T02:03:48","modified_gmt":"2026-04-15T23:03:48","slug":"bir-ada-hikayesi-4-ciplak-deniz-ciplak-ada","status":"publish","type":"product","link":"https:\/\/roveyayinevi.com.tr\/index.php\/urun\/bir-ada-hikayesi-4-ciplak-deniz-ciplak-ada\/","title":{"rendered":"Bir Ada Hikayesi 4 &#8211; \u00c7\u0131plak Deniz \u00c7\u0131plak Ada"},"content":{"rendered":"<p>Bir Ada Hikayesi d\u00f6rtl\u00fcs\u00fc, sava\u015flaradan, k\u0131r\u0131mlardan, s\u00fcr\u00fcg\u00fcnlerden arta kalan insanlar\u0131n, Yunanistan&#8217;a g\u00f6nderilen Rumlar\u0131n bo\u015faltt\u0131\u011f\u0131 bir adada yeni bir ya\u015fam kurma \u00e7abalar\u0131n\u0131 konu al\u0131r. Umut roman\u0131n ba\u015f kahraman\u0131d\u0131r. D\u00f6rtl\u00fcn\u00fcn son kitab\u0131 \u00c7\u0131plak Deniz \u00c7\u0131plak Ada&#8217;da, ge\u00e7mi\u015fin yaralar\u0131 kapanmaya y\u00fcz tutmu\u015ftur ama tam olarak de\u011fil. Lena Ana&#8217;n\u0131n hasretle yolunu bekledi\u011fi kay\u0131p o\u011fullar\u0131 geri d\u00f6nm\u00fc\u015ft\u00fcr ama b\u00fct\u00fcn bal\u0131k\u00e7\u0131lar\u0131n reisi H\u0131risto&#8217;nun ba\u015f\u0131na beklenmedik bir olay gelir. Ya\u015far Kemal \u015fiirsellikle ya\u015fanm\u0131\u015f\u0131n tad\u0131n\u0131 birle\u015ftiren b\u00fcy\u00fck bir ustad\u0131r. Hubert Juin, Le Monde, (Fransa) Ya\u015far Kemal, insano\u011flunun \u00e7ektiklerini h\u0131rs dolu bir beceriyle anlatan y\u00fcrekli bir yazard\u0131r. O, isyan ve \u00f6fkesini, insanlara kar\u015f\u0131 bat\u0131 yazarlar\u0131nda az g\u00f6r\u00fclen bir g\u00fcvenle desteklemesini bilmi\u015ftir. New Statesman Bir epik k\u00fclt\u00fcr\u00fcn bu \u00f6l\u00e7\u00fcde derinliklerine inmi\u015f birini daha bulmak \u00e7ok g\u00fc\u00e7. Norrtelje Tidning, (\u0130sve\u00e7) Ya\u015far Kemal \u00e7a\u011fda\u015f edebiyat\u0131n e\u015fine az rast lan\u0131r devlerinden biridir. Le Figaro, (Fransa) \ufffc<\/p>\n","protected":false},"excerpt":{"rendered":"<p>Bir Ada Hikayesi d\u00f6rtl\u00fcs\u00fc, sava\u015flaradan, k\u0131r\u0131mlardan, s\u00fcr\u00fcg\u00fcnlerden arta kalan insanlar\u0131n, Yunanistan&#8217;a g\u00f6nderilen Rumlar\u0131n bo\u015faltt\u0131\u011f\u0131 bir adada yeni bir ya\u015fam kurma \u00e7abalar\u0131n\u0131 konu al\u0131r. Umut roman\u0131n ba\u015f<span class=\"excerpt-hellip\"> [\u2026]<\/span><\/p>\n","protected":false},"featured_media":0,"template":"","meta":{"_monsterinsights_skip_tracking":false,"_monsterinsights_sitenote_active":false,"_monsterinsights_sitenote_note":"","_monsterinsights_sitenote_category":0},"product_brand":[],"product_cat":[12291,12292],"product_tag":[],"class_list":{"0":"post-693843","1":"product","2":"type-product","3":"status-publish","5":"product_cat-edebiyat","6":"product_cat-turk-edebiyati","7":"pa_cilt-ciltsiz","8":"pa_tur-kitap","9":"pa_yayinevi-yapi-kredi-yayinlari","10":"pa_yazar-yasar-kemal","12":"first","13":"instock","14":"sale","15":"shipping-taxable","16":"purchasable","17":"product-type-simple"},"_links":{"self":[{"href":"https:\/\/roveyayinevi.com.tr\/index.php\/wp-json\/wp\/v2\/product\/693843","targetHints":{"allow":["GET"]}}],"collection":[{"href":"https:\/\/roveyayinevi.com.tr\/index.php\/wp-json\/wp\/v2\/product"}],"about":[{"href":"https:\/\/roveyayinevi.com.tr\/index.php\/wp-json\/wp\/v2\/types\/product"}],"wp:attachment":[{"href":"https:\/\/roveyayinevi.com.tr\/index.php\/wp-json\/wp\/v2\/media?parent=693843"}],"wp:term":[{"taxonomy":"product_brand","embeddable":true,"href":"https:\/\/roveyayinevi.com.tr\/index.php\/wp-json\/wp\/v2\/product_brand?post=693843"},{"taxonomy":"product_cat","embeddable":true,"href":"https:\/\/roveyayinevi.com.tr\/index.php\/wp-json\/wp\/v2\/product_cat?post=693843"},{"taxonomy":"product_tag","embeddable":true,"href":"https:\/\/roveyayinevi.com.tr\/index.php\/wp-json\/wp\/v2\/product_tag?post=693843"}],"curies":[{"name":"wp","href":"https:\/\/api.w.org\/{rel}","templated":true}]}}