{"id":693841,"date":"2025-08-27T14:17:22","date_gmt":"2025-08-27T11:17:22","guid":{"rendered":"https:\/\/roveyayinevi.com.tr\/index.php\/urun\/cilgin-palmiyeler\/"},"modified":"2026-04-16T02:03:48","modified_gmt":"2026-04-15T23:03:48","slug":"cilgin-palmiyeler","status":"publish","type":"product","link":"https:\/\/roveyayinevi.com.tr\/index.php\/urun\/cilgin-palmiyeler\/","title":{"rendered":"\u00c7\u0131lg\u0131n Palmiyeler"},"content":{"rendered":"<p>\u201c\u00c7\u0131lg\u0131n Palmiyeler\u201din ilk b\u00f6l\u00fcm\u00fcn\u00fc bitirir bitirmez, bir \u015feylerin eksik kald\u0131\u011f\u0131n\u0131, \u00f6yk\u00fcn\u00fcn peki\u015ftirilmesi, m\u00fczikteki kontrpuan benzeri bir y\u00f6ntemle g\u00fc\u00e7lendirilmesi gerekti\u011fini g\u00f6rd\u00fcm. Bunun \u00fczerine, \u201c\u00c7\u0131lg\u0131n Palmiyeler\u201ddeki \u00f6yk\u00fc yeniden canlan\u0131ncaya kadar \u201cIrmak Baba\u201dy\u0131 yazd\u0131m. Derken, \u201cIrmak Baba\u201dn\u0131n birinci b\u00f6l\u00fcm\u00fcn\u00fcn sonuna gelince, onu b\u0131rak\u0131p \u201c\u00c7\u0131lg\u0131n Palmiyeler\u201de d\u00f6nd\u00fcm ve gene g\u00fcc\u00fcn\u00fc yitirmeye ba\u015flay\u0131ncaya kadar yazmaya devam ettim. Sonra, onun \u201cantitez\u201di olan \u201cIrmak Baba\u201dn\u0131n bir b\u00f6l\u00fcm\u00fcn\u00fc daha yazarak \u201c\u00c7\u0131lg\u0131n Palmiyeler\u201di yeniden canland\u0131r\u0131p g\u00fc\u00e7lendirdim. <\/p>\n","protected":false},"excerpt":{"rendered":"<p>\u201c\u00c7\u0131lg\u0131n Palmiyeler\u201din ilk b\u00f6l\u00fcm\u00fcn\u00fc bitirir bitirmez, bir \u015feylerin eksik kald\u0131\u011f\u0131n\u0131, \u00f6yk\u00fcn\u00fcn peki\u015ftirilmesi, m\u00fczikteki kontrpuan benzeri bir y\u00f6ntemle g\u00fc\u00e7lendirilmesi gerekti\u011fini g\u00f6rd\u00fcm. Bunun \u00fczerine, \u201c\u00c7\u0131lg\u0131n Palmiyeler\u201ddeki \u00f6yk\u00fc yeniden<span class=\"excerpt-hellip\"> [\u2026]<\/span><\/p>\n","protected":false},"featured_media":0,"template":"","meta":{"_monsterinsights_skip_tracking":false,"_monsterinsights_sitenote_active":false,"_monsterinsights_sitenote_note":"","_monsterinsights_sitenote_category":0},"product_brand":[],"product_cat":[12777,12291],"product_tag":[],"class_list":{"0":"post-693841","1":"product","2":"type-product","3":"status-publish","5":"product_cat-deneme","6":"product_cat-edebiyat","7":"pa_cilt-ciltsiz","8":"pa_tur-kitap","9":"pa_yayinevi-yapi-kredi-yayinlari","10":"pa_yazar-william-faulkner","12":"first","13":"instock","14":"sale","15":"shipping-taxable","16":"purchasable","17":"product-type-simple"},"_links":{"self":[{"href":"https:\/\/roveyayinevi.com.tr\/index.php\/wp-json\/wp\/v2\/product\/693841","targetHints":{"allow":["GET"]}}],"collection":[{"href":"https:\/\/roveyayinevi.com.tr\/index.php\/wp-json\/wp\/v2\/product"}],"about":[{"href":"https:\/\/roveyayinevi.com.tr\/index.php\/wp-json\/wp\/v2\/types\/product"}],"wp:attachment":[{"href":"https:\/\/roveyayinevi.com.tr\/index.php\/wp-json\/wp\/v2\/media?parent=693841"}],"wp:term":[{"taxonomy":"product_brand","embeddable":true,"href":"https:\/\/roveyayinevi.com.tr\/index.php\/wp-json\/wp\/v2\/product_brand?post=693841"},{"taxonomy":"product_cat","embeddable":true,"href":"https:\/\/roveyayinevi.com.tr\/index.php\/wp-json\/wp\/v2\/product_cat?post=693841"},{"taxonomy":"product_tag","embeddable":true,"href":"https:\/\/roveyayinevi.com.tr\/index.php\/wp-json\/wp\/v2\/product_tag?post=693841"}],"curies":[{"name":"wp","href":"https:\/\/api.w.org\/{rel}","templated":true}]}}