{"id":693840,"date":"2025-08-27T14:17:21","date_gmt":"2025-08-27T11:17:21","guid":{"rendered":"https:\/\/roveyayinevi.com.tr\/index.php\/urun\/cakircali-efe\/"},"modified":"2026-04-16T02:03:48","modified_gmt":"2026-04-15T23:03:48","slug":"cakircali-efe","status":"publish","type":"product","link":"https:\/\/roveyayinevi.com.tr\/index.php\/urun\/cakircali-efe\/","title":{"rendered":"\u00c7ak\u0131rcal\u0131 Efe"},"content":{"rendered":"<p>\u00c7ak\u0131rcal\u0131 Memed Efe, on be\u015f y\u0131ldan fazla bir zaman boyunca e\u015fk\u0131ya olarak Osmanl\u0131ya ba\u015f kald\u0131rm\u0131\u015f, binden fazla insan\u0131 \u00f6ld\u00fcrm\u00fc\u015f, \u00f6te yandan fakir fukaran\u0131n koruyucusu olmu\u015ftur. Ya\u015far Kemal, \u00c7ak\u0131rcal\u0131\u2019y\u0131 \u00f6ld\u00fcren m\u00fcfrezenin kumandan\u0131 Albay R\u00fc\u015ft\u00fc Koba\u015f\u2019\u0131n verdi\u011fi bilgiler \u0131\u015f\u0131\u011f\u0131nda e\u015fk\u0131yan\u0131n hayat hikayesini, tan\u0131klar\u0131n\u0131n yorumlar\u0131na da yer vererek anlat\u0131r. Ya\u015far Kemal insano\u011flunun \u00e7ektiklerini h\u0131rs dolu bir beceriyle anlatan y\u00fcrekli bir yazard\u0131r. O isyan ve \u00f6fkesini, insanlara kar\u015f\u0131 Bat\u0131 yazarlar\u0131nda az g\u00f6r\u00fclen bir g\u00fcvenle desteklemesini bilmi\u015ftir. New Statesman, (\u0130ngiltere) Bir epik k\u00fclt\u00fcr\u00fcn bu \u00f6l\u00e7\u00fcde derinliklerine inmi\u015f birini daha bulmak \u00e7ok g\u00fc\u00e7. Norrtelje Tidning, (\u0130sve\u00e7) Ya\u015far Kemal \u00e7a\u011fda\u015f edebiyat\u0131n e\u015fine az rastlan\u0131r devlerinden biridir. Le Figaro, (Fransa) \ufffc<\/p>\n","protected":false},"excerpt":{"rendered":"<p>\u00c7ak\u0131rcal\u0131 Memed Efe, on be\u015f y\u0131ldan fazla bir zaman boyunca e\u015fk\u0131ya olarak Osmanl\u0131ya ba\u015f kald\u0131rm\u0131\u015f, binden fazla insan\u0131 \u00f6ld\u00fcrm\u00fc\u015f, \u00f6te yandan fakir fukaran\u0131n koruyucusu olmu\u015ftur. Ya\u015far<span class=\"excerpt-hellip\"> [\u2026]<\/span><\/p>\n","protected":false},"featured_media":0,"template":"","meta":{"_monsterinsights_skip_tracking":false,"_monsterinsights_sitenote_active":false,"_monsterinsights_sitenote_note":"","_monsterinsights_sitenote_category":0},"product_brand":[],"product_cat":[13946,12304],"product_tag":[],"class_list":{"0":"post-693840","1":"product","2":"type-product","3":"status-publish","5":"product_cat-biyografi-otobiyografi","6":"product_cat-tarih","7":"pa_cilt-ciltsiz","8":"pa_tur-kitap","9":"pa_yayinevi-yapi-kredi-yayinlari","10":"pa_yazar-yasar-kemal","12":"first","13":"instock","14":"sale","15":"shipping-taxable","16":"purchasable","17":"product-type-simple"},"_links":{"self":[{"href":"https:\/\/roveyayinevi.com.tr\/index.php\/wp-json\/wp\/v2\/product\/693840","targetHints":{"allow":["GET"]}}],"collection":[{"href":"https:\/\/roveyayinevi.com.tr\/index.php\/wp-json\/wp\/v2\/product"}],"about":[{"href":"https:\/\/roveyayinevi.com.tr\/index.php\/wp-json\/wp\/v2\/types\/product"}],"wp:attachment":[{"href":"https:\/\/roveyayinevi.com.tr\/index.php\/wp-json\/wp\/v2\/media?parent=693840"}],"wp:term":[{"taxonomy":"product_brand","embeddable":true,"href":"https:\/\/roveyayinevi.com.tr\/index.php\/wp-json\/wp\/v2\/product_brand?post=693840"},{"taxonomy":"product_cat","embeddable":true,"href":"https:\/\/roveyayinevi.com.tr\/index.php\/wp-json\/wp\/v2\/product_cat?post=693840"},{"taxonomy":"product_tag","embeddable":true,"href":"https:\/\/roveyayinevi.com.tr\/index.php\/wp-json\/wp\/v2\/product_tag?post=693840"}],"curies":[{"name":"wp","href":"https:\/\/api.w.org\/{rel}","templated":true}]}}