{"id":693839,"date":"2025-08-27T14:17:21","date_gmt":"2025-08-27T11:17:21","guid":{"rendered":"https:\/\/roveyayinevi.com.tr\/index.php\/urun\/aslinda-cennet-de-yok\/"},"modified":"2026-04-16T02:03:48","modified_gmt":"2026-04-15T23:03:48","slug":"aslinda-cennet-de-yok","status":"publish","type":"product","link":"https:\/\/roveyayinevi.com.tr\/index.php\/urun\/aslinda-cennet-de-yok\/","title":{"rendered":"Asl\u0131nda Cennet de Yok"},"content":{"rendered":"<p>D\u00fc\u015f\u00fcnmek ba\u011f\u0131rsaklar\u0131m\u0131 \u00e7al\u0131\u015ft\u0131r\u0131yor. D\u00fc\u015f\u00fcnmek ac\u0131 veriyor. D\u00fc\u015f\u00fcnmek \u015fakaklar\u0131m\u0131 zonklat\u0131yor. \u0130la\u00e7 almam gerekiyor sana. Yoksa uyuyam\u0131yorum. Bir insan\u0131n bir di\u011ferine yapabilece\u011fi en b\u00fcy\u00fck iyilik ondan uzak durmakt\u0131r, diyorum kendi kendime. Ho\u015fuma gidiyor. G\u00fcl\u00fcms\u00fcyorum. Kerem I\u015f\u0131k ilk kitab\u0131 Asl\u0131nda Cennet de Yok&#8217;ta, odakland\u0131\u011f\u0131 konuyu ve meselesini, kimi zaman \u00e7okkimlikli bir par\u00e7al\u0131l\u0131kla, kimi zaman s\u0131radan insana y\u00f6nelen bir sesin dikkatiyle ve en sade haliyle ele al\u0131rken, abart\u0131l\u0131 s\u00f6z oyunlar\u0131na ba\u015fvurmadan, delidolu \u00f6fkesini i\u00e7ten i\u00e7e i\u015fleyen, duygulu, d\u00fc\u015f\u00fcnceli karakterin naif ses perdesinde kalarak, duru bir T\u00fcrk\u00e7eyle kuruyor \u00f6yk\u00fclerini: Naif bak\u0131\u015f\u0131n\u0131 insan\u0131n ge\u00e7icili\u011fini kavram\u0131\u015f bir d\u00fcnya g\u00f6r\u00fc\u015f\u00fcyle b\u00fct\u00fcnle\u015ftirmi\u015f oluyor. \ufffcTan\u0131t\u0131m Metni<\/p>\n","protected":false},"excerpt":{"rendered":"<p>D\u00fc\u015f\u00fcnmek ba\u011f\u0131rsaklar\u0131m\u0131 \u00e7al\u0131\u015ft\u0131r\u0131yor. D\u00fc\u015f\u00fcnmek ac\u0131 veriyor. D\u00fc\u015f\u00fcnmek \u015fakaklar\u0131m\u0131 zonklat\u0131yor. \u0130la\u00e7 almam gerekiyor sana. Yoksa uyuyam\u0131yorum. Bir insan\u0131n bir di\u011ferine yapabilece\u011fi en b\u00fcy\u00fck iyilik ondan uzak durmakt\u0131r,<span class=\"excerpt-hellip\"> [\u2026]<\/span><\/p>\n","protected":false},"featured_media":0,"template":"","meta":{"_monsterinsights_skip_tracking":false,"_monsterinsights_sitenote_active":false,"_monsterinsights_sitenote_note":"","_monsterinsights_sitenote_category":0},"product_brand":[],"product_cat":[12291,12292],"product_tag":[],"class_list":{"0":"post-693839","1":"product","2":"type-product","3":"status-publish","5":"product_cat-edebiyat","6":"product_cat-turk-edebiyati","7":"pa_cilt-ciltsiz","8":"pa_tur-kitap","9":"pa_yayinevi-yapi-kredi-yayinlari","10":"pa_yazar-kerem-isik","12":"first","13":"instock","14":"sale","15":"shipping-taxable","16":"purchasable","17":"product-type-simple"},"_links":{"self":[{"href":"https:\/\/roveyayinevi.com.tr\/index.php\/wp-json\/wp\/v2\/product\/693839","targetHints":{"allow":["GET"]}}],"collection":[{"href":"https:\/\/roveyayinevi.com.tr\/index.php\/wp-json\/wp\/v2\/product"}],"about":[{"href":"https:\/\/roveyayinevi.com.tr\/index.php\/wp-json\/wp\/v2\/types\/product"}],"wp:attachment":[{"href":"https:\/\/roveyayinevi.com.tr\/index.php\/wp-json\/wp\/v2\/media?parent=693839"}],"wp:term":[{"taxonomy":"product_brand","embeddable":true,"href":"https:\/\/roveyayinevi.com.tr\/index.php\/wp-json\/wp\/v2\/product_brand?post=693839"},{"taxonomy":"product_cat","embeddable":true,"href":"https:\/\/roveyayinevi.com.tr\/index.php\/wp-json\/wp\/v2\/product_cat?post=693839"},{"taxonomy":"product_tag","embeddable":true,"href":"https:\/\/roveyayinevi.com.tr\/index.php\/wp-json\/wp\/v2\/product_tag?post=693839"}],"curies":[{"name":"wp","href":"https:\/\/api.w.org\/{rel}","templated":true}]}}