{"id":693838,"date":"2025-08-27T14:17:21","date_gmt":"2025-08-27T11:17:21","guid":{"rendered":"https:\/\/roveyayinevi.com.tr\/index.php\/urun\/asla-kimseyi-oldurmedi-benim-babam\/"},"modified":"2026-04-16T02:03:47","modified_gmt":"2026-04-15T23:03:47","slug":"asla-kimseyi-oldurmedi-benim-babam","status":"publish","type":"product","link":"https:\/\/roveyayinevi.com.tr\/index.php\/urun\/asla-kimseyi-oldurmedi-benim-babam\/","title":{"rendered":"Asla Kimseyi \u00d6ld\u00fcrmedi Benim Babam"},"content":{"rendered":"<p>Bir sabah \u00e7ok erken vakitte, annem odama geldi, &#8216;San\u0131r\u0131m baban \u00f6ld\u00fc&#8217; dedi. &#8216;Yine mi&#8230; &#8216; dedi\u011fimi hat\u0131rl\u0131yorum. Kalkmak istemiyordum, yorgundum ve yorgan\u0131n alt\u0131na girdim. Babam\u0131 o kadar k\u00f6r k\u00fct\u00fck sarho\u015f g\u00f6rm\u00fc\u015ft\u00fcm ki, ger\u00e7ek bir \u00f6l\u00fcyle k\u00f6r k\u00fct\u00fck sarho\u015f biri aras\u0131ndaki fark\u0131 bilemiyordum. Sonra babam doktordu ve bir doktor \u00f6lemezdi. Annem, &#8216;Bu seferki ger\u00e7ek. Hadi kalk&#8217; dedi. Kalkt\u0131m. Odas\u0131na gittim. Yata\u011f\u0131n yan\u0131 ba\u015f\u0131na d\u00fc\u015fm\u00fc\u015f a\u011fz\u0131 kan doluydu. Beni azarlamad\u0131, ger\u00e7ekten \u00f6lm\u00fc\u015ft\u00fc, 2008 Prix Femina \u00f6d\u00fcll\u00fc Jean-Louis Fournier&#8217;den otobiyografik bir anlat\u0131. Bir \u00e7ocu\u011fun g\u00f6z\u00fcnden kahraman, koruyucu,\u015fakac\u0131,al\u00e7akg\u00f6n\u00fcll\u00fc sorunlu bir imge: Baba. \ufffcTan\u0131t\u0131m Metni<\/p>\n","protected":false},"excerpt":{"rendered":"<p>Bir sabah \u00e7ok erken vakitte, annem odama geldi, &#8216;San\u0131r\u0131m baban \u00f6ld\u00fc&#8217; dedi. &#8216;Yine mi&#8230; &#8216; dedi\u011fimi hat\u0131rl\u0131yorum. Kalkmak istemiyordum, yorgundum ve yorgan\u0131n alt\u0131na girdim. Babam\u0131 o<span class=\"excerpt-hellip\"> [\u2026]<\/span><\/p>\n","protected":false},"featured_media":0,"template":"","meta":{"_monsterinsights_skip_tracking":false,"_monsterinsights_sitenote_active":false,"_monsterinsights_sitenote_note":"","_monsterinsights_sitenote_category":0},"product_brand":[],"product_cat":[12291,13376],"product_tag":[],"class_list":{"0":"post-693838","1":"product","2":"type-product","3":"status-publish","5":"product_cat-edebiyat","6":"product_cat-fransiz-edebiyati","7":"pa_cilt-ciltsiz","8":"pa_tur-kitap","9":"pa_yayinevi-yapi-kredi-yayinlari","10":"pa_yazar-jean-louis-fournier","12":"first","13":"instock","14":"sale","15":"shipping-taxable","16":"purchasable","17":"product-type-simple"},"_links":{"self":[{"href":"https:\/\/roveyayinevi.com.tr\/index.php\/wp-json\/wp\/v2\/product\/693838","targetHints":{"allow":["GET"]}}],"collection":[{"href":"https:\/\/roveyayinevi.com.tr\/index.php\/wp-json\/wp\/v2\/product"}],"about":[{"href":"https:\/\/roveyayinevi.com.tr\/index.php\/wp-json\/wp\/v2\/types\/product"}],"wp:attachment":[{"href":"https:\/\/roveyayinevi.com.tr\/index.php\/wp-json\/wp\/v2\/media?parent=693838"}],"wp:term":[{"taxonomy":"product_brand","embeddable":true,"href":"https:\/\/roveyayinevi.com.tr\/index.php\/wp-json\/wp\/v2\/product_brand?post=693838"},{"taxonomy":"product_cat","embeddable":true,"href":"https:\/\/roveyayinevi.com.tr\/index.php\/wp-json\/wp\/v2\/product_cat?post=693838"},{"taxonomy":"product_tag","embeddable":true,"href":"https:\/\/roveyayinevi.com.tr\/index.php\/wp-json\/wp\/v2\/product_tag?post=693838"}],"curies":[{"name":"wp","href":"https:\/\/api.w.org\/{rel}","templated":true}]}}