{"id":693836,"date":"2025-08-27T14:17:21","date_gmt":"2025-08-27T11:17:21","guid":{"rendered":"https:\/\/roveyayinevi.com.tr\/index.php\/urun\/cumartesi\/"},"modified":"2026-04-16T02:03:47","modified_gmt":"2026-04-15T23:03:47","slug":"cumartesi","status":"publish","type":"product","link":"https:\/\/roveyayinevi.com.tr\/index.php\/urun\/cumartesi\/","title":{"rendered":"Cumartesi"},"content":{"rendered":"<p>15 \u015eubat 2003, Cumartesi. B\u00fct\u00fcn d\u00fcnyada Irak i\u015fgaline kar\u015f\u0131 g\u00f6sterilerin yap\u0131ld\u0131\u011f\u0131, kalabal\u0131klar\u0131n soka\u011fa d\u00f6k\u00fcld\u011f\u00fc g\u00fcn, Orta ya\u015flar\u0131n\u0131 s\u00fcren ba\u015far\u0131l\u0131 bir sinir cerrah\u0131 olan Henry Perowne&#8217;unsa bu g\u00f6sterilere kat\u0131lmaya niyeti yok. Her zamanki tatil g\u00fcnlerinden birini ge\u00e7irmeyi planl\u0131yor. Ancak, ufac\u0131k bir aksakl\u0131\u011f\u0131n b\u00fct\u00fcn g\u00fcn\u00fcn, hatta bazen b\u00fct\u00fcn hayat\u0131n ak\u0131\u015f\u0131n\u0131 de\u011fi\u015ftirebilece\u011fini ac\u0131 bir tecr\u00fcbeyle \u00f6\u011freniyor. Bu cumartesi, t\u0131pk\u0131 sava\u015f kar\u015ft\u0131lar\u0131 gibi, onun i\u00e7in de \u00f6nceki cumartesilere benzemeyecek, ama farkl\u0131 nedenlerle. \u00c7a\u011fda\u015f \u0130ngiliz roman\u0131n\u0131n en \u00f6nemli yazarlar\u0131ndan biri olan Iam McEwan, son roman\u0131 Cumartesi&#8217;de, tek bir g\u00fcnde koca bir hayat\u0131 anlat\u0131rken d\u00fcnyada olup bitenlerden kendimizi ne kadar soyutlayabilece\u011fimizi de sorguluyor. Sava\u015flar\u0131n biri bitmeden di\u011feri ba\u015flarken, d\u00fcnyan\u0131n her yerinde kan d\u00f6k\u00fclmeye devam ederken, nedensiz bir \u015fiddet eyleminin gelip bizi bulmayaca\u011f\u0131n\u0131n garantisini kim verebilir? \ufffcTan\u0131t\u0131m Metni<\/p>\n","protected":false},"excerpt":{"rendered":"<p>15 \u015eubat 2003, Cumartesi. B\u00fct\u00fcn d\u00fcnyada Irak i\u015fgaline kar\u015f\u0131 g\u00f6sterilerin yap\u0131ld\u0131\u011f\u0131, kalabal\u0131klar\u0131n soka\u011fa d\u00f6k\u00fcld\u011f\u00fc g\u00fcn, Orta ya\u015flar\u0131n\u0131 s\u00fcren ba\u015far\u0131l\u0131 bir sinir cerrah\u0131 olan Henry Perowne&#8217;unsa bu<span class=\"excerpt-hellip\"> [\u2026]<\/span><\/p>\n","protected":false},"featured_media":0,"template":"","meta":{"_monsterinsights_skip_tracking":false,"_monsterinsights_sitenote_active":false,"_monsterinsights_sitenote_note":"","_monsterinsights_sitenote_category":0},"product_brand":[],"product_cat":[12291,12866],"product_tag":[],"class_list":{"0":"post-693836","1":"product","2":"type-product","3":"status-publish","5":"product_cat-edebiyat","6":"product_cat-ingiliz-edebiyati","7":"pa_cilt-ciltsiz","8":"pa_tur-kitap","9":"pa_yayinevi-yapi-kredi-yayinlari","10":"pa_yazar-ian-mcewan","12":"first","13":"instock","14":"sale","15":"shipping-taxable","16":"purchasable","17":"product-type-simple"},"_links":{"self":[{"href":"https:\/\/roveyayinevi.com.tr\/index.php\/wp-json\/wp\/v2\/product\/693836","targetHints":{"allow":["GET"]}}],"collection":[{"href":"https:\/\/roveyayinevi.com.tr\/index.php\/wp-json\/wp\/v2\/product"}],"about":[{"href":"https:\/\/roveyayinevi.com.tr\/index.php\/wp-json\/wp\/v2\/types\/product"}],"wp:attachment":[{"href":"https:\/\/roveyayinevi.com.tr\/index.php\/wp-json\/wp\/v2\/media?parent=693836"}],"wp:term":[{"taxonomy":"product_brand","embeddable":true,"href":"https:\/\/roveyayinevi.com.tr\/index.php\/wp-json\/wp\/v2\/product_brand?post=693836"},{"taxonomy":"product_cat","embeddable":true,"href":"https:\/\/roveyayinevi.com.tr\/index.php\/wp-json\/wp\/v2\/product_cat?post=693836"},{"taxonomy":"product_tag","embeddable":true,"href":"https:\/\/roveyayinevi.com.tr\/index.php\/wp-json\/wp\/v2\/product_tag?post=693836"}],"curies":[{"name":"wp","href":"https:\/\/api.w.org\/{rel}","templated":true}]}}