{"id":693835,"date":"2025-08-27T14:16:41","date_gmt":"2025-08-27T11:16:41","guid":{"rendered":"https:\/\/roveyayinevi.com.tr\/index.php\/urun\/ceviz-agacina-kar-yagdi\/"},"modified":"2026-04-16T02:03:47","modified_gmt":"2026-04-15T23:03:47","slug":"ceviz-agacina-kar-yagdi","status":"publish","type":"product","link":"https:\/\/roveyayinevi.com.tr\/index.php\/urun\/ceviz-agacina-kar-yagdi\/","title":{"rendered":"Ceviz A\u011fac\u0131na Kar Ya\u011fd\u0131"},"content":{"rendered":"<p>Sel\u00e7uk Baran (1933-1999), 1968\u2019de Yeditepe\u2019de \u00e7\u0131kan ilk \u00f6yk\u00fcs\u00fc \u201c\u00c7ocu\u011fun Biri\u201dnden son yazd\u0131klar\u0131na kadar, bir ba\u015fka \u00f6nemli \u00f6yk\u00fcc\u00fcm\u00fcz\u00fcn, Tomris Uyar\u2019\u0131n saptamas\u0131yla \u201cne kadar k\u00fc\u00e7\u00fck insanlar olsalar da\u201d \u201cb\u00fcy\u00fck ser\u00fcvenler, b\u00fcy\u00fck a\u015fklar, b\u00fcy\u00fck \u00f6l\u00fcmler \u00f6zleyen\u201d ama \u201c\u00e7evrenin, ailenin, geleneklerin bask\u0131s\u0131yla sindirilmi\u015f\u201d ki\u015fileri yazd\u0131. <\/p>\n","protected":false},"excerpt":{"rendered":"<p>Sel\u00e7uk Baran (1933-1999), 1968\u2019de Yeditepe\u2019de \u00e7\u0131kan ilk \u00f6yk\u00fcs\u00fc \u201c\u00c7ocu\u011fun Biri\u201dnden son yazd\u0131klar\u0131na kadar, bir ba\u015fka \u00f6nemli \u00f6yk\u00fcc\u00fcm\u00fcz\u00fcn, Tomris Uyar\u2019\u0131n saptamas\u0131yla \u201cne kadar k\u00fc\u00e7\u00fck insanlar olsalar da\u201d<span class=\"excerpt-hellip\"> [\u2026]<\/span><\/p>\n","protected":false},"featured_media":0,"template":"","meta":{"_monsterinsights_skip_tracking":false,"_monsterinsights_sitenote_active":false,"_monsterinsights_sitenote_note":"","_monsterinsights_sitenote_category":0},"product_brand":[],"product_cat":[12291,12292],"product_tag":[],"class_list":{"0":"post-693835","1":"product","2":"type-product","3":"status-publish","5":"product_cat-edebiyat","6":"product_cat-turk-edebiyati","7":"pa_cilt-ciltsiz","8":"pa_tur-kitap","9":"pa_yayinevi-yapi-kredi-yayinlari","10":"pa_yazar-selcuk-baran","12":"first","13":"instock","14":"sale","15":"shipping-taxable","16":"purchasable","17":"product-type-simple"},"_links":{"self":[{"href":"https:\/\/roveyayinevi.com.tr\/index.php\/wp-json\/wp\/v2\/product\/693835","targetHints":{"allow":["GET"]}}],"collection":[{"href":"https:\/\/roveyayinevi.com.tr\/index.php\/wp-json\/wp\/v2\/product"}],"about":[{"href":"https:\/\/roveyayinevi.com.tr\/index.php\/wp-json\/wp\/v2\/types\/product"}],"wp:attachment":[{"href":"https:\/\/roveyayinevi.com.tr\/index.php\/wp-json\/wp\/v2\/media?parent=693835"}],"wp:term":[{"taxonomy":"product_brand","embeddable":true,"href":"https:\/\/roveyayinevi.com.tr\/index.php\/wp-json\/wp\/v2\/product_brand?post=693835"},{"taxonomy":"product_cat","embeddable":true,"href":"https:\/\/roveyayinevi.com.tr\/index.php\/wp-json\/wp\/v2\/product_cat?post=693835"},{"taxonomy":"product_tag","embeddable":true,"href":"https:\/\/roveyayinevi.com.tr\/index.php\/wp-json\/wp\/v2\/product_tag?post=693835"}],"curies":[{"name":"wp","href":"https:\/\/api.w.org\/{rel}","templated":true}]}}