{"id":693834,"date":"2025-08-27T14:16:41","date_gmt":"2025-08-27T11:16:41","guid":{"rendered":"https:\/\/roveyayinevi.com.tr\/index.php\/urun\/araplarin-gozunden-hacli-seferleri\/"},"modified":"2026-04-16T02:03:47","modified_gmt":"2026-04-15T23:03:47","slug":"araplarin-gozunden-hacli-seferleri","status":"publish","type":"product","link":"https:\/\/roveyayinevi.com.tr\/index.php\/urun\/araplarin-gozunden-hacli-seferleri\/","title":{"rendered":"Araplar\u0131n G\u00f6z\u00fcnden Ha\u00e7l\u0131 Seferleri"},"content":{"rendered":"<p>T\u00fcm d\u00fcnyada oldu\u011fu gibi \u00fclkemizde de b\u00fcy\u00fck bir okur kitlesine sahip olan L\u00fcbnan as\u0131ll\u0131 Frans\u0131z yazar Amin Maalouf\u2019un b\u00fcy\u00fck ses getiren kitab\u0131 \u201cAraplar\u0131n G\u00f6z\u00fcnden Ha\u00e7l\u0131 Seferleri\u201d YKY taraf\u0131ndan yay\u0131mland\u0131. Maalouf\u2019un 1983 tarihli bu yap\u0131t\u0131, 11. y\u00fczy\u0131l\u0131n sonundan 13. y\u00fczy\u0131l\u0131n ba\u015f\u0131na kadar devam eden Ha\u00e7l\u0131 Seferleri\u2019ni egemen tarih anlay\u0131\u015f\u0131n\u0131n yerine \u201c\u00f6teki\u201dnin g\u00f6z\u00fcnden anlat\u0131yor. \ufffc<\/p>\n","protected":false},"excerpt":{"rendered":"<p>T\u00fcm d\u00fcnyada oldu\u011fu gibi \u00fclkemizde de b\u00fcy\u00fck bir okur kitlesine sahip olan L\u00fcbnan as\u0131ll\u0131 Frans\u0131z yazar Amin Maalouf\u2019un b\u00fcy\u00fck ses getiren kitab\u0131 \u201cAraplar\u0131n G\u00f6z\u00fcnden Ha\u00e7l\u0131 Seferleri\u201d<span class=\"excerpt-hellip\"> [\u2026]<\/span><\/p>\n","protected":false},"featured_media":0,"template":"","meta":{"_monsterinsights_skip_tracking":false,"_monsterinsights_sitenote_active":false,"_monsterinsights_sitenote_note":"","_monsterinsights_sitenote_category":0},"product_brand":[],"product_cat":[12305,12304],"product_tag":[],"class_list":{"0":"post-693834","1":"product","2":"type-product","3":"status-publish","5":"product_cat-dunya-tarihi","6":"product_cat-tarih","7":"pa_cilt-ciltsiz","8":"pa_tur-kitap","9":"pa_yayinevi-yapi-kredi-yayinlari","10":"pa_yazar-amin-maalouf","12":"first","13":"instock","14":"sale","15":"shipping-taxable","16":"purchasable","17":"product-type-simple"},"_links":{"self":[{"href":"https:\/\/roveyayinevi.com.tr\/index.php\/wp-json\/wp\/v2\/product\/693834","targetHints":{"allow":["GET"]}}],"collection":[{"href":"https:\/\/roveyayinevi.com.tr\/index.php\/wp-json\/wp\/v2\/product"}],"about":[{"href":"https:\/\/roveyayinevi.com.tr\/index.php\/wp-json\/wp\/v2\/types\/product"}],"wp:attachment":[{"href":"https:\/\/roveyayinevi.com.tr\/index.php\/wp-json\/wp\/v2\/media?parent=693834"}],"wp:term":[{"taxonomy":"product_brand","embeddable":true,"href":"https:\/\/roveyayinevi.com.tr\/index.php\/wp-json\/wp\/v2\/product_brand?post=693834"},{"taxonomy":"product_cat","embeddable":true,"href":"https:\/\/roveyayinevi.com.tr\/index.php\/wp-json\/wp\/v2\/product_cat?post=693834"},{"taxonomy":"product_tag","embeddable":true,"href":"https:\/\/roveyayinevi.com.tr\/index.php\/wp-json\/wp\/v2\/product_tag?post=693834"}],"curies":[{"name":"wp","href":"https:\/\/api.w.org\/{rel}","templated":true}]}}