{"id":693832,"date":"2025-08-27T14:16:41","date_gmt":"2025-08-27T11:16:41","guid":{"rendered":"https:\/\/roveyayinevi.com.tr\/index.php\/urun\/argo-gemicilerinin-destani-kucuk-boy\/"},"modified":"2026-04-16T02:03:47","modified_gmt":"2026-04-15T23:03:47","slug":"argo-gemicilerinin-destani-kucuk-boy","status":"publish","type":"product","link":"https:\/\/roveyayinevi.com.tr\/index.php\/urun\/argo-gemicilerinin-destani-kucuk-boy\/","title":{"rendered":"Argo Gemicilerinin Destan\u0131 (K\u00fc\u00e7\u00fck Boy)"},"content":{"rendered":"<p>Argo Gemicilerinin Destan\u0131, Troya Sava\u015f\u0131&#8217;ndan y\u0131larca \u00f6nce Argo adl\u0131 gemiye efsanevi Alt\u0131n Post&#8217;un pe\u015finde Kolkhis&#8217;e (bug\u00fcnk\u00fc Abhazya) gitmek \u00fczere denize a\u00e7\u0131lan Akhal\u0131 kahramanlar\u0131n heyecan verici hikayesidir. \u00d6nderleri \u0130ason&#8217;dur, ama aralar\u0131nda Herakles, Orpheus, Kastor, Peleus gibi \u00fcnl\u00fc mitolojik \u015fahsiyetler de vard\u0131r. Olympos tanr\u0131lar\u0131 da her zamanki \u015fa\u015f\u0131rt\u0131c\u0131 davran\u0131\u015flar\u0131yla bu ser\u00fcvendeki yerlerini al\u0131rlar. <\/p>\n","protected":false},"excerpt":{"rendered":"<p>Argo Gemicilerinin Destan\u0131, Troya Sava\u015f\u0131&#8217;ndan y\u0131larca \u00f6nce Argo adl\u0131 gemiye efsanevi Alt\u0131n Post&#8217;un pe\u015finde Kolkhis&#8217;e (bug\u00fcnk\u00fc Abhazya) gitmek \u00fczere denize a\u00e7\u0131lan Akhal\u0131 kahramanlar\u0131n heyecan verici hikayesidir.<span class=\"excerpt-hellip\"> [\u2026]<\/span><\/p>\n","protected":false},"featured_media":0,"template":"","meta":{"_monsterinsights_skip_tracking":false,"_monsterinsights_sitenote_active":false,"_monsterinsights_sitenote_note":"","_monsterinsights_sitenote_category":0},"product_brand":[],"product_cat":[12718,12858],"product_tag":[],"class_list":{"0":"post-693832","1":"product","2":"type-product","3":"status-publish","5":"product_cat-din","6":"product_cat-mitolojiler","7":"pa_cilt-ciltsiz","8":"pa_tur-kitap","9":"pa_yayinevi-yapi-kredi-yayinlari","10":"pa_yazar-rodoslu-apollonios","12":"first","13":"instock","14":"sale","15":"shipping-taxable","16":"purchasable","17":"product-type-simple"},"_links":{"self":[{"href":"https:\/\/roveyayinevi.com.tr\/index.php\/wp-json\/wp\/v2\/product\/693832","targetHints":{"allow":["GET"]}}],"collection":[{"href":"https:\/\/roveyayinevi.com.tr\/index.php\/wp-json\/wp\/v2\/product"}],"about":[{"href":"https:\/\/roveyayinevi.com.tr\/index.php\/wp-json\/wp\/v2\/types\/product"}],"wp:attachment":[{"href":"https:\/\/roveyayinevi.com.tr\/index.php\/wp-json\/wp\/v2\/media?parent=693832"}],"wp:term":[{"taxonomy":"product_brand","embeddable":true,"href":"https:\/\/roveyayinevi.com.tr\/index.php\/wp-json\/wp\/v2\/product_brand?post=693832"},{"taxonomy":"product_cat","embeddable":true,"href":"https:\/\/roveyayinevi.com.tr\/index.php\/wp-json\/wp\/v2\/product_cat?post=693832"},{"taxonomy":"product_tag","embeddable":true,"href":"https:\/\/roveyayinevi.com.tr\/index.php\/wp-json\/wp\/v2\/product_tag?post=693832"}],"curies":[{"name":"wp","href":"https:\/\/api.w.org\/{rel}","templated":true}]}}