{"id":693828,"date":"2025-08-27T14:16:40","date_gmt":"2025-08-27T11:16:40","guid":{"rendered":"https:\/\/roveyayinevi.com.tr\/index.php\/urun\/bitkiler-okulu\/"},"modified":"2026-04-03T02:07:21","modified_gmt":"2026-04-02T23:07:21","slug":"bitkiler-okulu","status":"publish","type":"product","link":"https:\/\/roveyayinevi.com.tr\/index.php\/urun\/bitkiler-okulu\/","title":{"rendered":"Bitkiler Okulu"},"content":{"rendered":"<p>Bitkiler \u00e7ocuklar i\u00e7in sanki bir oyundur. Ne \u00e7i\u00e7ek, ne a\u011fa\u00e7&#8230; ba\u015fka bir g\u00f6r\u00fcnt\u00fc. Bu yap\u0131tta bitkiler evreni \u00e7ocu\u011fun g\u00f6zleri \u00f6n\u00fcne serilmektedir. Bir Bitkiler Okulu&#8217;nda bulu\u015fmalar\u0131, a\u011fa\u00e7lar\u0131n odalara s\u0131\u011famad\u0131klar\u0131 i\u00e7in &#8216;A\u00e7\u0131k\u00f6\u011fretim&#8217; ile e\u011fitildi\u011fi anlat\u0131lmaktad\u0131r. Bitkilerin sevilmesi \u00f6nerilmektedir \u00e7ocuklara. A\u011fa\u00e7lar esen yeli sever Esen yel A\u011fa\u00e7lar\u0131 sever Ku\u015f \u0130kisini birden sever \u00c7ocuklar\u0131n hepsi \u00dc\u00e7\u00fcn\u00fc birden sever \ufffcTan\u0131t\u0131m Metni<\/p>\n","protected":false},"excerpt":{"rendered":"<p>Bitkiler \u00e7ocuklar i\u00e7in sanki bir oyundur. Ne \u00e7i\u00e7ek, ne a\u011fa\u00e7&#8230; ba\u015fka bir g\u00f6r\u00fcnt\u00fc. Bu yap\u0131tta bitkiler evreni \u00e7ocu\u011fun g\u00f6zleri \u00f6n\u00fcne serilmektedir. Bir Bitkiler Okulu&#8217;nda bulu\u015fmalar\u0131, a\u011fa\u00e7lar\u0131n<span class=\"excerpt-hellip\"> [\u2026]<\/span><\/p>\n","protected":false},"featured_media":0,"template":"","meta":{"_monsterinsights_skip_tracking":false,"_monsterinsights_sitenote_active":false,"_monsterinsights_sitenote_note":"","_monsterinsights_sitenote_category":0},"product_brand":[],"product_cat":[12274,12284],"product_tag":[],"class_list":{"0":"post-693828","1":"product","2":"type-product","3":"status-publish","5":"product_cat-cocuk-ve-genclik-kitaplari","6":"product_cat-hikayeler","7":"pa_cilt-ciltsiz","8":"pa_tur-kitap","9":"pa_yayinevi-yapi-kredi-yayinlari","10":"pa_yazar-fazil-husnu-daglarca","12":"first","13":"instock","14":"sale","15":"shipping-taxable","16":"purchasable","17":"product-type-simple"},"_links":{"self":[{"href":"https:\/\/roveyayinevi.com.tr\/index.php\/wp-json\/wp\/v2\/product\/693828","targetHints":{"allow":["GET"]}}],"collection":[{"href":"https:\/\/roveyayinevi.com.tr\/index.php\/wp-json\/wp\/v2\/product"}],"about":[{"href":"https:\/\/roveyayinevi.com.tr\/index.php\/wp-json\/wp\/v2\/types\/product"}],"wp:attachment":[{"href":"https:\/\/roveyayinevi.com.tr\/index.php\/wp-json\/wp\/v2\/media?parent=693828"}],"wp:term":[{"taxonomy":"product_brand","embeddable":true,"href":"https:\/\/roveyayinevi.com.tr\/index.php\/wp-json\/wp\/v2\/product_brand?post=693828"},{"taxonomy":"product_cat","embeddable":true,"href":"https:\/\/roveyayinevi.com.tr\/index.php\/wp-json\/wp\/v2\/product_cat?post=693828"},{"taxonomy":"product_tag","embeddable":true,"href":"https:\/\/roveyayinevi.com.tr\/index.php\/wp-json\/wp\/v2\/product_tag?post=693828"}],"curies":[{"name":"wp","href":"https:\/\/api.w.org\/{rel}","templated":true}]}}