{"id":693827,"date":"2025-08-27T14:16:40","date_gmt":"2025-08-27T11:16:40","guid":{"rendered":"https:\/\/roveyayinevi.com.tr\/index.php\/urun\/birlikte-yasayabilecek-miyiz-esitliklerimiz-ve-farkliliklarimizla\/"},"modified":"2026-04-16T02:03:47","modified_gmt":"2026-04-15T23:03:47","slug":"birlikte-yasayabilecek-miyiz-esitliklerimiz-ve-farkliliklarimizla","status":"publish","type":"product","link":"https:\/\/roveyayinevi.com.tr\/index.php\/urun\/birlikte-yasayabilecek-miyiz-esitliklerimiz-ve-farkliliklarimizla\/","title":{"rendered":"Birlikte Ya\u015fayabilecek miyiz? E\u015fitliklerimiz ve Farkl\u0131l\u0131klar\u0131m\u0131zla"},"content":{"rendered":"<p>&#8220;D\u00fcnyan\u0131n bir\u00e7ok b\u00f6lgesinde devletlerin, dinlerin, ailelerin ya da okullar\u0131n geli\u015ftirdi\u011fi toplumsal denetimler zay\u0131flamakta ve normalle normald\u0131\u015f\u0131, izin verilenle yasaklanan aras\u0131ndaki s\u0131n\u0131r belirginli\u011fini yitirmektedir. \u00d6yle ya, giderek geni\u015fleyen bir \u00e7o\u011funlu\u011fun \u00f6zel ya\u015fam\u0131n\u0131 ve kamu ya\u015fam\u0131n\u0131 her y\u00f6nden istila eden d\u00fcnyasalla\u015fm\u0131\u015f, k\u00fcreselle\u015fmi\u015f bir toplumda ya\u015fam\u0131yor muyuz? &#8216;Birlikte ya\u015fayabilir miyiz?&#8217; sorusu, \u00f6yle g\u00f6r\u00fcn\u00fcyor ki, \u00f6ncelikle basit ve \u015fimdiki zamanda kurulmu\u015f bir t\u00fcmceyle yan\u0131t buluyor: Zaten birlikte ya\u015f\u0131yoruz. Milyarlarca birey ayn\u0131 televizyon programlar\u0131n\u0131 izliyor, ayn\u0131 i\u00e7eceklerden i\u00e7iyor, ayn\u0131 giysileri giyiyor ve bir \u00fclkeden \u00f6tekine ileti\u015fim kurmak i\u00e7in, ayn\u0131 dili kullan\u0131yor. Rio&#8217;da ya da Pekin&#8217;de, bir\u00e7ok \u00fclkenin kat\u0131ld\u0131\u011f\u0131 uluslararas\u0131 toplant\u0131larda tart\u0131\u015fan ve b\u00fct\u00fcn anakaralarda, gezegenin \u0131s\u0131nmas\u0131ndan, n\u00fckleer denemelerin sonu\u00e7lar\u0131ndan ya da A I D S&#8217;in yay\u0131lmas\u0131ndan kayg\u0131 duyan bir d\u00fcnya kamuoyunun olu\u015ftu\u011funu g\u00f6r\u00fcyoruz.&#8221; Alain Touraine&#8217;i T\u00fcrk\u00e7ede Modernli\u011fin Ele\u015ftirisi ve Demokrasi Nedir? adl\u0131 kitaplar\u0131yla tan\u0131d\u0131k. Ya\u015fad\u0131\u011f\u0131m\u0131z d\u00fcnyan\u0131n karma\u015fas\u0131n\u0131, \u00e7eli\u015fkilerini, zay\u0131fl\u0131klar\u0131n\u0131 ve g\u00fcc\u00fcn\u00fc incelikle g\u00f6ren ve irdeleyen Touraine bu kez yan\u0131t\u0131 \u00e7ok kolaym\u0131\u015f gibi g\u00f6r\u00fcnen, \u00e7ok aldat\u0131c\u0131 bir soruya cesurca yan\u0131t ar\u0131yor.<\/p>\n","protected":false},"excerpt":{"rendered":"<p>&#8220;D\u00fcnyan\u0131n bir\u00e7ok b\u00f6lgesinde devletlerin, dinlerin, ailelerin ya da okullar\u0131n geli\u015ftirdi\u011fi toplumsal denetimler zay\u0131flamakta ve normalle normald\u0131\u015f\u0131, izin verilenle yasaklanan aras\u0131ndaki s\u0131n\u0131r belirginli\u011fini yitirmektedir. \u00d6yle ya, giderek<span class=\"excerpt-hellip\"> [\u2026]<\/span><\/p>\n","protected":false},"featured_media":0,"template":"","meta":{"_monsterinsights_skip_tracking":false,"_monsterinsights_sitenote_active":false,"_monsterinsights_sitenote_note":"","_monsterinsights_sitenote_category":0},"product_brand":[],"product_cat":[13278,12324],"product_tag":[],"class_list":{"0":"post-693827","1":"product","2":"type-product","3":"status-publish","5":"product_cat-sivil-toplum-kuruluslari","6":"product_cat-sosyoloji","7":"pa_cilt-ciltsiz","8":"pa_tur-kitap","9":"pa_yayinevi-yapi-kredi-yayinlari","10":"pa_yazar-alain-touraine","12":"first","13":"instock","14":"sale","15":"shipping-taxable","16":"purchasable","17":"product-type-simple"},"_links":{"self":[{"href":"https:\/\/roveyayinevi.com.tr\/index.php\/wp-json\/wp\/v2\/product\/693827","targetHints":{"allow":["GET"]}}],"collection":[{"href":"https:\/\/roveyayinevi.com.tr\/index.php\/wp-json\/wp\/v2\/product"}],"about":[{"href":"https:\/\/roveyayinevi.com.tr\/index.php\/wp-json\/wp\/v2\/types\/product"}],"wp:attachment":[{"href":"https:\/\/roveyayinevi.com.tr\/index.php\/wp-json\/wp\/v2\/media?parent=693827"}],"wp:term":[{"taxonomy":"product_brand","embeddable":true,"href":"https:\/\/roveyayinevi.com.tr\/index.php\/wp-json\/wp\/v2\/product_brand?post=693827"},{"taxonomy":"product_cat","embeddable":true,"href":"https:\/\/roveyayinevi.com.tr\/index.php\/wp-json\/wp\/v2\/product_cat?post=693827"},{"taxonomy":"product_tag","embeddable":true,"href":"https:\/\/roveyayinevi.com.tr\/index.php\/wp-json\/wp\/v2\/product_tag?post=693827"}],"curies":[{"name":"wp","href":"https:\/\/api.w.org\/{rel}","templated":true}]}}