{"id":693826,"date":"2025-08-27T14:16:40","date_gmt":"2025-08-27T11:16:40","guid":{"rendered":"https:\/\/roveyayinevi.com.tr\/index.php\/urun\/cinsiyetli-olmak\/"},"modified":"2026-04-16T02:03:47","modified_gmt":"2026-04-15T23:03:47","slug":"cinsiyetli-olmak","status":"publish","type":"product","link":"https:\/\/roveyayinevi.com.tr\/index.php\/urun\/cinsiyetli-olmak\/","title":{"rendered":"Cinsiyetli Olmak"},"content":{"rendered":"<p>Cinsiyetli Olmak, 2005 bahar\u0131nda Yap\u0131 Kredi K\u00fclt\u00fcr Sanat Yay\u0131nc\u0131l\u0131k&#8217;ta yap\u0131lan feminist etkinliklerden do\u011fan makalelerden olu\u015fan bir derleme. Felsefe, sosyoloji, psikanaliz ve edebiyat oturumlar\u0131na kat\u0131lan akademisyen ve ara\u015ft\u0131rmac\u0131lar\u0131n feminist sorularla y\u00f6nlenerek kendi alanlar\u0131n\u0131 yeniden ke\u015ffetti\u011fi, feminist d\u00fc\u015f\u00fcncenin kavramlar\u0131n\u0131 ve sorunlar\u0131n\u0131 ayd\u0131nlatarak \u00fclkemizde kuramsal a\u00e7\u0131dan pek de zengin olmayan feminist literat\u00fcre bir katk\u0131da bulundu\u011fu, aile i\u00e7i \u015fiddeti, militarizmi, feminizmin \u00fclkemizde nas\u0131l alg\u0131land\u0131\u011f\u0131n\u0131 \u00e7\u00f6z\u00fcmledi\u011fi makalelerden olu\u015fuyor. Cinsiyetli Olmak, hem edebiyat\u0131n hem de sosyal bilimlerin feminizmin yapt\u0131\u011f\u0131 a\u00e7\u0131l\u0131mlardan ne kadar etkilendi\u011fini g\u00f6zler \u00f6n\u00fcne seriyor ve bizi bu alanlar\u0131n nas\u0131l d\u00f6n\u00fc\u015ft\u00fcrmekte oldu\u011funu fark etmeye \u00e7a\u011f\u0131r\u0131yor.<\/p>\n","protected":false},"excerpt":{"rendered":"<p>Cinsiyetli Olmak, 2005 bahar\u0131nda Yap\u0131 Kredi K\u00fclt\u00fcr Sanat Yay\u0131nc\u0131l\u0131k&#8217;ta yap\u0131lan feminist etkinliklerden do\u011fan makalelerden olu\u015fan bir derleme. Felsefe, sosyoloji, psikanaliz ve edebiyat oturumlar\u0131na kat\u0131lan akademisyen ve<span class=\"excerpt-hellip\"> [\u2026]<\/span><\/p>\n","protected":false},"featured_media":0,"template":"","meta":{"_monsterinsights_skip_tracking":false,"_monsterinsights_sitenote_active":false,"_monsterinsights_sitenote_note":"","_monsterinsights_sitenote_category":0},"product_brand":[],"product_cat":[13059,12337],"product_tag":[],"class_list":{"0":"post-693826","1":"product","2":"type-product","3":"status-publish","5":"product_cat-diger-politika-siyaset","6":"product_cat-politika-siyaset","7":"pa_cilt-ciltsiz","8":"pa_tur-kitap","9":"pa_yayinevi-yapi-kredi-yayinlari","10":"pa_yazar-zeynep-direk","12":"first","13":"instock","14":"sale","15":"shipping-taxable","16":"purchasable","17":"product-type-simple"},"_links":{"self":[{"href":"https:\/\/roveyayinevi.com.tr\/index.php\/wp-json\/wp\/v2\/product\/693826","targetHints":{"allow":["GET"]}}],"collection":[{"href":"https:\/\/roveyayinevi.com.tr\/index.php\/wp-json\/wp\/v2\/product"}],"about":[{"href":"https:\/\/roveyayinevi.com.tr\/index.php\/wp-json\/wp\/v2\/types\/product"}],"wp:attachment":[{"href":"https:\/\/roveyayinevi.com.tr\/index.php\/wp-json\/wp\/v2\/media?parent=693826"}],"wp:term":[{"taxonomy":"product_brand","embeddable":true,"href":"https:\/\/roveyayinevi.com.tr\/index.php\/wp-json\/wp\/v2\/product_brand?post=693826"},{"taxonomy":"product_cat","embeddable":true,"href":"https:\/\/roveyayinevi.com.tr\/index.php\/wp-json\/wp\/v2\/product_cat?post=693826"},{"taxonomy":"product_tag","embeddable":true,"href":"https:\/\/roveyayinevi.com.tr\/index.php\/wp-json\/wp\/v2\/product_tag?post=693826"}],"curies":[{"name":"wp","href":"https:\/\/api.w.org\/{rel}","templated":true}]}}