{"id":693822,"date":"2025-08-27T14:16:39","date_gmt":"2025-08-27T11:16:39","guid":{"rendered":"https:\/\/roveyayinevi.com.tr\/index.php\/urun\/buyuk-defter-kanit-ucuncu-yalan\/"},"modified":"2026-04-16T02:03:47","modified_gmt":"2026-04-15T23:03:47","slug":"buyuk-defter-kanit-ucuncu-yalan","status":"publish","type":"product","link":"https:\/\/roveyayinevi.com.tr\/index.php\/urun\/buyuk-defter-kanit-ucuncu-yalan\/","title":{"rendered":"B\u00fcy\u00fck Defter &#8211; Kan\u0131t &#8211; \u00dc\u00e7\u00fcnc\u00fc Yalan"},"content":{"rendered":"<p>Zaman\u0131n ve ad\u0131n olmad\u0131\u011f\u0131 bir co\u011frafyada, sava\u015f\u0131n, felaketin, yoksullu\u011fun ortas\u0131nda anneannelerine emanet edilmi\u015f k\u00fc\u00e7\u00fck ikizler, bir yandan hayat\u0131 anlamaya \u00e7al\u0131\u015f\u0131rken bir yandan da ne pahas\u0131na olursa olsun hayata s\u0131k\u0131 s\u0131k\u0131 tutunmaya \u00e7al\u0131\u015f\u0131rlar. G\u00fcn gelir ikizlerin yolu ayr\u0131 d\u00fc\u015fer. Bir daha g\u00f6r\u00fc\u015febilecekler midir? Belki de, s\u0131n\u0131rlar\u0131 a\u015fmak, sadece mekanlar\u0131 ve ki\u015fileri de\u011fil, kimlikleri ve hatta ge\u00e7mi\u015fi bile de\u011fi\u015ftirebilir&#8230; Agota Kristof&#8217;tan sava\u015f, y\u0131k\u0131m, g\u00f6\u00e7menlik, kimlik, insanl\u0131k ve yazmak \u00fczerine t\u00fcyler \u00fcrpertici bir \u00fc\u00e7leme. <\/p>\n","protected":false},"excerpt":{"rendered":"<p>Zaman\u0131n ve ad\u0131n olmad\u0131\u011f\u0131 bir co\u011frafyada, sava\u015f\u0131n, felaketin, yoksullu\u011fun ortas\u0131nda anneannelerine emanet edilmi\u015f k\u00fc\u00e7\u00fck ikizler, bir yandan hayat\u0131 anlamaya \u00e7al\u0131\u015f\u0131rken bir yandan da ne pahas\u0131na olursa<span class=\"excerpt-hellip\"> [\u2026]<\/span><\/p>\n","protected":false},"featured_media":0,"template":"","meta":{"_monsterinsights_skip_tracking":false,"_monsterinsights_sitenote_active":false,"_monsterinsights_sitenote_note":"","_monsterinsights_sitenote_category":0},"product_brand":[],"product_cat":[13661,12291],"product_tag":[],"class_list":{"0":"post-693822","1":"product","2":"type-product","3":"status-publish","5":"product_cat-diger-ulke-edebiyatlari","6":"product_cat-edebiyat","7":"pa_cilt-ciltsiz","8":"pa_tur-kitap","9":"pa_yayinevi-yapi-kredi-yayinlari","10":"pa_yazar-agota-kristof","12":"first","13":"instock","14":"sale","15":"shipping-taxable","16":"purchasable","17":"product-type-simple"},"_links":{"self":[{"href":"https:\/\/roveyayinevi.com.tr\/index.php\/wp-json\/wp\/v2\/product\/693822","targetHints":{"allow":["GET"]}}],"collection":[{"href":"https:\/\/roveyayinevi.com.tr\/index.php\/wp-json\/wp\/v2\/product"}],"about":[{"href":"https:\/\/roveyayinevi.com.tr\/index.php\/wp-json\/wp\/v2\/types\/product"}],"wp:attachment":[{"href":"https:\/\/roveyayinevi.com.tr\/index.php\/wp-json\/wp\/v2\/media?parent=693822"}],"wp:term":[{"taxonomy":"product_brand","embeddable":true,"href":"https:\/\/roveyayinevi.com.tr\/index.php\/wp-json\/wp\/v2\/product_brand?post=693822"},{"taxonomy":"product_cat","embeddable":true,"href":"https:\/\/roveyayinevi.com.tr\/index.php\/wp-json\/wp\/v2\/product_cat?post=693822"},{"taxonomy":"product_tag","embeddable":true,"href":"https:\/\/roveyayinevi.com.tr\/index.php\/wp-json\/wp\/v2\/product_tag?post=693822"}],"curies":[{"name":"wp","href":"https:\/\/api.w.org\/{rel}","templated":true}]}}