{"id":693821,"date":"2025-08-27T14:16:38","date_gmt":"2025-08-27T11:16:38","guid":{"rendered":"https:\/\/roveyayinevi.com.tr\/index.php\/urun\/bundan-sonrasi-ates\/"},"modified":"2026-04-16T02:03:47","modified_gmt":"2026-04-15T23:03:47","slug":"bundan-sonrasi-ates","status":"publish","type":"product","link":"https:\/\/roveyayinevi.com.tr\/index.php\/urun\/bundan-sonrasi-ates\/","title":{"rendered":"Bundan Sonras\u0131 Ate\u015f"},"content":{"rendered":"<p>Bundan Sonras\u0131 Ate\u015f, James Baldwin\u2019in yazarl\u0131\u011f\u0131n\u0131n doru\u011funda oldu\u011fu d\u00f6nemde yay\u0131mlad\u0131\u011f\u0131 iki denemeyi, on d\u00f6rt ya\u015f\u0131ndaki ye\u011feni ve ada\u015f\u0131 James\u2019e hitaben yazd\u0131\u011f\u0131 \u201cZindan\u0131m Sars\u0131ld\u0131\u201d ile \u201c\u00c7arm\u0131hta\u201dy\u0131 bir araya getiriyor: Bir yandan Baldwin\u2019in Harlem\u2019de ge\u00e7irdi\u011fi \u00e7ocukluk ve gen\u00e7lik y\u0131llar\u0131na de\u011finen son derece ki\u015fisel bir metin; \u00f6b\u00fcr yandan Amerika\u2019daki \u0131rk sorununun tarihsel k\u00f6kenlerine dair keskin tespitlerle dolu, H\u0131ristiyanl\u0131k\u2019\u0131n ve Nation of Islam hareketinin Amerikal\u0131 siyahlar\u0131n \u00f6zg\u00fcrl\u00fck m\u00fccadelesindeki yerlerini ilk elden tan\u0131kl\u0131klara ba\u015fvurarak ele alan bir inceleme.     Bundan Sonras\u0131 Ate\u015f, ABD\u2019de k\u00f6leli\u011fi kald\u0131ran \u00d6zg\u00fcrl\u00fck Bildirgesi\u2019nin y\u00fcz\u00fcnc\u00fc y\u0131ld\u00f6n\u00fcm\u00fc olan 1963 y\u0131l\u0131nda yay\u0131mland\u0131\u011f\u0131nda siyah \u00f6zg\u00fcrl\u00fck hareketi i\u00e7in yeni bir yol g\u00f6sterici, bir \u201ckalk borusu\u201d oldu.      \u201cGe\u00e7mi\u015fini \u2013tarihini\u2013 kabullenmek, onun i\u00e7inde bo\u011fulmakla ayn\u0131 \u015fey de\u011fildir; onu ne \u015fekilde kullanabilece\u011fini \u00f6\u011frenmektir. Uydurulmu\u015f bir ge\u00e7mi\u015f asla kullan\u0131lamaz; kurak ge\u00e7en bir mevsimdeki kil gibi ya\u015fam\u0131n bask\u0131s\u0131 alt\u0131nda \u00e7atlar ve ufalan\u0131r.\u201d <\/p>\n","protected":false},"excerpt":{"rendered":"<p>Bundan Sonras\u0131 Ate\u015f, James Baldwin\u2019in yazarl\u0131\u011f\u0131n\u0131n doru\u011funda oldu\u011fu d\u00f6nemde yay\u0131mlad\u0131\u011f\u0131 iki denemeyi, on d\u00f6rt ya\u015f\u0131ndaki ye\u011feni ve ada\u015f\u0131 James\u2019e hitaben yazd\u0131\u011f\u0131 \u201cZindan\u0131m Sars\u0131ld\u0131\u201d ile \u201c\u00c7arm\u0131hta\u201dy\u0131 bir<span class=\"excerpt-hellip\"> [\u2026]<\/span><\/p>\n","protected":false},"featured_media":0,"template":"","meta":{"_monsterinsights_skip_tracking":false,"_monsterinsights_sitenote_active":false,"_monsterinsights_sitenote_note":"","_monsterinsights_sitenote_category":0},"product_brand":[],"product_cat":[12777,12291],"product_tag":[],"class_list":{"0":"post-693821","1":"product","2":"type-product","3":"status-publish","5":"product_cat-deneme","6":"product_cat-edebiyat","7":"pa_cilt-ciltsiz","8":"pa_tur-kitap","9":"pa_yayinevi-yapi-kredi-yayinlari","10":"pa_yazar-james-baldwin","12":"first","13":"instock","14":"sale","15":"shipping-taxable","16":"purchasable","17":"product-type-simple"},"_links":{"self":[{"href":"https:\/\/roveyayinevi.com.tr\/index.php\/wp-json\/wp\/v2\/product\/693821","targetHints":{"allow":["GET"]}}],"collection":[{"href":"https:\/\/roveyayinevi.com.tr\/index.php\/wp-json\/wp\/v2\/product"}],"about":[{"href":"https:\/\/roveyayinevi.com.tr\/index.php\/wp-json\/wp\/v2\/types\/product"}],"wp:attachment":[{"href":"https:\/\/roveyayinevi.com.tr\/index.php\/wp-json\/wp\/v2\/media?parent=693821"}],"wp:term":[{"taxonomy":"product_brand","embeddable":true,"href":"https:\/\/roveyayinevi.com.tr\/index.php\/wp-json\/wp\/v2\/product_brand?post=693821"},{"taxonomy":"product_cat","embeddable":true,"href":"https:\/\/roveyayinevi.com.tr\/index.php\/wp-json\/wp\/v2\/product_cat?post=693821"},{"taxonomy":"product_tag","embeddable":true,"href":"https:\/\/roveyayinevi.com.tr\/index.php\/wp-json\/wp\/v2\/product_tag?post=693821"}],"curies":[{"name":"wp","href":"https:\/\/api.w.org\/{rel}","templated":true}]}}