{"id":693819,"date":"2025-08-27T14:16:38","date_gmt":"2025-08-27T11:16:38","guid":{"rendered":"https:\/\/roveyayinevi.com.tr\/index.php\/urun\/bugunlerde-bahar-indi\/"},"modified":"2026-04-16T02:03:47","modified_gmt":"2026-04-15T23:03:47","slug":"bugunlerde-bahar-indi","status":"publish","type":"product","link":"https:\/\/roveyayinevi.com.tr\/index.php\/urun\/bugunlerde-bahar-indi\/","title":{"rendered":"Bug\u00fcnlerde Bahar \u0130ndi"},"content":{"rendered":"<p>Bug\u00fcnlerde bahar indi \u00c7ukurovan\u0131n d\u00fcz\u00fcne Donand\u0131 a\u011fa\u00e7lar Donand\u0131 d\u00fcnya Donand\u0131 ye\u015filinden al\u0131ndan Sar\u0131s\u0131ndan Donand\u0131 delicesine Bir \u0131\u015f\u0131k f\u0131\u015fk\u0131r\u0131r topraktan ya\u011fmur gibi Bir g\u00fcne\u015f doldurur ortal\u0131\u011f\u0131 Bire can\u0131m T\u00fcter A\u00e7\u0131ld\u0131 apayd\u0131nl\u0131k ter\u00fctaze Devedikeni \u00e7i\u00e7ekleri koskocaman Mosmor a\u00e7\u0131ld\u0131 Nennilendi da\u011flar Gizlenen bir \u015fairin gizli \u015fiirleri&#8230; \u0130lk kez g\u00fcn \u0131\u015f\u0131\u011f\u0131na \u00e7\u0131kanlarla birlikte&#8230;<\/p>\n","protected":false},"excerpt":{"rendered":"<p>Bug\u00fcnlerde bahar indi \u00c7ukurovan\u0131n d\u00fcz\u00fcne Donand\u0131 a\u011fa\u00e7lar Donand\u0131 d\u00fcnya Donand\u0131 ye\u015filinden al\u0131ndan Sar\u0131s\u0131ndan Donand\u0131 delicesine Bir \u0131\u015f\u0131k f\u0131\u015fk\u0131r\u0131r topraktan ya\u011fmur gibi Bir g\u00fcne\u015f doldurur ortal\u0131\u011f\u0131 Bire<span class=\"excerpt-hellip\"> [\u2026]<\/span><\/p>\n","protected":false},"featured_media":0,"template":"","meta":{"_monsterinsights_skip_tracking":false,"_monsterinsights_sitenote_active":false,"_monsterinsights_sitenote_note":"","_monsterinsights_sitenote_category":0},"product_brand":[],"product_cat":[12291,12509],"product_tag":[],"class_list":{"0":"post-693819","1":"product","2":"type-product","3":"status-publish","5":"product_cat-edebiyat","6":"product_cat-siir","7":"pa_cilt-ciltsiz","8":"pa_tur-kitap","9":"pa_yayinevi-yapi-kredi-yayinlari","10":"pa_yazar-yasar-kemal","12":"first","13":"instock","14":"sale","15":"shipping-taxable","16":"purchasable","17":"product-type-simple"},"_links":{"self":[{"href":"https:\/\/roveyayinevi.com.tr\/index.php\/wp-json\/wp\/v2\/product\/693819","targetHints":{"allow":["GET"]}}],"collection":[{"href":"https:\/\/roveyayinevi.com.tr\/index.php\/wp-json\/wp\/v2\/product"}],"about":[{"href":"https:\/\/roveyayinevi.com.tr\/index.php\/wp-json\/wp\/v2\/types\/product"}],"wp:attachment":[{"href":"https:\/\/roveyayinevi.com.tr\/index.php\/wp-json\/wp\/v2\/media?parent=693819"}],"wp:term":[{"taxonomy":"product_brand","embeddable":true,"href":"https:\/\/roveyayinevi.com.tr\/index.php\/wp-json\/wp\/v2\/product_brand?post=693819"},{"taxonomy":"product_cat","embeddable":true,"href":"https:\/\/roveyayinevi.com.tr\/index.php\/wp-json\/wp\/v2\/product_cat?post=693819"},{"taxonomy":"product_tag","embeddable":true,"href":"https:\/\/roveyayinevi.com.tr\/index.php\/wp-json\/wp\/v2\/product_tag?post=693819"}],"curies":[{"name":"wp","href":"https:\/\/api.w.org\/{rel}","templated":true}]}}