{"id":693815,"date":"2025-08-27T14:16:37","date_gmt":"2025-08-27T11:16:37","guid":{"rendered":"https:\/\/roveyayinevi.com.tr\/index.php\/urun\/boyacinin-penguenleri\/"},"modified":"2026-04-07T02:08:02","modified_gmt":"2026-04-06T23:08:02","slug":"boyacinin-penguenleri","status":"publish","type":"product","link":"https:\/\/roveyayinevi.com.tr\/index.php\/urun\/boyacinin-penguenleri\/","title":{"rendered":"Boyac\u0131n\u0131n Penguenleri"},"content":{"rendered":"<p>G\u00fcn\u00fcn birinde G\u00fcney Kutbu\u2019ndan kocaman bir paket i\u00e7inde size bir penguen g\u00f6nderilse ne yapard\u0131n\u0131z? Belki de geri g\u00f6nderirdiniz ya da hayvanat bah\u00e7esine hediye ederdiniz. \ufffcTan\u0131t\u0131m Metni<\/p>\n","protected":false},"excerpt":{"rendered":"<p>G\u00fcn\u00fcn birinde G\u00fcney Kutbu\u2019ndan kocaman bir paket i\u00e7inde size bir penguen g\u00f6nderilse ne yapard\u0131n\u0131z? Belki de geri g\u00f6nderirdiniz ya da hayvanat bah\u00e7esine hediye ederdiniz. \ufffcTan\u0131t\u0131m Metni<\/p>\n","protected":false},"featured_media":0,"template":"","meta":{"_monsterinsights_skip_tracking":false,"_monsterinsights_sitenote_active":false,"_monsterinsights_sitenote_note":"","_monsterinsights_sitenote_category":0},"product_brand":[],"product_cat":[12274,12284],"product_tag":[],"class_list":{"0":"post-693815","1":"product","2":"type-product","3":"status-publish","5":"product_cat-cocuk-ve-genclik-kitaplari","6":"product_cat-hikayeler","7":"pa_cilt-ciltsiz","8":"pa_tur-kitap","9":"pa_yayinevi-yapi-kredi-yayinlari","10":"pa_yazar-florence-atwater","12":"first","13":"instock","14":"sale","15":"shipping-taxable","16":"purchasable","17":"product-type-simple"},"_links":{"self":[{"href":"https:\/\/roveyayinevi.com.tr\/index.php\/wp-json\/wp\/v2\/product\/693815","targetHints":{"allow":["GET"]}}],"collection":[{"href":"https:\/\/roveyayinevi.com.tr\/index.php\/wp-json\/wp\/v2\/product"}],"about":[{"href":"https:\/\/roveyayinevi.com.tr\/index.php\/wp-json\/wp\/v2\/types\/product"}],"wp:attachment":[{"href":"https:\/\/roveyayinevi.com.tr\/index.php\/wp-json\/wp\/v2\/media?parent=693815"}],"wp:term":[{"taxonomy":"product_brand","embeddable":true,"href":"https:\/\/roveyayinevi.com.tr\/index.php\/wp-json\/wp\/v2\/product_brand?post=693815"},{"taxonomy":"product_cat","embeddable":true,"href":"https:\/\/roveyayinevi.com.tr\/index.php\/wp-json\/wp\/v2\/product_cat?post=693815"},{"taxonomy":"product_tag","embeddable":true,"href":"https:\/\/roveyayinevi.com.tr\/index.php\/wp-json\/wp\/v2\/product_tag?post=693815"}],"curies":[{"name":"wp","href":"https:\/\/api.w.org\/{rel}","templated":true}]}}