{"id":693813,"date":"2025-08-27T14:16:37","date_gmt":"2025-08-27T11:16:37","guid":{"rendered":"https:\/\/roveyayinevi.com.tr\/index.php\/urun\/canterbury-hikayeleri\/"},"modified":"2026-04-16T02:03:47","modified_gmt":"2026-04-15T23:03:47","slug":"canterbury-hikayeleri","status":"publish","type":"product","link":"https:\/\/roveyayinevi.com.tr\/index.php\/urun\/canterbury-hikayeleri\/","title":{"rendered":"Canterbury Hikayeleri"},"content":{"rendered":"<p>\u0130ngiliz yazarlar\u0131n\u0131n \u201cbizim Homeros\u2019umuz\u201c, \u201cbizim Goethe\u2019miz\u201c s\u00f6zleriyle \u00f6vd\u00fckleri Geoffrey Chaucer (1342\/43-1400), Shakespeare \u00f6ncesi \u0130ngiliz edebiyat\u0131n\u0131n en b\u00fcy\u00fck \u015fairlerindendir. Chaucer\u2019\u0131n \u00f6nemi b\u00fcy\u00fck \u00f6l\u00e7\u00fcde, John Gower gibi \u00e7a\u011fda\u015flar\u0131 hem Latince ve Frans\u0131zca hem de \u0130ngilizce yazarlarken, yap\u0131tlar\u0131nda sadece \u0130ngilizceyi kullanm\u0131\u015f olmas\u0131ndan kaynaklan\u0131r. Chaucer, bu \u00f6zelli\u011fiyle \u201c\u0130ngiliz\u201c edebiyat\u0131n\u0131n \u201cbabas\u0131\u201c kabul edilmektedir.Chaucer\u2019\u0131n olgunluk d\u00f6nemi \u00fcr\u00fcn\u00fc olan Canterbury Hik\u00e2yeleri, neredeyse b\u00fct\u00fcn \u00e7a\u011flar\u0131n en yayg\u0131n edebi formu olan \u201cbir \u00e7er\u00e7eve \u00f6yk\u00fc i\u00e7inde \u00f6yk\u00fcler dizisi\u201c \u00f6rne\u011fine uygun olarak tasarlanm\u0131\u015ft\u0131r. Ancak, dilindeki ve anlat\u0131m\u0131ndaki olgunlu\u011fun yan\u0131s\u0131ra, \u00f6yk\u00fcleri de\u011fi\u015fik ki\u015filerin anlatmas\u0131, bu ki\u015filerin betimlenmesindeki canl\u0131l\u0131k ve anlat\u0131c\u0131yla \u00f6yk\u00fcs\u00fc aras\u0131ndaki ili\u015fkilerin de verilmesi gibi \u00f6zellikleri, yap\u0131t\u0131 benzeri dizi \u00f6yk\u00fclerden ay\u0131rmaktad\u0131r. \u0130ngiliz edebiyat\u0131n\u0131n bu temel ba\u015fyap\u0131t\u0131n\u0131, orta \u0130ngilizce asl\u0131ndan yap\u0131lan tam metin \u00e7evirisiyle sunuyoruz. <\/p>\n","protected":false},"excerpt":{"rendered":"<p>\u0130ngiliz yazarlar\u0131n\u0131n \u201cbizim Homeros\u2019umuz\u201c, \u201cbizim Goethe\u2019miz\u201c s\u00f6zleriyle \u00f6vd\u00fckleri Geoffrey Chaucer (1342\/43-1400), Shakespeare \u00f6ncesi \u0130ngiliz edebiyat\u0131n\u0131n en b\u00fcy\u00fck \u015fairlerindendir. Chaucer\u2019\u0131n \u00f6nemi b\u00fcy\u00fck \u00f6l\u00e7\u00fcde, John Gower gibi \u00e7a\u011fda\u015flar\u0131<span class=\"excerpt-hellip\"> [\u2026]<\/span><\/p>\n","protected":false},"featured_media":0,"template":"","meta":{"_monsterinsights_skip_tracking":false,"_monsterinsights_sitenote_active":false,"_monsterinsights_sitenote_note":"","_monsterinsights_sitenote_category":0},"product_brand":[],"product_cat":[12291,12745],"product_tag":[],"class_list":{"0":"post-693813","1":"product","2":"type-product","3":"status-publish","5":"product_cat-edebiyat","6":"product_cat-tarihi-roman","7":"pa_cilt-ciltsiz","8":"pa_tur-kitap","9":"pa_yayinevi-yapi-kredi-yayinlari","10":"pa_yazar-geoffrey-chaucer","12":"first","13":"instock","14":"sale","15":"shipping-taxable","16":"purchasable","17":"product-type-simple"},"_links":{"self":[{"href":"https:\/\/roveyayinevi.com.tr\/index.php\/wp-json\/wp\/v2\/product\/693813","targetHints":{"allow":["GET"]}}],"collection":[{"href":"https:\/\/roveyayinevi.com.tr\/index.php\/wp-json\/wp\/v2\/product"}],"about":[{"href":"https:\/\/roveyayinevi.com.tr\/index.php\/wp-json\/wp\/v2\/types\/product"}],"wp:attachment":[{"href":"https:\/\/roveyayinevi.com.tr\/index.php\/wp-json\/wp\/v2\/media?parent=693813"}],"wp:term":[{"taxonomy":"product_brand","embeddable":true,"href":"https:\/\/roveyayinevi.com.tr\/index.php\/wp-json\/wp\/v2\/product_brand?post=693813"},{"taxonomy":"product_cat","embeddable":true,"href":"https:\/\/roveyayinevi.com.tr\/index.php\/wp-json\/wp\/v2\/product_cat?post=693813"},{"taxonomy":"product_tag","embeddable":true,"href":"https:\/\/roveyayinevi.com.tr\/index.php\/wp-json\/wp\/v2\/product_tag?post=693813"}],"curies":[{"name":"wp","href":"https:\/\/api.w.org\/{rel}","templated":true}]}}