{"id":693805,"date":"2025-08-27T14:16:35","date_gmt":"2025-08-27T11:16:35","guid":{"rendered":"https:\/\/roveyayinevi.com.tr\/index.php\/urun\/binbogalar-efsanesi\/"},"modified":"2026-04-16T02:03:47","modified_gmt":"2026-04-15T23:03:47","slug":"binbogalar-efsanesi","status":"publish","type":"product","link":"https:\/\/roveyayinevi.com.tr\/index.php\/urun\/binbogalar-efsanesi\/","title":{"rendered":"Binbo\u011falar Efsanesi"},"content":{"rendered":"<p>Y\u00fczy\u0131llarca yerle\u015fik d\u00fczene ge\u00e7memek i\u00e7in direnen T\u00fcrkmenler&#8217;in roman\u0131 Binbo\u011falar Efsanesi H\u0131drellez \u015fenliklerinde, g\u00f6\u00e7erlerin k\u0131\u015f i\u00e7in s\u0131\u011f\u0131nacak topraklar bulma dilekleriyle ba\u015flar. Ancak, k\u0131\u015f onlar i\u00e7in bir yok olu\u015f \u00f6yk\u00fcs\u00fcn d\u00f6n\u00fc\u015fecektir. Y\u00f6r\u00fcklerin yok olu\u015funa yak\u0131lm\u0131\u015f bir a\u011f\u0131t. Ya\u015far Kemal bir k\u00fclt\u00fcr\u00fcn nas\u0131l yitti\u011fini Binbo\u011falar Efsanesi ile sars\u0131c\u0131 bir bi\u00e7imde betimledi. Allan Sandstr\u00f6m, Wasterbottes Kurrien, (\u0130sve\u00e7) Ya\u015far Kemal&#8217;in yazd\u0131klar\u0131, bu evrenin \u00e7\u00f6k\u00fc\u015f\u00fcn\u00fc, ondokuzuncu y\u00fczy\u0131lda ba\u015flat\u0131lan ve yirminci y\u00fczy\u0131lda ans\u0131z\u0131n piyasa ekonomisine ge\u00e7ilmesiyle sonu\u00e7lar\u0131 \u015fa\u015f\u0131rt\u0131c\u0131 boyuta ula\u015fan zorunlu yerle\u015fik ya\u015fam\u0131n getirdi\u011fi tarihsel \u00e7\u00f6k\u00fc\u015f\u00fc anlat\u0131r. Jean-Pierre Deleage, (Fransa) Ya\u015far Kemal&#8217;in g\u00f6rkemli, \u015fiirsel, ayn\u0131 zamanda modern anlat\u0131m tarz\u0131 sonsuz s\u00fcr\u00fckleyici&#8230; O, Kazancakis ve Neruda gibi klasik &#8216;b\u00fcy\u00fck tarz\u0131&#8217;\u0131 y\u00fcceltti. Majbritt Sj\u00f6din-Hans Artberg, Folket, (\u0130sve\u00e7) Zengin bir gelene\u011fin h\u00fcz\u00fcnl\u00fc, yava\u015f masal\u0131&#8230; Daily Telegraph, (\u0130ngiltere) \u0130nsan\u0131 canlad\u0131racak basitlikte, g\u00fczel ahlaki bir \u00f6yk\u00fc&#8230; Birmingham Post, (\u0130ngiltere) <\/p>\n","protected":false},"excerpt":{"rendered":"<p>Y\u00fczy\u0131llarca yerle\u015fik d\u00fczene ge\u00e7memek i\u00e7in direnen T\u00fcrkmenler&#8217;in roman\u0131 Binbo\u011falar Efsanesi H\u0131drellez \u015fenliklerinde, g\u00f6\u00e7erlerin k\u0131\u015f i\u00e7in s\u0131\u011f\u0131nacak topraklar bulma dilekleriyle ba\u015flar. Ancak, k\u0131\u015f onlar i\u00e7in bir yok<span class=\"excerpt-hellip\"> [\u2026]<\/span><\/p>\n","protected":false},"featured_media":0,"template":"","meta":{"_monsterinsights_skip_tracking":false,"_monsterinsights_sitenote_active":false,"_monsterinsights_sitenote_note":"","_monsterinsights_sitenote_category":0},"product_brand":[],"product_cat":[12291,12292],"product_tag":[],"class_list":{"0":"post-693805","1":"product","2":"type-product","3":"status-publish","5":"product_cat-edebiyat","6":"product_cat-turk-edebiyati","7":"pa_cilt-ciltsiz","8":"pa_tur-kitap","9":"pa_yayinevi-yapi-kredi-yayinlari","10":"pa_yazar-yasar-kemal","12":"first","13":"instock","14":"sale","15":"shipping-taxable","16":"purchasable","17":"product-type-simple"},"_links":{"self":[{"href":"https:\/\/roveyayinevi.com.tr\/index.php\/wp-json\/wp\/v2\/product\/693805","targetHints":{"allow":["GET"]}}],"collection":[{"href":"https:\/\/roveyayinevi.com.tr\/index.php\/wp-json\/wp\/v2\/product"}],"about":[{"href":"https:\/\/roveyayinevi.com.tr\/index.php\/wp-json\/wp\/v2\/types\/product"}],"wp:attachment":[{"href":"https:\/\/roveyayinevi.com.tr\/index.php\/wp-json\/wp\/v2\/media?parent=693805"}],"wp:term":[{"taxonomy":"product_brand","embeddable":true,"href":"https:\/\/roveyayinevi.com.tr\/index.php\/wp-json\/wp\/v2\/product_brand?post=693805"},{"taxonomy":"product_cat","embeddable":true,"href":"https:\/\/roveyayinevi.com.tr\/index.php\/wp-json\/wp\/v2\/product_cat?post=693805"},{"taxonomy":"product_tag","embeddable":true,"href":"https:\/\/roveyayinevi.com.tr\/index.php\/wp-json\/wp\/v2\/product_tag?post=693805"}],"curies":[{"name":"wp","href":"https:\/\/api.w.org\/{rel}","templated":true}]}}