{"id":693799,"date":"2025-08-27T14:16:34","date_gmt":"2025-08-27T11:16:34","guid":{"rendered":"https:\/\/roveyayinevi.com.tr\/index.php\/urun\/olumcul-kuvvetler\/"},"modified":"2026-04-16T02:03:47","modified_gmt":"2026-04-15T23:03:47","slug":"olumcul-kuvvetler","status":"publish","type":"product","link":"https:\/\/roveyayinevi.com.tr\/index.php\/urun\/olumcul-kuvvetler\/","title":{"rendered":"\u00d6l\u00fcmc\u00fcl Kuvvetler"},"content":{"rendered":"<p>\u0130\u00e7inde garip par\u00e7ac\u0131klar olan bir bilim! \u00d6l\u00fcmc\u00fcl kuvvetler sizi \u015fa\u015fk\u0131na \u00e7evirecek. Bilimin s\u0131rlar\u0131n\u0131 ke\u015ffetmeye haz\u0131r m\u0131s\u0131n\u0131z? Kulaklar\u0131n\u0131z bisikletten d\u00fc\u015fmenizi nas\u0131l engeller? Yer\u00e7ekimi y\u00fcz\u00fcnden neden kafan\u0131z\u0131 kaybedebilirsiniz? Ba\u011f\u0131rsaklar\u0131n\u0131z uzayda ni\u00e7in patlayabilir? E\u011fer midenizin t\u00fcm bunlar\u0131 kald\u0131rabilece\u011fini d\u00fc\u015f\u00fcn\u00fcyorsan\u0131z, kuvvetler hakk\u0131ndaki inan\u0131lmaz ger\u00e7ekleri mutlaka okuyun. Ay\u0131n uzayda d\u00fc\u015fmeden nas\u0131l durdu\u011funu, t\u0131rnaklar\u0131n\u0131z\u0131n ne kadar uzad\u0131\u011f\u0131n\u0131 ve zeki bir bilim adam\u0131n\u0131n kafas\u0131na elma d\u00fc\u015f\u00fcnce neler oldu\u011funu ke\u015ffedin. Acayip bilgi dosyalar\u0131 ve garip s\u0131navlarla bilginizi test edin ve \u00f6\u011fretmenlerinizi g\u0131c\u0131k edin. \u00d6l\u00fcmc\u00fcl Kuvvetler tam size g\u00f6re. Bilim hi\u00e7 bu kadar e\u011flenceli olmam\u0131\u015ft\u0131!<\/p>\n","protected":false},"excerpt":{"rendered":"<p>\u0130\u00e7inde garip par\u00e7ac\u0131klar olan bir bilim! \u00d6l\u00fcmc\u00fcl kuvvetler sizi \u015fa\u015fk\u0131na \u00e7evirecek. Bilimin s\u0131rlar\u0131n\u0131 ke\u015ffetmeye haz\u0131r m\u0131s\u0131n\u0131z? Kulaklar\u0131n\u0131z bisikletten d\u00fc\u015fmenizi nas\u0131l engeller? Yer\u00e7ekimi y\u00fcz\u00fcnden neden kafan\u0131z\u0131 kaybedebilirsiniz?<span class=\"excerpt-hellip\"> [\u2026]<\/span><\/p>\n","protected":false},"featured_media":0,"template":"","meta":{"_monsterinsights_skip_tracking":false,"_monsterinsights_sitenote_active":false,"_monsterinsights_sitenote_note":"","_monsterinsights_sitenote_category":0},"product_brand":[],"product_cat":[22249,13527],"product_tag":[],"class_list":{"0":"post-693799","1":"product","2":"type-product","3":"status-publish","5":"product_cat-bilim","6":"product_cat-sureli-yayinlar","7":"pa_cilt-ciltsiz","8":"pa_tur-kitap","9":"pa_yayinevi-eglenceli-bilgi-yayinlari","10":"pa_yazar-nick-arnold","12":"first","13":"instock","14":"sale","15":"shipping-taxable","16":"purchasable","17":"product-type-simple"},"_links":{"self":[{"href":"https:\/\/roveyayinevi.com.tr\/index.php\/wp-json\/wp\/v2\/product\/693799","targetHints":{"allow":["GET"]}}],"collection":[{"href":"https:\/\/roveyayinevi.com.tr\/index.php\/wp-json\/wp\/v2\/product"}],"about":[{"href":"https:\/\/roveyayinevi.com.tr\/index.php\/wp-json\/wp\/v2\/types\/product"}],"wp:attachment":[{"href":"https:\/\/roveyayinevi.com.tr\/index.php\/wp-json\/wp\/v2\/media?parent=693799"}],"wp:term":[{"taxonomy":"product_brand","embeddable":true,"href":"https:\/\/roveyayinevi.com.tr\/index.php\/wp-json\/wp\/v2\/product_brand?post=693799"},{"taxonomy":"product_cat","embeddable":true,"href":"https:\/\/roveyayinevi.com.tr\/index.php\/wp-json\/wp\/v2\/product_cat?post=693799"},{"taxonomy":"product_tag","embeddable":true,"href":"https:\/\/roveyayinevi.com.tr\/index.php\/wp-json\/wp\/v2\/product_tag?post=693799"}],"curies":[{"name":"wp","href":"https:\/\/api.w.org\/{rel}","templated":true}]}}