{"id":693794,"date":"2025-08-27T14:16:33","date_gmt":"2025-08-27T11:16:33","guid":{"rendered":"https:\/\/roveyayinevi.com.tr\/index.php\/urun\/olmez-agacin-pesindekucuk-boy\/"},"modified":"2026-02-27T02:04:47","modified_gmt":"2026-02-26T23:04:47","slug":"olmez-agacin-pesindekucuk-boy","status":"publish","type":"product","link":"https:\/\/roveyayinevi.com.tr\/index.php\/urun\/olmez-agacin-pesindekucuk-boy\/","title":{"rendered":"\u00d6lmez A\u011fac\u0131n Pe\u015finde(K\u00fc\u00e7\u00fck Boy)"},"content":{"rendered":"<p>Efsaneye g\u00f6re, Havva ile birlikte cennetten yery\u00fcz\u00fcne kovulan \u00c2dem 930 ya\u015f\u0131ndayken \u00f6lece\u011fini hisseder ve Tanr\u0131&#8217;dan kendisini ve dolay\u0131s\u0131yla t\u00fcm insanl\u0131\u011f\u0131 ba\u011f\u0131\u015flamas\u0131n\u0131 dilemeye karar verir. Bu ama\u00e7la o\u011flu \u015eit&#8217;i Cennet Bah\u00e7esi&#8217;ne g\u00f6nderir. Bah\u00e7enin bek\u00e7ili\u011fini yapan melek, \u015eit&#8217;in duas\u0131 \u00fczerine \u0130yi-K\u00f6t\u00fc A\u011fac\u0131&#8217;ndan ald\u0131\u011f\u0131 \u00fc\u00e7 tohumu ona verir ve \u00f6ld\u00fckten sonra babas\u0131n\u0131n a\u011fz\u0131na koyup \u00f6yle g\u00f6mmesini s\u00f6yler. \u00c2dem \u00f6l\u00fcr ve Tabor Da\u011f\u0131 yak\u0131n\u0131nda Hebron Vadisi&#8217;ne g\u00f6m\u00fcl\u00fcr. \u00c2dem a\u011fz\u0131nda ye\u015feren ve k\u00f6k salan \u00fc\u00e7 tohumdan Akdeniz ikliminin simgesi \u00fc\u00e7 a\u011fa\u00e7 filiz verir: Zeytin, sedir ve servi&#8230; Akdeniz efsanelerinde ad\u0131 \u00d6lmez A\u011fa\u00e7 ya da Hayat A\u011fac\u0131 olarak ge\u00e7en zeytin a\u011fac\u0131, antik \u00e7a\u011flardan beri insano\u011flunun hayat\u0131n\u0131n i\u00e7inde olmu\u015f, kimi zaman meyvas\u0131yla kimi zaman ya\u011f\u0131yla insanl\u0131\u011fa sa\u011fl\u0131k, lezzet ve g\u00fczellik vaat etmi\u015f. Zeytinin ve zeytinya\u011f\u0131n\u0131n \u00f6yk\u00fcs\u00fc h\u00e2l\u00e2 devam ediyor. Artun \u00dcnsal dini metinlerde kutsal kabul edilen bu a\u011fac\u0131n, meyvas\u0131n\u0131n ve ya\u011f\u0131n\u0131n ser\u00fcvenini yazd\u0131: zeytinin anayurdu olan Akdeniz co\u011frafyas\u0131 i\u00e7inde \u00f6nemli bir yer tutan Anadolu&#8217;daki b\u00fcy\u00fck ser\u00fcvenini. \u0130lk\u00e7a\u011flarda zeytinya\u011f\u0131 elde edili\u015finden g\u00fcn\u00fcm\u00fczde zeyinya\u011f\u0131 teknolojisine, a\u011fac\u0131n tar\u0131msal \u00f6zelliklerinden bug\u00fcnk\u00fc ekonomik hayat i\u00e7indeki yerine kadar zeytinimizi ve zeytinya\u011f\u0131m\u0131z\u0131 t\u00fcm y\u00f6nleriyle ku\u015fatan bu kitap, o alt\u0131n s\u0131v\u0131ya ili\u015fkin bilgi da\u011farc\u0131\u011f\u0131m\u0131z\u0131 alabildi\u011fine geni\u015fletiyor. \ufffcTan\u0131t\u0131m Metni<\/p>\n","protected":false},"excerpt":{"rendered":"<p>Efsaneye g\u00f6re, Havva ile birlikte cennetten yery\u00fcz\u00fcne kovulan \u00c2dem 930 ya\u015f\u0131ndayken \u00f6lece\u011fini hisseder ve Tanr\u0131&#8217;dan kendisini ve dolay\u0131s\u0131yla t\u00fcm insanl\u0131\u011f\u0131 ba\u011f\u0131\u015flamas\u0131n\u0131 dilemeye karar verir. Bu ama\u00e7la<span class=\"excerpt-hellip\"> [\u2026]<\/span><\/p>\n","protected":false},"featured_media":0,"template":"","meta":{"_monsterinsights_skip_tracking":false,"_monsterinsights_sitenote_active":false,"_monsterinsights_sitenote_note":"","_monsterinsights_sitenote_category":0},"product_brand":[],"product_cat":[22706,12457],"product_tag":[],"class_list":{"0":"post-693794","1":"product","2":"type-product","3":"status-publish","5":"product_cat-dunya-mutfagi","6":"product_cat-yemek-kitaplari","7":"pa_cilt-ciltsiz","8":"pa_tur-kitap","9":"pa_yayinevi-yapi-kredi-yayinlari-sanat","10":"pa_yazar-artun-unsal","12":"first","13":"instock","14":"sale","15":"shipping-taxable","16":"purchasable","17":"product-type-simple"},"_links":{"self":[{"href":"https:\/\/roveyayinevi.com.tr\/index.php\/wp-json\/wp\/v2\/product\/693794","targetHints":{"allow":["GET"]}}],"collection":[{"href":"https:\/\/roveyayinevi.com.tr\/index.php\/wp-json\/wp\/v2\/product"}],"about":[{"href":"https:\/\/roveyayinevi.com.tr\/index.php\/wp-json\/wp\/v2\/types\/product"}],"wp:attachment":[{"href":"https:\/\/roveyayinevi.com.tr\/index.php\/wp-json\/wp\/v2\/media?parent=693794"}],"wp:term":[{"taxonomy":"product_brand","embeddable":true,"href":"https:\/\/roveyayinevi.com.tr\/index.php\/wp-json\/wp\/v2\/product_brand?post=693794"},{"taxonomy":"product_cat","embeddable":true,"href":"https:\/\/roveyayinevi.com.tr\/index.php\/wp-json\/wp\/v2\/product_cat?post=693794"},{"taxonomy":"product_tag","embeddable":true,"href":"https:\/\/roveyayinevi.com.tr\/index.php\/wp-json\/wp\/v2\/product_tag?post=693794"}],"curies":[{"name":"wp","href":"https:\/\/api.w.org\/{rel}","templated":true}]}}