{"id":693792,"date":"2025-08-27T14:16:32","date_gmt":"2025-08-27T11:16:32","guid":{"rendered":"https:\/\/roveyayinevi.com.tr\/index.php\/urun\/bizans-tarihi\/"},"modified":"2026-04-16T02:03:47","modified_gmt":"2026-04-15T23:03:47","slug":"bizans-tarihi","status":"publish","type":"product","link":"https:\/\/roveyayinevi.com.tr\/index.php\/urun\/bizans-tarihi\/","title":{"rendered":"Bizans Tarihi"},"content":{"rendered":"<p>\u00d6nde gelen Bizans tarih\u00e7ilerinden Timothy E. Gregory, kapsaml\u0131 ara\u015ft\u0131rmas\u0131 Bizans Tarihi&#8217;nde co\u011frafi ve k\u00fclt\u00fcrel miras\u00e7\u0131s\u0131 oldu\u011fumuz Bizans \u0130mparatorlu\u011fu&#8217;nun tarih i\u00e7indeki ser\u00fcvenine \u0131\u015f\u0131k tutuyor. Bizans \u0130mparatorlu\u011fu&#8217;nu Constantinus d\u00f6neminden (MS 306) Konstantinopolis&#8217;in 1453&#8217;teki d\u00fc\u015f\u00fc\u015f\u00fcne dek izleyen \u00e7al\u0131\u015fma, geleneksel siyasi anlat\u0131m\u0131 \u00e7arp\u0131c\u0131 k\u00fclt\u00fcrel \u00f6\u011felerden kesitlerle harmanlamay\u0131 ba\u015far\u0131yor. Heretiklerden manast\u0131r hayat\u0131na, sarayl\u0131 kad\u0131nlardan travesti rahibelere, imparatorlardan s\u0131radan Bizansl\u0131lar\u0131n ya\u015fant\u0131s\u0131na, Bizans k\u00fclt\u00fcr\u00fcn\u00fcn zenginli\u011fini ortaya koyuyor ve Bizans&#8217;a dair kal\u0131pla\u015fm\u0131\u015f fikirleri yerinden ediyor.<\/p>\n","protected":false},"excerpt":{"rendered":"<p>\u00d6nde gelen Bizans tarih\u00e7ilerinden Timothy E. Gregory, kapsaml\u0131 ara\u015ft\u0131rmas\u0131 Bizans Tarihi&#8217;nde co\u011frafi ve k\u00fclt\u00fcrel miras\u00e7\u0131s\u0131 oldu\u011fumuz Bizans \u0130mparatorlu\u011fu&#8217;nun tarih i\u00e7indeki ser\u00fcvenine \u0131\u015f\u0131k tutuyor. Bizans \u0130mparatorlu\u011fu&#8217;nu Constantinus<span class=\"excerpt-hellip\"> [\u2026]<\/span><\/p>\n","protected":false},"featured_media":0,"template":"","meta":{"_monsterinsights_skip_tracking":false,"_monsterinsights_sitenote_active":false,"_monsterinsights_sitenote_note":"","_monsterinsights_sitenote_category":0},"product_brand":[],"product_cat":[13590,12337],"product_tag":[],"class_list":{"0":"post-693792","1":"product","2":"type-product","3":"status-publish","5":"product_cat-arastirma-inceleme-politika-siyaset","6":"product_cat-politika-siyaset","7":"pa_cilt-ciltsiz","8":"pa_tur-kitap","9":"pa_yayinevi-yapi-kredi-yayinlari","10":"pa_yazar-timothy-e-gregory","12":"first","13":"instock","14":"sale","15":"shipping-taxable","16":"purchasable","17":"product-type-simple"},"_links":{"self":[{"href":"https:\/\/roveyayinevi.com.tr\/index.php\/wp-json\/wp\/v2\/product\/693792","targetHints":{"allow":["GET"]}}],"collection":[{"href":"https:\/\/roveyayinevi.com.tr\/index.php\/wp-json\/wp\/v2\/product"}],"about":[{"href":"https:\/\/roveyayinevi.com.tr\/index.php\/wp-json\/wp\/v2\/types\/product"}],"wp:attachment":[{"href":"https:\/\/roveyayinevi.com.tr\/index.php\/wp-json\/wp\/v2\/media?parent=693792"}],"wp:term":[{"taxonomy":"product_brand","embeddable":true,"href":"https:\/\/roveyayinevi.com.tr\/index.php\/wp-json\/wp\/v2\/product_brand?post=693792"},{"taxonomy":"product_cat","embeddable":true,"href":"https:\/\/roveyayinevi.com.tr\/index.php\/wp-json\/wp\/v2\/product_cat?post=693792"},{"taxonomy":"product_tag","embeddable":true,"href":"https:\/\/roveyayinevi.com.tr\/index.php\/wp-json\/wp\/v2\/product_tag?post=693792"}],"curies":[{"name":"wp","href":"https:\/\/api.w.org\/{rel}","templated":true}]}}