{"id":693791,"date":"2025-08-27T14:16:32","date_gmt":"2025-08-27T11:16:32","guid":{"rendered":"https:\/\/roveyayinevi.com.tr\/index.php\/urun\/bitik-adam\/"},"modified":"2026-04-16T02:03:47","modified_gmt":"2026-04-15T23:03:47","slug":"bitik-adam","status":"publish","type":"product","link":"https:\/\/roveyayinevi.com.tr\/index.php\/urun\/bitik-adam\/","title":{"rendered":"Bitik Adam"},"content":{"rendered":"<p>Thomas Bernhard\u2019\u0131n son d\u00f6nem eserlerinden, b\u00fcy\u00fck ilgi g\u00f6ren roman\u0131 B\u0130T\u0130K ADAM Salzburg\u2019da Horowitz ustal\u0131k s\u0131n\u0131f\u0131 kursunda tan\u0131\u015fan \u00fc\u00e7 piyano \u00f6\u011frencisinin kurmaca hik\u00e2yesine odaklan\u0131r. S\u00f6z konusu tan\u0131\u015fman\u0131n 28 y\u0131l sonras\u0131nda, \u201cy\u00fczy\u0131l\u0131n en \u00f6nemli piyano virt\u00fc\u00f6z\u00fc\u201d Glenn Gould \u00fczerine bir eser yazmakta olan anlat\u0131c\u0131, ya\u015fad\u0131\u011f\u0131 Madrid\u2019de, arkada\u015f\u0131 Wertheimer\u2019in \u00f6l\u00fcm haberini veren bir telgraf al\u0131r. Glenn Gould\u2019un m\u00fczikal dehas\u0131n\u0131n b\u00fcy\u00fckl\u00fc\u011f\u00fc kar\u015f\u0131s\u0131nda, anlat\u0131c\u0131 \u00e7a\u011f\u0131n\u0131n \u201cd\u00fcnya g\u00f6r\u00fc\u015f\u00fc sanat\u00e7\u0131s\u0131\u201dna d\u00f6n\u00fc\u015f\u00fcrken Wertheimer geri d\u00f6n\u00fc\u015fs\u00fcz bir varolu\u015f bunal\u0131m\u0131na s\u00fcr\u00fcklenerek intihar etmi\u015ftir. Anlat\u0131c\u0131 \u201cGlenn \u00dczerine Deneme\u201d adl\u0131 \u00e7al\u0131\u015fmas\u0131n\u0131 d\u00fc\u015f\u00fcnmeyi s\u00fcrd\u00fcrd\u00fck\u00e7e Glenn Gould\u2019un kendisine takt\u0131\u011f\u0131 adla \u201cbitik adam\u201d Wertheimer hakk\u0131ndaki d\u00fc\u015f\u00fcnceleri ayd\u0131nl\u0131\u011fa kavu\u015fur.     Bitik Adam: J. S. Bach\u2019\u0131n Goldberg Varyasyonlar\u0131 e\u015fli\u011finde, kesintisiz bir i\u00e7 monolog; tak\u0131nt\u0131l\u0131, birinci s\u0131n\u0131f bir kara komedi \u00f6rne\u011fi.       Bernhard\u2019\u0131n d\u00fczyaz\u0131s\u0131 hipnotize edici, durdurulamaz, d\u00fc\u015f\u00fcncenin kendisi kadar h\u0131zl\u0131. B\u00fct\u00fcn b\u00fcy\u00fck yazarlar gibi her an her \u015feyi s\u00f6yleyebilece\u011fi d\u00fc\u015f\u00fcncesi uyand\u0131r\u0131yor.   The Washington Post Book World <\/p>\n","protected":false},"excerpt":{"rendered":"<p>Thomas Bernhard\u2019\u0131n son d\u00f6nem eserlerinden, b\u00fcy\u00fck ilgi g\u00f6ren roman\u0131 B\u0130T\u0130K ADAM Salzburg\u2019da Horowitz ustal\u0131k s\u0131n\u0131f\u0131 kursunda tan\u0131\u015fan \u00fc\u00e7 piyano \u00f6\u011frencisinin kurmaca hik\u00e2yesine odaklan\u0131r. S\u00f6z konusu tan\u0131\u015fman\u0131n<span class=\"excerpt-hellip\"> [\u2026]<\/span><\/p>\n","protected":false},"featured_media":0,"template":"","meta":{"_monsterinsights_skip_tracking":false,"_monsterinsights_sitenote_active":false,"_monsterinsights_sitenote_note":"","_monsterinsights_sitenote_category":0},"product_brand":[],"product_cat":[12782,12291],"product_tag":[],"class_list":{"0":"post-693791","1":"product","2":"type-product","3":"status-publish","5":"product_cat-alman-edebiyati","6":"product_cat-edebiyat","7":"pa_cilt-ciltsiz","8":"pa_tur-kitap","9":"pa_yayinevi-yapi-kredi-yayinlari","10":"pa_yazar-thomas-bernhard","12":"first","13":"instock","14":"sale","15":"shipping-taxable","16":"purchasable","17":"product-type-simple"},"_links":{"self":[{"href":"https:\/\/roveyayinevi.com.tr\/index.php\/wp-json\/wp\/v2\/product\/693791","targetHints":{"allow":["GET"]}}],"collection":[{"href":"https:\/\/roveyayinevi.com.tr\/index.php\/wp-json\/wp\/v2\/product"}],"about":[{"href":"https:\/\/roveyayinevi.com.tr\/index.php\/wp-json\/wp\/v2\/types\/product"}],"wp:attachment":[{"href":"https:\/\/roveyayinevi.com.tr\/index.php\/wp-json\/wp\/v2\/media?parent=693791"}],"wp:term":[{"taxonomy":"product_brand","embeddable":true,"href":"https:\/\/roveyayinevi.com.tr\/index.php\/wp-json\/wp\/v2\/product_brand?post=693791"},{"taxonomy":"product_cat","embeddable":true,"href":"https:\/\/roveyayinevi.com.tr\/index.php\/wp-json\/wp\/v2\/product_cat?post=693791"},{"taxonomy":"product_tag","embeddable":true,"href":"https:\/\/roveyayinevi.com.tr\/index.php\/wp-json\/wp\/v2\/product_tag?post=693791"}],"curies":[{"name":"wp","href":"https:\/\/api.w.org\/{rel}","templated":true}]}}