{"id":693789,"date":"2025-08-27T14:16:31","date_gmt":"2025-08-27T11:16:31","guid":{"rendered":"https:\/\/roveyayinevi.com.tr\/index.php\/urun\/biraz-kuslar-azicik-allah\/"},"modified":"2026-04-16T02:03:46","modified_gmt":"2026-04-15T23:03:46","slug":"biraz-kuslar-azicik-allah","status":"publish","type":"product","link":"https:\/\/roveyayinevi.com.tr\/index.php\/urun\/biraz-kuslar-azicik-allah\/","title":{"rendered":"Biraz Ku\u015flar, Az\u0131c\u0131k Allah"},"content":{"rendered":"<p>Biraz Ku\u015flar, Az\u0131c\u0131k Allah, ad\u0131ndan da anla\u015f\u0131laca\u011f\u0131 gibi, \u00e7ocuksu cinliklerle dolu ama yaz\u0131nsal derinlikleri olanbir ilk kitap&#8230; G\u00f6khan Y\u0131lmaz&#8217;\u0131n, dili bir oyun hamuruna \u00e7evirdi\u011fi, yineleme ve yank\u0131lamaya dayal\u0131 sessel \u00e7a\u011fr\u0131\u015f\u0131mlar\u0131 kovayarak anlam \u00fcretti\u011fi \u00f6yk\u00fclerden olu\u015fuyor. Yaz\u0131nsal g\u00f6ndermelerdeki keskin ironi,tam u\u00e7 verdi\u011fi yerde \u00f6yk\u00fclemeyi reddeden, kurmacay\u0131 sabote eden anlat\u0131m metne bamba\u015fka katmanlar ekliyor. Oyunbaz bir dil, zekice karikat\u00fcrize edilmi\u015f ki\u015filer, k\u0131vrak bir anlat\u0131m&#8230; \u00d6yk\u00fcc\u00fcl\u00fc\u011f\u00fcm\u00fcze kendine \u00f6zg\u00fc bir yakla\u015f\u0131m getiren gen\u00e7 bir yazar&#8230; &#8230;seslendim d\u00f6nd\u00fc bakt\u0131 korkmu\u015ftu ben \u00f6yk\u00fcc\u00fcyam dedim \u00f6yk\u00fcler yaz\u0131yorum ve bilirsiniz antoN\u00c7ehov bir atlet olsayd\u0131 hangi rekoru k\u0131rard\u0131 i\u00e7ses bir yazar\u0131n radarlar\u0131 hep a\u00e7\u0131k olmal\u0131d\u0131r siz benim hayalimdeki \u00f6yk\u00fc kahraman\u0131s\u0131n\u0131z bunu bana d\u00fc\u015f\u00fcnd\u00fcrten \u015fey siyah topuklu ayakkab\u0131lar\u0131n\u0131z\u0131n topu\u011funun parlak cilas\u0131d\u0131r elbette ilgin\u00e7 ben ilgin\u00e7 bir yazar\u0131m sizi tan\u0131mak ve tan\u0131d\u0131k\u00e7a yazmak istiyorum evetevetevet kesinlikle siz benim ideal kahraman\u0131ms\u0131n\u0131z gregoRSamsa ile bile evlendirebilirim sizi nas\u0131l yard\u0131mc\u0131 olabilirim&#8230; <\/p>\n","protected":false},"excerpt":{"rendered":"<p>Biraz Ku\u015flar, Az\u0131c\u0131k Allah, ad\u0131ndan da anla\u015f\u0131laca\u011f\u0131 gibi, \u00e7ocuksu cinliklerle dolu ama yaz\u0131nsal derinlikleri olanbir ilk kitap&#8230; G\u00f6khan Y\u0131lmaz&#8217;\u0131n, dili bir oyun hamuruna \u00e7evirdi\u011fi, yineleme ve<span class=\"excerpt-hellip\"> [\u2026]<\/span><\/p>\n","protected":false},"featured_media":0,"template":"","meta":{"_monsterinsights_skip_tracking":false,"_monsterinsights_sitenote_active":false,"_monsterinsights_sitenote_note":"","_monsterinsights_sitenote_category":0},"product_brand":[],"product_cat":[12291,12292],"product_tag":[],"class_list":{"0":"post-693789","1":"product","2":"type-product","3":"status-publish","5":"product_cat-edebiyat","6":"product_cat-turk-edebiyati","7":"pa_cilt-ciltsiz","8":"pa_tur-kitap","9":"pa_yayinevi-yapi-kredi-yayinlari","10":"pa_yazar-gokhan-yilmaz","12":"first","13":"instock","14":"sale","15":"shipping-taxable","16":"purchasable","17":"product-type-simple"},"_links":{"self":[{"href":"https:\/\/roveyayinevi.com.tr\/index.php\/wp-json\/wp\/v2\/product\/693789","targetHints":{"allow":["GET"]}}],"collection":[{"href":"https:\/\/roveyayinevi.com.tr\/index.php\/wp-json\/wp\/v2\/product"}],"about":[{"href":"https:\/\/roveyayinevi.com.tr\/index.php\/wp-json\/wp\/v2\/types\/product"}],"wp:attachment":[{"href":"https:\/\/roveyayinevi.com.tr\/index.php\/wp-json\/wp\/v2\/media?parent=693789"}],"wp:term":[{"taxonomy":"product_brand","embeddable":true,"href":"https:\/\/roveyayinevi.com.tr\/index.php\/wp-json\/wp\/v2\/product_brand?post=693789"},{"taxonomy":"product_cat","embeddable":true,"href":"https:\/\/roveyayinevi.com.tr\/index.php\/wp-json\/wp\/v2\/product_cat?post=693789"},{"taxonomy":"product_tag","embeddable":true,"href":"https:\/\/roveyayinevi.com.tr\/index.php\/wp-json\/wp\/v2\/product_tag?post=693789"}],"curies":[{"name":"wp","href":"https:\/\/api.w.org\/{rel}","templated":true}]}}